{"id":133,"date":"2020-06-09T14:19:00","date_gmt":"2020-06-09T12:19:00","guid":{"rendered":"https:\/\/destination.parc-oise-paysdefrance.fr\/uk\/chateau-de-chantilly\/"},"modified":"2020-11-03T12:48:27","modified_gmt":"2020-11-03T11:48:27","slug":"chateau-de-chantilly","status":"publish","type":"page","link":"https:\/\/destination.parc-oise-paysdefrance.fr\/en\/history-heritage\/castles-chateaux\/chateau-de-chantilly\/","title":{"rendered":"Ch\u00e2teau de Chantilly"},"content":{"rendered":"\n<p>If you dream of life in a ch\u00e2teau, come and discover this <strong>ch\u00e2teau and its estate. <\/strong>The <strong>Ch\u00e2teau de Chantilly<\/strong> is reflected like an apparition in the ornamental lakes that surround it. In the foreground, its reflection reveals the &#8216;petit ch\u00e2teau&#8217;, a <strong>masterpiece of Renaissance architecture<\/strong>. In the background, the ch\u00e2teau with its large apartments rebuilt in the <strong>19th century<\/strong> by the <strong>Duke of Aumale<\/strong>.<\/p>\n\n\n\n<p>This princely residence, the only witness to the history of France from the Middle Ages, now houses one of the <a href=\"https:\/\/destination.parc-oise-paysdefrance.fr\/uk\/histoire-patrimoine\/les-musees\/musee-conde\/\" target=\"_blank\" rel=\"noreferrer noopener\"><strong>most beautiful art galleries of old paintings in France.<\/strong><\/a> Its <a href=\"https:\/\/destination.parc-oise-paysdefrance.fr\/uk\/histoire-patrimoine\/les-parcs-et-jardins\/parc-du-chateau-de-chantilly\/\" target=\"_blank\" rel=\"noreferrer noopener\"><strong>huge park<\/strong><\/a>, designed by Le N\u00f4tre at the end of the 17th century, offers the chance to enjoy some pleasant walks in search of <strong>secret treasures.<\/strong><\/p>\n\n\n\n<div class=\"wp-block-image\"><figure class=\"aligncenter size-large is-resized\"><img loading=\"lazy\" data-src=\"https:\/\/destination.parc-oise-paysdefrance.fr\/uk\/wp-content\/uploads\/sites\/2\/2020\/06\/Parc-chantilly-900x600.jpg\" alt=\"\" class=\"wp-image-917\" width=\"669\" height=\"446\" data-srcset=\"https:\/\/destination.parc-oise-paysdefrance.fr\/en\/wp-content\/uploads\/sites\/2\/2020\/06\/Parc-chantilly-900x600.jpg 900w, https:\/\/destination.parc-oise-paysdefrance.fr\/en\/wp-content\/uploads\/sites\/2\/2020\/06\/Parc-chantilly-200x133.jpg 200w, https:\/\/destination.parc-oise-paysdefrance.fr\/en\/wp-content\/uploads\/sites\/2\/2020\/06\/Parc-chantilly-650x433.jpg 650w, https:\/\/destination.parc-oise-paysdefrance.fr\/en\/wp-content\/uploads\/sites\/2\/2020\/06\/Parc-chantilly-280x187.jpg 280w, https:\/\/destination.parc-oise-paysdefrance.fr\/en\/wp-content\/uploads\/sites\/2\/2020\/06\/Parc-chantilly.jpg 1200w\" sizes=\"(max-width: 669px) 100vw, 669px\" \/><\/figure><\/div>\n\n\n\n<h2><strong><strong>Families close to the kings of France<\/strong><\/strong><\/h2>\n\n\n\n<p>At the end of the 11th century, Guy de Senlis, <strong>\u2018bouteiller\u2019 \u2013 Grand Butler \u2013 to the king (Louis VI)<\/strong>, settled in Chantilly, a marshy but strategic place. Taking on the name <strong>Bouteiller de Senlis<\/strong>, the family became very active in the region and kept the castle until the 14th century.<\/p>\n\n\n\n<p>Looted in 1358 during the Jacquerie, the premises were sold in 1386, to Pierre d&#8217;Orgemont, <strong>Chancellor to King<\/strong> <strong>Charles V<\/strong>. From then on, the estate was inherited rather than sold.<\/p>\n\n\n\n<p>The <strong>Orgemont family<\/strong> rebuilt the ch\u00e2teau and remained its owner for three generations, in the 14th and 15th centuries. In 1484, Pierre III d&#8217;Orgemont, childless, bequeathed Chantilly to his nephew, Guillaume de Montmorency.<\/p>\n\n\n\n<p>The powerful <strong>Montmorency family<\/strong> owned Chantilly from the 15th to the 17th century. Major modernisation work was carried out, notably by <strong>Anne de Montmorency<\/strong>, <strong>Constable of France,<\/strong> who was close to Fran\u00e7ois I and an admirer of <strong>Renaissance<\/strong> art.<\/p>\n\n\n\n<div class=\"wp-block-image\"><figure class=\"aligncenter size-large is-resized\"><img loading=\"lazy\" data-src=\"https:\/\/destination.parc-oise-paysdefrance.fr\/uk\/wp-content\/uploads\/sites\/2\/2020\/06\/Ch\u00e2teau-Chantilly-4-450x600.jpg\" alt=\"\" class=\"wp-image-1213\" width=\"350\" height=\"467\" data-srcset=\"https:\/\/destination.parc-oise-paysdefrance.fr\/en\/wp-content\/uploads\/sites\/2\/2020\/06\/Ch\u00e2teau-Chantilly-4-450x600.jpg 450w, https:\/\/destination.parc-oise-paysdefrance.fr\/en\/wp-content\/uploads\/sites\/2\/2020\/06\/Ch\u00e2teau-Chantilly-4-200x267.jpg 200w, https:\/\/destination.parc-oise-paysdefrance.fr\/en\/wp-content\/uploads\/sites\/2\/2020\/06\/Ch\u00e2teau-Chantilly-4-650x867.jpg 650w, https:\/\/destination.parc-oise-paysdefrance.fr\/en\/wp-content\/uploads\/sites\/2\/2020\/06\/Ch\u00e2teau-Chantilly-4-280x373.jpg 280w, https:\/\/destination.parc-oise-paysdefrance.fr\/en\/wp-content\/uploads\/sites\/2\/2020\/06\/Ch\u00e2teau-Chantilly-4-675x900.jpg 675w, https:\/\/destination.parc-oise-paysdefrance.fr\/en\/wp-content\/uploads\/sites\/2\/2020\/06\/Ch\u00e2teau-Chantilly-4.jpg 900w\" sizes=\"(max-width: 350px) 100vw, 350px\" \/><\/figure><\/div>\n\n\n\n<p>The Chantilly estate then passed by marriage to the <strong>family of the Princes of Cond\u00e9<\/strong>, a cadet branch of the House of <strong>Bourbon<\/strong>.<\/p>\n\n\n\n<p>The most famous of them, \u2018<strong>the Great Cond\u00e9<\/strong>\u2019, devoted himself to improving the premises over a long period of time. Among his guests at Chantilly were writers of his time such as&nbsp;<strong>Moli\u00e8re, La Fontaine,&nbsp;<\/strong>La Bruy\u00e8re, Madame de La Fayette and Madame de S\u00e9vign\u00e9. In their honour, two parallel avenues bordering Le N\u00f4tre parterres are known as the <strong>\u2018all\u00e9es des Philosophes\u2019<\/strong>.<\/p>\n\n\n\n<p>Finally, in 1830, the <strong>Duke of Aumale<\/strong>, then eight years old, <strong>son of Louis Philippe<\/strong>, inherited the vast domain. At the end of his troubled life, with no heir, he donated it to the<strong> Institut de France<\/strong> on condition that:<\/p>\n\n\n\n<p class=\"is-style-blockquote\">\u2018The ch\u00e2teau shall be nothing more than a museum and a workplace. I want to provide access to <em>the collections, archives and library \u2013 which I believe to be not insignificant<\/em> \u2013&nbsp;to all those who are drawn to them \u2026<em>&nbsp;nothing will be changed, but it will no longer be a house<\/em><strong>.\u2019<\/strong><br><strong><strong>Everything had to remain as he had left it<\/strong>.<\/strong><\/p>\n\n\n\n<div class=\"wp-block-image\"><figure class=\"aligncenter size-large is-resized\"><img loading=\"lazy\" data-src=\"https:\/\/destination.parc-oise-paysdefrance.fr\/uk\/wp-content\/uploads\/sites\/2\/2020\/06\/Ch\u00e2teau-Chantilly-3-800x600.jpg\" alt=\"\" class=\"wp-image-1211\" width=\"619\" height=\"464\" data-srcset=\"https:\/\/destination.parc-oise-paysdefrance.fr\/en\/wp-content\/uploads\/sites\/2\/2020\/06\/Ch\u00e2teau-Chantilly-3-800x600.jpg 800w, https:\/\/destination.parc-oise-paysdefrance.fr\/en\/wp-content\/uploads\/sites\/2\/2020\/06\/Ch\u00e2teau-Chantilly-3-200x150.jpg 200w, https:\/\/destination.parc-oise-paysdefrance.fr\/en\/wp-content\/uploads\/sites\/2\/2020\/06\/Ch\u00e2teau-Chantilly-3-650x488.jpg 650w, https:\/\/destination.parc-oise-paysdefrance.fr\/en\/wp-content\/uploads\/sites\/2\/2020\/06\/Ch\u00e2teau-Chantilly-3-280x210.jpg 280w, https:\/\/destination.parc-oise-paysdefrance.fr\/en\/wp-content\/uploads\/sites\/2\/2020\/06\/Ch\u00e2teau-Chantilly-3-900x675.jpg 900w, https:\/\/destination.parc-oise-paysdefrance.fr\/en\/wp-content\/uploads\/sites\/2\/2020\/06\/Ch\u00e2teau-Chantilly-3.jpg 1200w\" sizes=\"(max-width: 619px) 100vw, 619px\" \/><\/figure><\/div>\n\n\n\n<h2><strong><strong>Architecture of its times<\/strong><\/strong><\/h2>\n\n\n\n<p>In the 12th arrondissement, in the valley of the Nonette river, a tributary of the Oise, the Bouteiller family built<strong> a fortified house <\/strong>on a rock.<\/p>\n\n\n\n<p>Following the house&#8217;s destruction in the 14th century, Pierre d&#8217;Orgemont, and later his son Amaury, rebuilt a <strong>real fortress, <\/strong>defended by seven towers and surrounded by a moat.<\/p>\n\n\n\n<p>In the 16th century, Anne de Montmorency built the<strong> Petit Ch\u00e2teau, a Renaissance-style masterpiece<\/strong>, just below the old fortress. He also built the terrace, on which now stands an equestrian statue of him.<\/p>\n\n\n\n<figure class=\"wp-block-gallery columns-2 is-cropped\"><ul class=\"blocks-gallery-grid\"><li class=\"blocks-gallery-item\"><figure><img loading=\"lazy\" width=\"900\" height=\"600\" data-src=\"https:\/\/destination.parc-oise-paysdefrance.fr\/uk\/wp-content\/uploads\/sites\/2\/2020\/06\/Ch\u00e2teau-Chantilly-2-900x600.jpg\" alt=\"\" data-id=\"1209\" class=\"wp-image-1209\" data-srcset=\"https:\/\/destination.parc-oise-paysdefrance.fr\/en\/wp-content\/uploads\/sites\/2\/2020\/06\/Ch\u00e2teau-Chantilly-2-900x600.jpg 900w, https:\/\/destination.parc-oise-paysdefrance.fr\/en\/wp-content\/uploads\/sites\/2\/2020\/06\/Ch\u00e2teau-Chantilly-2-200x133.jpg 200w, https:\/\/destination.parc-oise-paysdefrance.fr\/en\/wp-content\/uploads\/sites\/2\/2020\/06\/Ch\u00e2teau-Chantilly-2-650x433.jpg 650w, https:\/\/destination.parc-oise-paysdefrance.fr\/en\/wp-content\/uploads\/sites\/2\/2020\/06\/Ch\u00e2teau-Chantilly-2-280x187.jpg 280w, https:\/\/destination.parc-oise-paysdefrance.fr\/en\/wp-content\/uploads\/sites\/2\/2020\/06\/Ch\u00e2teau-Chantilly-2.jpg 1200w\" sizes=\"(max-width: 900px) 100vw, 900px\" \/><\/figure><\/li><li class=\"blocks-gallery-item\"><figure><img loading=\"lazy\" width=\"800\" height=\"600\" data-src=\"https:\/\/destination.parc-oise-paysdefrance.fr\/uk\/wp-content\/uploads\/sites\/2\/2020\/06\/Ch\u00e2teau-Chantilly-800x600.jpg\" alt=\"\" data-id=\"1210\" data-link=\"https:\/\/destination.parc-oise-paysdefrance.fr\/uk\/histoire-patrimoine\/les-chateaux\/chateau-de-chantilly\/chateau-chantilly-3\/\" class=\"wp-image-1210\" data-srcset=\"https:\/\/destination.parc-oise-paysdefrance.fr\/en\/wp-content\/uploads\/sites\/2\/2020\/06\/Ch\u00e2teau-Chantilly-800x600.jpg 800w, https:\/\/destination.parc-oise-paysdefrance.fr\/en\/wp-content\/uploads\/sites\/2\/2020\/06\/Ch\u00e2teau-Chantilly-200x150.jpg 200w, https:\/\/destination.parc-oise-paysdefrance.fr\/en\/wp-content\/uploads\/sites\/2\/2020\/06\/Ch\u00e2teau-Chantilly-650x488.jpg 650w, https:\/\/destination.parc-oise-paysdefrance.fr\/en\/wp-content\/uploads\/sites\/2\/2020\/06\/Ch\u00e2teau-Chantilly-280x210.jpg 280w, https:\/\/destination.parc-oise-paysdefrance.fr\/en\/wp-content\/uploads\/sites\/2\/2020\/06\/Ch\u00e2teau-Chantilly-900x675.jpg 900w, https:\/\/destination.parc-oise-paysdefrance.fr\/en\/wp-content\/uploads\/sites\/2\/2020\/06\/Ch\u00e2teau-Chantilly.jpg 1200w\" sizes=\"(max-width: 800px) 100vw, 800px\" \/><\/figure><\/li><\/ul><\/figure>\n\n\n\n<p>In the 17th century, the Great Cond\u00e9 restored the interiors and certain fa\u00e7ades. He enlisted the services of Andr\u00e9 Le N\u00f4tre to create the sumptuous <strong>formal gardens.<\/strong><\/p>\n\n\n\n<p>In the 18th century, <strong>Louis-Joseph, Prince of Cond\u00e9, <\/strong>built the Jeu de Paume and <strong>the classical-style Ch\u00e2teau d\u2019Enghien<\/strong>, which faces the ch\u00e2teau.<\/p>\n\n\n\n<p>During the Revolution<strong>, the Grand Ch\u00e2teau <\/strong>was demolished and its stones were sold.<\/p>\n\n\n\n<p>In the 19th century, the Duke of Aumale <strong>rebuilt a ch\u00e2teau, <\/strong>behind the still-standing small one, as a place to display his numerous masterpieces and precious manuscripts.<\/p>\n\n\n\n\n<div class=\"wp-block-highlight clear\">\n            <h2 class=\"wp-block-highlight-item wp-block-highlight-title\">Practical information<\/h2>\n    \n    <p class=\"wp-block-highlight-item wp-block-highlight-excerpt\">Domaine de Chantilly, 60500 Chantilly<br>Tel: +33 (0)3 44 27 31 80<br><a rel=\"noreferrer noopener\" href=\"http:\/\/www.domainedechantilly.com\" target=\"_blank\">www.domainedechantilly.com<\/a><\/p>\n<\/div>\n\n\n<h4><strong><strong>To complete your visit<\/strong><\/strong><\/h4>\n\n\n\n<p>Click on<a href=\"https:\/\/rando.pnr-idf.fr\/vtc\/de-petites-routes-en-chemins-decouvrons-la-vallee-de-la-nonette-v1\/\" target=\"_blank\" rel=\"noreferrer noopener\"> this link <\/a>to discover an idea for a bike ride, or <a href=\"https:\/\/destination.parc-oise-paysdefrance.fr\/uk\/sorganiser\/lapplication-rando\/\" target=\"_blank\" rel=\"noreferrer noopener\">download the app<\/a> <em>\u2018<\/em>rando Parc Oise\u2019 to be geolocated.<\/p>\n\n\n\n<div class=\"wp-block-columns\">\n<div class=\"wp-block-column\"><\/div>\n\n\n\n<div class=\"wp-block-column\"><\/div>\n<\/div>\n\n\n\n<p><\/p>\n","protected":false},"excerpt":{"rendered":"<p>If you dream of life in a ch\u00e2teau, come and discover this ch\u00e2teau and its estate. The Ch\u00e2teau de Chantilly is reflected like an apparition in the ornamental lakes that surround it. In the foreground, its reflection reveals the &#8216;petit ch\u00e2teau&#8217;, a masterpiece of Renaissance architecture. In the background, the ch\u00e2teau with its large apartments [&hellip;]<\/p>\n","protected":false},"author":2,"featured_media":651,"parent":77,"menu_order":10,"comment_status":"closed","ping_status":"closed","template":"","meta":{"_relevanssi_hide_post":"","_relevanssi_pin_for_all":"","_relevanssi_pin_keywords":"","_relevanssi_unpin_keywords":"","_relevanssi_related_keywords":"","_relevanssi_related_include_ids":"","_relevanssi_related_exclude_ids":"","_relevanssi_related_no_append":"","_relevanssi_related_not_related":"","_relevanssi_related_posts":"","_relevanssi_noindex_reason":""},"yoast_head":"<!-- This site is optimized with the Yoast SEO plugin v15.3 - https:\/\/yoast.com\/wordpress\/plugins\/seo\/ -->\n<meta name=\"description\" content=\"If you dream of life in a ch\u00e2teau, come and discover this ch\u00e2teau and its estate. The Ch\u00e2teau de Chantilly is reflected like an apparition in the\" \/>\n<meta name=\"robots\" content=\"index, follow, max-snippet:-1, max-image-preview:large, max-video-preview:-1\" \/>\n<link rel=\"canonical\" href=\"https:\/\/destination.parc-oise-paysdefrance.fr\/en\/history-heritage\/castles-chateaux\/chateau-de-chantilly\/\" \/>\n<meta property=\"og:locale\" content=\"en_GB\" \/>\n<meta property=\"og:type\" content=\"article\" \/>\n<meta property=\"og:title\" content=\"Ch\u00e2teau de Chantilly - Destination Parc Oise Pays de France\" \/>\n<meta property=\"og:description\" content=\"If you dream of life in a ch\u00e2teau, come and discover this ch\u00e2teau and its estate. The Ch\u00e2teau de Chantilly is reflected like an apparition in the\" \/>\n<meta property=\"og:url\" content=\"https:\/\/destination.parc-oise-paysdefrance.fr\/en\/history-heritage\/castles-chateaux\/chateau-de-chantilly\/\" \/>\n<meta property=\"og:site_name\" content=\"Destination Parc Oise Pays de France\" \/>\n<meta property=\"article:publisher\" content=\"https:\/\/www.facebook.com\/PNR.OPDF\/?ref=br_rs\" \/>\n<meta property=\"article:modified_time\" content=\"2020-11-03T11:48:27+00:00\" \/>\n<meta property=\"og:image\" content=\"https:\/\/destination.parc-oise-paysdefrance.fr\/en\/wp-content\/uploads\/sites\/2\/2020\/06\/chateau-Chantilly-e1595343003126.jpg\" \/>\n\t<meta property=\"og:image:width\" content=\"1843\" \/>\n\t<meta property=\"og:image:height\" content=\"1046\" \/>\n<meta name=\"twitter:card\" content=\"summary_large_image\" \/>\n<meta name=\"twitter:label1\" content=\"Written by\">\n\t<meta name=\"twitter:data1\" content=\"brigitte\">\n\t<meta name=\"twitter:label2\" content=\"Est. reading time\">\n\t<meta name=\"twitter:data2\" content=\"3 minutes\">\n<script type=\"application\/ld+json\" class=\"yoast-schema-graph\">{\"@context\":\"https:\/\/schema.org\",\"@graph\":[{\"@type\":\"WebSite\",\"@id\":\"https:\/\/destination.parc-oise-paysdefrance.fr\/en\/#website\",\"url\":\"https:\/\/destination.parc-oise-paysdefrance.fr\/en\/\",\"name\":\"Destination Parc Oise Pays de France\",\"description\":\"A territory of nature\/culture to discover. Castles, parks and gardens, hiking trails, ideas for outings ...\",\"potentialAction\":[{\"@type\":\"SearchAction\",\"target\":\"https:\/\/destination.parc-oise-paysdefrance.fr\/en\/?s={search_term_string}\",\"query-input\":\"required name=search_term_string\"}],\"inLanguage\":\"en-GB\"},{\"@type\":\"ImageObject\",\"@id\":\"https:\/\/destination.parc-oise-paysdefrance.fr\/en\/history-heritage\/castles-chateaux\/chateau-de-chantilly\/#primaryimage\",\"inLanguage\":\"en-GB\",\"url\":\"https:\/\/destination.parc-oise-paysdefrance.fr\/en\/wp-content\/uploads\/sites\/2\/2020\/06\/chateau-Chantilly-e1595343003126.jpg\",\"width\":1843,\"height\":1046},{\"@type\":\"WebPage\",\"@id\":\"https:\/\/destination.parc-oise-paysdefrance.fr\/en\/history-heritage\/castles-chateaux\/chateau-de-chantilly\/#webpage\",\"url\":\"https:\/\/destination.parc-oise-paysdefrance.fr\/en\/history-heritage\/castles-chateaux\/chateau-de-chantilly\/\",\"name\":\"Ch\\u00e2teau de Chantilly - Destination Parc Oise Pays de France\",\"isPartOf\":{\"@id\":\"https:\/\/destination.parc-oise-paysdefrance.fr\/en\/#website\"},\"primaryImageOfPage\":{\"@id\":\"https:\/\/destination.parc-oise-paysdefrance.fr\/en\/history-heritage\/castles-chateaux\/chateau-de-chantilly\/#primaryimage\"},\"datePublished\":\"2020-06-09T12:19:00+00:00\",\"dateModified\":\"2020-11-03T11:48:27+00:00\",\"description\":\"If you dream of life in a ch\\u00e2teau, come and discover this ch\\u00e2teau and its estate. The Ch\\u00e2teau de Chantilly is reflected like an apparition in the\",\"breadcrumb\":{\"@id\":\"https:\/\/destination.parc-oise-paysdefrance.fr\/en\/history-heritage\/castles-chateaux\/chateau-de-chantilly\/#breadcrumb\"},\"inLanguage\":\"en-GB\",\"potentialAction\":[{\"@type\":\"ReadAction\",\"target\":[\"https:\/\/destination.parc-oise-paysdefrance.fr\/en\/history-heritage\/castles-chateaux\/chateau-de-chantilly\/\"]}]},{\"@type\":\"BreadcrumbList\",\"@id\":\"https:\/\/destination.parc-oise-paysdefrance.fr\/en\/history-heritage\/castles-chateaux\/chateau-de-chantilly\/#breadcrumb\",\"itemListElement\":[{\"@type\":\"ListItem\",\"position\":1,\"item\":{\"@type\":\"WebPage\",\"@id\":\"https:\/\/destination.parc-oise-paysdefrance.fr\/en\/\",\"url\":\"https:\/\/destination.parc-oise-paysdefrance.fr\/en\/\",\"name\":\"Home\"}},{\"@type\":\"ListItem\",\"position\":2,\"item\":{\"@type\":\"WebPage\",\"@id\":\"https:\/\/destination.parc-oise-paysdefrance.fr\/en\/history-heritage\/\",\"url\":\"https:\/\/destination.parc-oise-paysdefrance.fr\/en\/history-heritage\/\",\"name\":\"History &#038; Heritage\"}},{\"@type\":\"ListItem\",\"position\":3,\"item\":{\"@type\":\"WebPage\",\"@id\":\"https:\/\/destination.parc-oise-paysdefrance.fr\/en\/history-heritage\/castles-chateaux\/\",\"url\":\"https:\/\/destination.parc-oise-paysdefrance.fr\/en\/history-heritage\/castles-chateaux\/\",\"name\":\"Castles &#038; Ch\\u00e2teaux\"}},{\"@type\":\"ListItem\",\"position\":4,\"item\":{\"@type\":\"WebPage\",\"@id\":\"https:\/\/destination.parc-oise-paysdefrance.fr\/en\/history-heritage\/castles-chateaux\/chateau-de-chantilly\/\",\"url\":\"https:\/\/destination.parc-oise-paysdefrance.fr\/en\/history-heritage\/castles-chateaux\/chateau-de-chantilly\/\",\"name\":\"Ch\\u00e2teau de Chantilly\"}}]}]}<\/script>\n<!-- \/ Yoast SEO plugin. -->","_links":{"self":[{"href":"https:\/\/destination.parc-oise-paysdefrance.fr\/en\/wp-json\/wp\/v2\/pages\/133"}],"collection":[{"href":"https:\/\/destination.parc-oise-paysdefrance.fr\/en\/wp-json\/wp\/v2\/pages"}],"about":[{"href":"https:\/\/destination.parc-oise-paysdefrance.fr\/en\/wp-json\/wp\/v2\/types\/page"}],"author":[{"embeddable":true,"href":"https:\/\/destination.parc-oise-paysdefrance.fr\/en\/wp-json\/wp\/v2\/users\/2"}],"replies":[{"embeddable":true,"href":"https:\/\/destination.parc-oise-paysdefrance.fr\/en\/wp-json\/wp\/v2\/comments?post=133"}],"version-history":[{"count":46,"href":"https:\/\/destination.parc-oise-paysdefrance.fr\/en\/wp-json\/wp\/v2\/pages\/133\/revisions"}],"predecessor-version":[{"id":2209,"href":"https:\/\/destination.parc-oise-paysdefrance.fr\/en\/wp-json\/wp\/v2\/pages\/133\/revisions\/2209"}],"up":[{"embeddable":true,"href":"https:\/\/destination.parc-oise-paysdefrance.fr\/en\/wp-json\/wp\/v2\/pages\/77"}],"wp:featuredmedia":[{"embeddable":true,"href":"https:\/\/destination.parc-oise-paysdefrance.fr\/en\/wp-json\/wp\/v2\/media\/651"}],"wp:attachment":[{"href":"https:\/\/destination.parc-oise-paysdefrance.fr\/en\/wp-json\/wp\/v2\/media?parent=133"}],"curies":[{"name":"wp","href":"https:\/\/api.w.org\/{rel}","templated":true}]}}