{"id":137,"date":"2020-06-09T14:19:42","date_gmt":"2020-06-09T12:19:42","guid":{"rendered":"https:\/\/destination.parc-oise-paysdefrance.fr\/uk\/chateau-de-raray\/"},"modified":"2020-10-21T09:48:14","modified_gmt":"2020-10-21T07:48:14","slug":"chateau-de-raray","status":"publish","type":"page","link":"https:\/\/destination.parc-oise-paysdefrance.fr\/en\/history-heritage\/castles-chateaux\/chateau-de-raray\/","title":{"rendered":"Ch\u00e2teau de Raray"},"content":{"rendered":"\n<p class=\"is-style-excerpt\">At <strong>heart of Valois<\/strong>, the Ch\u00e2teau de Raray is an exceptional site with eight centuries of history. It provides a chance to <strong>travel in time<\/strong>, from the Middle Ages to the heyday of cinema. You can also enjoy a game of golf, a meal out or even stay here by renting a treehouse.<\/p>\n\n\n\n<div\n    class=\"wp-block-slider js-block-slider\">\n    \n    <div class=\"alignwide\">\n        \n        <div class=\"wp-block-slider-list\"\n             data-trigger=\"wpiris-slick\"\n             data-slick='{\"variableWidth\": true, \"dots\": false, \"arrows\": true, \"slidesToShow\": 1, \"slidesToScroll\": 1, \"infinite\": false}'\n        >\n            \n                            \n                <a class=\"wp-block-slider-item\" data-fancybox=\"fancybox\" href=\"https:\/\/destination.parc-oise-paysdefrance.fr\/en\/wp-content\/uploads\/sites\/2\/2020\/06\/PNROPF_2019_Raray_Chateau_010_Web_\u00a9_cyril_badet.jpg\">\n                    <img data-src=\"https:\/\/destination.parc-oise-paysdefrance.fr\/en\/wp-content\/uploads\/sites\/2\/2020\/06\/PNROPF_2019_Raray_Chateau_010_Web_\u00a9_cyril_badet-899x600.jpg\" alt=\"Raray, Chateau\">\n                <\/a>\n            \n                            \n                <a class=\"wp-block-slider-item\" data-fancybox=\"fancybox\" href=\"https:\/\/destination.parc-oise-paysdefrance.fr\/en\/wp-content\/uploads\/sites\/2\/2020\/06\/PNROPF_2019_Raray_Chateau_007_Web_\u00a9_cyril_badet.jpg\">\n                    <img data-src=\"https:\/\/destination.parc-oise-paysdefrance.fr\/en\/wp-content\/uploads\/sites\/2\/2020\/06\/PNROPF_2019_Raray_Chateau_007_Web_\u00a9_cyril_badet-401x600.jpg\" alt=\"Raray, Chateau\">\n                <\/a>\n            \n                            \n                <a class=\"wp-block-slider-item\" data-fancybox=\"fancybox\" href=\"https:\/\/destination.parc-oise-paysdefrance.fr\/en\/wp-content\/uploads\/sites\/2\/2020\/06\/PNROPF_2019_Raray_Chateau_001_Web_\u00a9_cyril_badet.jpg\">\n                    <img data-src=\"https:\/\/destination.parc-oise-paysdefrance.fr\/en\/wp-content\/uploads\/sites\/2\/2020\/06\/PNROPF_2019_Raray_Chateau_001_Web_\u00a9_cyril_badet-1067x600.jpg\" alt=\"Raray, Chateau\">\n                <\/a>\n            \n                            \n                <a class=\"wp-block-slider-item\" data-fancybox=\"fancybox\" href=\"https:\/\/destination.parc-oise-paysdefrance.fr\/en\/wp-content\/uploads\/sites\/2\/2020\/06\/PNROPF_2019_Raray_Chateau_008_Web_\u00a9_cyril_badet.jpg\">\n                    <img data-src=\"https:\/\/destination.parc-oise-paysdefrance.fr\/en\/wp-content\/uploads\/sites\/2\/2020\/06\/PNROPF_2019_Raray_Chateau_008_Web_\u00a9_cyril_badet-401x600.jpg\" alt=\"Raray, Chateau\">\n                <\/a>\n            \n                    \n        <\/div>\n    \n    <\/div>\n\n<\/div>\n\n\n\n<h2><strong><strong><strong>A ch\u00e2teau embellished over the centuries<\/strong><\/strong><\/strong><\/h2>\n\n\n\n<p>In the early <strong>Middle Ages<\/strong>, the first builders established a fortified castle near the Chauss\u00e9e Brunehaut, a large Roman road that links Soissons to Luzarches.<\/p>\n\n\n\n<p>The <strong>Ligny family<\/strong>, owners of the place from 1464, consolidated and extended the seigneury. In 1522, they built a <strong>new Renaissance ch\u00e2teau<\/strong> next to the old one.<\/p>\n\n\n\n<p>In the early 16th century, the seigneury changed hands. It was bought by <strong>Nicolas de Lancy<\/strong>, a close advisor to kings Henri IV and Louis XIII. It was de Lancy, married to an Italian, who <strong>embellished<\/strong> the castle in the Renaissance style and built the two long monumental balustrades depicting hunting scenes, located on either side of the <em>cour d&#8217;honneur<\/em>. These magnificent sculptures made Raray famous and are unique in France. They display the seigneur\u2019s taste for <strong>hunting, antiquity and Italy.<\/strong><\/p>\n\n\n\n<p>In the 18th century, the ch\u00e2teau was owned by the Barres family, who <strong>modernised the domain<\/strong>. They demolished the old ch\u00e2teau, remains of which still survive where the entrance to the <em>cour d&#8217;honneur<\/em> now stands.<\/p>\n\n\n\n<p>The Ch\u00e2teau de Raray became, by marriage, the property of the La B\u00e9doy\u00e8re family, who again improved it by demolishing the old houses that surrounded it to open up the view of <strong>the <em>cour d&#8217;honneur<\/em><\/strong>. The estate still belongs to the same family today.<\/p>\n\n\n\n<h2><strong><strong>A film-set ch\u00e2teau<\/strong><\/strong><\/h2>\n\n\n\n<p>The Ch\u00e2teau de Raray was used as the location for some scenes of the 1945 film <strong><em>La Belle et la B\u00eate <\/em><\/strong>by Jean Cocteau, starring Jean Marais. The film was shot under difficult conditions and the people of Raray will remember it for a long time. The ch\u00e2teau was the perfect setting for Jean Cocteau, who was seeking to create<\/p>\n\n\n\n<p class=\"is-style-blockquote\">a feeling of magic and enchantment.<\/p>\n\n\n\n<p>To help the place thrive<strong>, a golf course was created in the park <\/strong>in 1988. And, since 2016, some very comfortable <strong>tree houses<\/strong> have been set up in the estate\u2019s woods welcome all who love the fresh air.<\/p>\n\n\n\n\n<div class=\"wp-block-highlight clear\">\n            <h2 class=\"wp-block-highlight-item wp-block-highlight-title\"><strong>Practical information<\/strong><\/h2>\n    \n    <p class=\"wp-block-highlight-item wp-block-highlight-excerpt\">60810 Raray<br>Tel: +33 (0)6 72 36 60 74<br><u><a href=\"http:\/\/www.visitez-raray.fr\/\" target=\"_blank\" rel=\"noreferrer noopener\">Site Internet<\/a><\/u><br>The<strong> guided tours<\/strong> offered here will give you the chance to travel in time and to share the filmmaking secrets of <em>La Belle et la B\u00eate<\/em>.<\/p>\n<\/div>\n\n\n<p><strong><strong>To complete your visit<\/strong>:<\/strong><\/p>\n\n\n\n<p>Click on<a href=\"https:\/\/rando.pnr-idf.fr\/?categories=T1&amp;categories=T3&amp;categories=T4&amp;categories=T5&amp;districts=4&amp;search=raray\" target=\"_blank\" rel=\"noreferrer noopener\"><em> this link <\/em><\/a>to discover an idea for a walk, or <a href=\"https:\/\/destination.parc-oise-paysdefrance.fr\/uk\/sorganiser\/lapplication-rando\/\" target=\"_blank\" rel=\"noreferrer noopener\">download the app<\/a> \u2018rando Parc Oise\u2019 to be geolocated.<\/p>\n","protected":false},"excerpt":{"rendered":"<p>At heart of Valois, the Ch\u00e2teau de Raray is an exceptional site with eight centuries of history. It provides a chance to travel in time, from the Middle Ages to the heyday of cinema. You can also enjoy a game of golf, a meal out or even stay here by renting a treehouse. A ch\u00e2teau [&hellip;]<\/p>\n","protected":false},"author":2,"featured_media":786,"parent":77,"menu_order":30,"comment_status":"closed","ping_status":"closed","template":"","meta":{"_relevanssi_hide_post":"","_relevanssi_pin_for_all":"","_relevanssi_pin_keywords":"","_relevanssi_unpin_keywords":"","_relevanssi_related_keywords":"","_relevanssi_related_include_ids":"","_relevanssi_related_exclude_ids":"","_relevanssi_related_no_append":"","_relevanssi_related_not_related":"","_relevanssi_related_posts":"","_relevanssi_noindex_reason":""},"yoast_head":"<!-- This site is optimized with the Yoast SEO plugin v15.3 - https:\/\/yoast.com\/wordpress\/plugins\/seo\/ -->\n<meta name=\"description\" content=\"At heart of Valois, the Ch\u00e2teau de Raray is an exceptional site with eight centuries of history. It provides a chance to travel in time, from the Middle\" \/>\n<meta name=\"robots\" content=\"index, follow, max-snippet:-1, max-image-preview:large, max-video-preview:-1\" \/>\n<link rel=\"canonical\" href=\"https:\/\/destination.parc-oise-paysdefrance.fr\/en\/history-heritage\/castles-chateaux\/chateau-de-raray\/\" \/>\n<meta property=\"og:locale\" content=\"en_GB\" \/>\n<meta property=\"og:type\" content=\"article\" \/>\n<meta property=\"og:title\" content=\"Ch\u00e2teau de Raray - Destination Parc Oise Pays de France\" \/>\n<meta property=\"og:description\" content=\"At heart of Valois, the Ch\u00e2teau de Raray is an exceptional site with eight centuries of history. It provides a chance to travel in time, from the Middle\" \/>\n<meta property=\"og:url\" content=\"https:\/\/destination.parc-oise-paysdefrance.fr\/en\/history-heritage\/castles-chateaux\/chateau-de-raray\/\" \/>\n<meta property=\"og:site_name\" content=\"Destination Parc Oise Pays de France\" \/>\n<meta property=\"article:publisher\" content=\"https:\/\/www.facebook.com\/PNR.OPDF\/?ref=br_rs\" \/>\n<meta property=\"article:modified_time\" content=\"2020-10-21T07:48:14+00:00\" \/>\n<meta property=\"og:image\" content=\"https:\/\/destination.parc-oise-paysdefrance.fr\/en\/wp-content\/uploads\/sites\/2\/2020\/06\/PNROPF_2019_Raray_Chateau_003_HD_\u00a9_cyril_badet.jpg\" \/>\n\t<meta property=\"og:image:width\" content=\"1200\" \/>\n\t<meta property=\"og:image:height\" content=\"800\" \/>\n<meta name=\"twitter:card\" content=\"summary_large_image\" \/>\n<meta name=\"twitter:label1\" content=\"Written by\">\n\t<meta name=\"twitter:data1\" content=\"brigitte\">\n\t<meta name=\"twitter:label2\" content=\"Est. reading time\">\n\t<meta name=\"twitter:data2\" content=\"2 minutes\">\n<script type=\"application\/ld+json\" class=\"yoast-schema-graph\">{\"@context\":\"https:\/\/schema.org\",\"@graph\":[{\"@type\":\"WebSite\",\"@id\":\"https:\/\/destination.parc-oise-paysdefrance.fr\/en\/#website\",\"url\":\"https:\/\/destination.parc-oise-paysdefrance.fr\/en\/\",\"name\":\"Destination Parc Oise Pays de France\",\"description\":\"A territory of nature\/culture to discover. Castles, parks and gardens, hiking trails, ideas for outings ...\",\"potentialAction\":[{\"@type\":\"SearchAction\",\"target\":\"https:\/\/destination.parc-oise-paysdefrance.fr\/en\/?s={search_term_string}\",\"query-input\":\"required name=search_term_string\"}],\"inLanguage\":\"en-GB\"},{\"@type\":\"ImageObject\",\"@id\":\"https:\/\/destination.parc-oise-paysdefrance.fr\/en\/history-heritage\/castles-chateaux\/chateau-de-raray\/#primaryimage\",\"inLanguage\":\"en-GB\",\"url\":\"https:\/\/destination.parc-oise-paysdefrance.fr\/en\/wp-content\/uploads\/sites\/2\/2020\/06\/PNROPF_2019_Raray_Chateau_003_HD_\\u00a9_cyril_badet.jpg\",\"width\":1200,\"height\":800,\"caption\":\"Raray, Chateau\"},{\"@type\":\"WebPage\",\"@id\":\"https:\/\/destination.parc-oise-paysdefrance.fr\/en\/history-heritage\/castles-chateaux\/chateau-de-raray\/#webpage\",\"url\":\"https:\/\/destination.parc-oise-paysdefrance.fr\/en\/history-heritage\/castles-chateaux\/chateau-de-raray\/\",\"name\":\"Ch\\u00e2teau de Raray - Destination Parc Oise Pays de France\",\"isPartOf\":{\"@id\":\"https:\/\/destination.parc-oise-paysdefrance.fr\/en\/#website\"},\"primaryImageOfPage\":{\"@id\":\"https:\/\/destination.parc-oise-paysdefrance.fr\/en\/history-heritage\/castles-chateaux\/chateau-de-raray\/#primaryimage\"},\"datePublished\":\"2020-06-09T12:19:42+00:00\",\"dateModified\":\"2020-10-21T07:48:14+00:00\",\"description\":\"At heart of Valois, the Ch\\u00e2teau de Raray is an exceptional site with eight centuries of history. It provides a chance to travel in time, from the Middle\",\"breadcrumb\":{\"@id\":\"https:\/\/destination.parc-oise-paysdefrance.fr\/en\/history-heritage\/castles-chateaux\/chateau-de-raray\/#breadcrumb\"},\"inLanguage\":\"en-GB\",\"potentialAction\":[{\"@type\":\"ReadAction\",\"target\":[\"https:\/\/destination.parc-oise-paysdefrance.fr\/en\/history-heritage\/castles-chateaux\/chateau-de-raray\/\"]}]},{\"@type\":\"BreadcrumbList\",\"@id\":\"https:\/\/destination.parc-oise-paysdefrance.fr\/en\/history-heritage\/castles-chateaux\/chateau-de-raray\/#breadcrumb\",\"itemListElement\":[{\"@type\":\"ListItem\",\"position\":1,\"item\":{\"@type\":\"WebPage\",\"@id\":\"https:\/\/destination.parc-oise-paysdefrance.fr\/en\/\",\"url\":\"https:\/\/destination.parc-oise-paysdefrance.fr\/en\/\",\"name\":\"Home\"}},{\"@type\":\"ListItem\",\"position\":2,\"item\":{\"@type\":\"WebPage\",\"@id\":\"https:\/\/destination.parc-oise-paysdefrance.fr\/en\/history-heritage\/\",\"url\":\"https:\/\/destination.parc-oise-paysdefrance.fr\/en\/history-heritage\/\",\"name\":\"History &#038; Heritage\"}},{\"@type\":\"ListItem\",\"position\":3,\"item\":{\"@type\":\"WebPage\",\"@id\":\"https:\/\/destination.parc-oise-paysdefrance.fr\/en\/history-heritage\/castles-chateaux\/\",\"url\":\"https:\/\/destination.parc-oise-paysdefrance.fr\/en\/history-heritage\/castles-chateaux\/\",\"name\":\"Castles &#038; Ch\\u00e2teaux\"}},{\"@type\":\"ListItem\",\"position\":4,\"item\":{\"@type\":\"WebPage\",\"@id\":\"https:\/\/destination.parc-oise-paysdefrance.fr\/en\/history-heritage\/castles-chateaux\/chateau-de-raray\/\",\"url\":\"https:\/\/destination.parc-oise-paysdefrance.fr\/en\/history-heritage\/castles-chateaux\/chateau-de-raray\/\",\"name\":\"Ch\\u00e2teau de Raray\"}}]}]}<\/script>\n<!-- \/ Yoast SEO plugin. -->","_links":{"self":[{"href":"https:\/\/destination.parc-oise-paysdefrance.fr\/en\/wp-json\/wp\/v2\/pages\/137"}],"collection":[{"href":"https:\/\/destination.parc-oise-paysdefrance.fr\/en\/wp-json\/wp\/v2\/pages"}],"about":[{"href":"https:\/\/destination.parc-oise-paysdefrance.fr\/en\/wp-json\/wp\/v2\/types\/page"}],"author":[{"embeddable":true,"href":"https:\/\/destination.parc-oise-paysdefrance.fr\/en\/wp-json\/wp\/v2\/users\/2"}],"replies":[{"embeddable":true,"href":"https:\/\/destination.parc-oise-paysdefrance.fr\/en\/wp-json\/wp\/v2\/comments?post=137"}],"version-history":[{"count":20,"href":"https:\/\/destination.parc-oise-paysdefrance.fr\/en\/wp-json\/wp\/v2\/pages\/137\/revisions"}],"predecessor-version":[{"id":2171,"href":"https:\/\/destination.parc-oise-paysdefrance.fr\/en\/wp-json\/wp\/v2\/pages\/137\/revisions\/2171"}],"up":[{"embeddable":true,"href":"https:\/\/destination.parc-oise-paysdefrance.fr\/en\/wp-json\/wp\/v2\/pages\/77"}],"wp:featuredmedia":[{"embeddable":true,"href":"https:\/\/destination.parc-oise-paysdefrance.fr\/en\/wp-json\/wp\/v2\/media\/786"}],"wp:attachment":[{"href":"https:\/\/destination.parc-oise-paysdefrance.fr\/en\/wp-json\/wp\/v2\/media?parent=137"}],"curies":[{"name":"wp","href":"https:\/\/api.w.org\/{rel}","templated":true}]}}