{"id":141,"date":"2020-06-09T14:19:45","date_gmt":"2020-06-09T12:19:45","guid":{"rendered":"https:\/\/destination.parc-oise-paysdefrance.fr\/uk\/chateau-de-mont-leveque\/"},"modified":"2020-11-05T09:56:22","modified_gmt":"2020-11-05T08:56:22","slug":"mont-leveque-castle","status":"publish","type":"page","link":"https:\/\/destination.parc-oise-paysdefrance.fr\/en\/history-heritage\/castles-chateaux\/mont-leveque-castle\/","title":{"rendered":"Mont-l\u2019Ev\u00eaque castle"},"content":{"rendered":"\n<p class=\"is-style-excerpt\">When you enter in <strong>the park<\/strong> of the Castle you will have a crush! A <strong>fairy tale<\/strong> image is offered to your eyes! In the heart of the village of Mont-l&#8217;Ev\u00eaque, here is a beautiful example of the <strong>troubadour style<\/strong>, a private castle with its conical-roofed turrets, its pointed arches and its windows decorated with lace and latticework.<\/p>\n\n\n\n<div\n    class=\"wp-block-slider js-block-slider\">\n    \n    <div class=\"alignwide\">\n        \n        <div class=\"wp-block-slider-list\"\n             data-trigger=\"wpiris-slick\"\n             data-slick='{\"variableWidth\": true, \"dots\": false, \"arrows\": true, \"slidesToShow\": 1, \"slidesToScroll\": 1, \"infinite\": false}'\n        >\n            \n                            \n                <a class=\"wp-block-slider-item\" data-fancybox=\"fancybox\" href=\"https:\/\/destination.parc-oise-paysdefrance.fr\/en\/wp-content\/uploads\/sites\/2\/2020\/06\/chateau-Eveque-1.jpg\">\n                    <img data-src=\"https:\/\/destination.parc-oise-paysdefrance.fr\/en\/wp-content\/uploads\/sites\/2\/2020\/06\/chateau-Eveque-1-450x600.jpg\" alt=\"\">\n                <\/a>\n            \n                            \n                <a class=\"wp-block-slider-item\" data-fancybox=\"fancybox\" href=\"https:\/\/destination.parc-oise-paysdefrance.fr\/en\/wp-content\/uploads\/sites\/2\/2020\/06\/chateau-Eveque-3.jpg\">\n                    <img data-src=\"https:\/\/destination.parc-oise-paysdefrance.fr\/en\/wp-content\/uploads\/sites\/2\/2020\/06\/chateau-Eveque-3-800x600.jpg\" alt=\"\">\n                <\/a>\n            \n                            \n                <a class=\"wp-block-slider-item\" data-fancybox=\"fancybox\" href=\"https:\/\/destination.parc-oise-paysdefrance.fr\/en\/wp-content\/uploads\/sites\/2\/2020\/06\/chateau-Eveque-2.jpg\">\n                    <img data-src=\"https:\/\/destination.parc-oise-paysdefrance.fr\/en\/wp-content\/uploads\/sites\/2\/2020\/06\/chateau-Eveque-2-450x600.jpg\" alt=\"\">\n                <\/a>\n            \n                            \n                <a class=\"wp-block-slider-item\" data-fancybox=\"fancybox\" href=\"https:\/\/destination.parc-oise-paysdefrance.fr\/en\/wp-content\/uploads\/sites\/2\/2020\/06\/0660421022-chateau.jpg\">\n                    <img data-src=\"https:\/\/destination.parc-oise-paysdefrance.fr\/en\/wp-content\/uploads\/sites\/2\/2020\/06\/0660421022-chateau-450x600.jpg\" alt=\"\">\n                <\/a>\n            \n                    \n        <\/div>\n    \n    <\/div>\n\n<\/div>\n\n\n\n<h2><strong>A castle for the Bishops<\/strong><\/h2>\n\n\n\n<p>To thank him for his role in the <strong>Battle of Bouvines<\/strong> in 1214, King Philippe Auguste offered the site of Montleroy to <strong>Chancellor Gu\u00e9rin<\/strong>, bishop of Senlis. Half of the land was sold to build the Abbey of Victory and on the rest was built a residence for the Bishops called Mont-l&#8217;\u00c9v\u00eaque.<\/p>\n\n\n\n<p>The Bishop set up his <strong>summer residence <\/strong>in the old fortified house on the banks of the Nonette River. Over the centuries, the castle is improved by additions and especially by the arrangement of the river to create <strong>ponds <\/strong>and supply water to mills. It was destroyed during the Hundred Years&#8217; War and then rebuilt during the 16th century. It remained the property of the bishops of Senlis until the french Revolution.<\/p>\n\n\n\n<p>The buildings are organized on the edge of a pond in the middle of a <strong>vast and remarkable park<\/strong>. In the center, the 18th century house built to receive the administrative services of the diocese, on each side the castle and the <strong>chapel<\/strong>.<\/p>\n\n\n\n<h2><strong>A baron&#8217;s house<\/strong><\/h2>\n\n\n\n<p>The buildings were purchased in 1806 by <strong>Baron Joseph-Xavier de Pontalba.<\/strong> The family had the facades of the castle and the chapel facing it completely redesigned in the <strong>neo-gothic<\/strong> or &#8220;troubadour&#8221; style. It is a question of reviving the medieval arts by decorating the facades with crenellations, arrows and gargoyles. Mont-l&#8217;\u00c9v\u00eaque is even considered to be one of the rare successful examples of<strong> this romantic style<\/strong>. A special feature in the chapel is the <strong>rood screen<\/strong> of the Carmelite convent in Metz, dating from the 14th century. It was for a long time stored in wooden crates in the home of Josephine de Beauharnais and bought by the Pontalba family, close to Napoleon&#8217;s wife.<\/p>\n\n\n\n<p>The outside visit of the castle is authorized by the owner, a direct descendant of Joseph de Pontalba.<\/p>\n\n\n\n\n<div class=\"wp-block-highlight clear\">\n            <h2 class=\"wp-block-highlight-item wp-block-highlight-title\"><strong>Practical information<\/strong><\/h2>\n    \n    <p class=\"wp-block-highlight-item wp-block-highlight-excerpt\">Ch\u00e2teau de Mont-l&#8217;Ev\u00eaque , 60300 Mont-l&#8217;Ev\u00eaque\u00a0\u00a0<br>Limited visit of the castle&#8217;s exteriors free of charge from 9am to 7pm.<br>Paid visit of the castle on <a href=\"https:\/\/aquilon-decouverte.com\/projects\/chateau-de-mont-leveque\/\" target=\"_blank\" rel=\"noreferrer noopener\">reservation<\/a>.<\/p>\n<\/div>\n\n\n<p><strong>To complete your visit:<\/strong><\/p>\n\n\n\n<p>Discover a walk by clicking on this <a href=\"https:\/\/rando.pnr-idf.fr\/pedestre\/mont-leveque-un-village-lie-a-sa-foret\/\" target=\"_blank\" aria-label=\"undefined (opens in a new tab)\" rel=\"noreferrer noopener\">link <\/a>or download the app \u2018rando Parc Oise\u2019 to be geolocated.<\/p>\n","protected":false},"excerpt":{"rendered":"<p>When you enter in the park of the Castle you will have a crush! A fairy tale image is offered to your eyes! In the heart of the village of Mont-l&#8217;Ev\u00eaque, here is a beautiful example of the troubadour style, a private castle with its conical-roofed turrets, its pointed arches and its windows decorated with [&hellip;]<\/p>\n","protected":false},"author":2,"featured_media":802,"parent":77,"menu_order":50,"comment_status":"closed","ping_status":"closed","template":"","meta":{"_relevanssi_hide_post":"","_relevanssi_pin_for_all":"","_relevanssi_pin_keywords":"","_relevanssi_unpin_keywords":"","_relevanssi_related_keywords":"","_relevanssi_related_include_ids":"","_relevanssi_related_exclude_ids":"","_relevanssi_related_no_append":"","_relevanssi_related_not_related":"","_relevanssi_related_posts":"","_relevanssi_noindex_reason":""},"yoast_head":"<!-- This site is optimized with the Yoast SEO plugin v15.3 - https:\/\/yoast.com\/wordpress\/plugins\/seo\/ -->\n<meta name=\"description\" content=\"When you enter in the park of the Castle you will have a crush! A fairy tale image is offered to your eyes! In the heart of the village of Mont-l&#039;Ev\u00eaque,\" \/>\n<meta name=\"robots\" content=\"index, follow, max-snippet:-1, max-image-preview:large, max-video-preview:-1\" \/>\n<link rel=\"canonical\" href=\"https:\/\/destination.parc-oise-paysdefrance.fr\/en\/history-heritage\/castles-chateaux\/mont-leveque-castle\/\" \/>\n<meta property=\"og:locale\" content=\"en_GB\" \/>\n<meta property=\"og:type\" content=\"article\" \/>\n<meta property=\"og:title\" content=\"Mont-l\u2019Ev\u00eaque castle - Destination Parc Oise Pays de France\" \/>\n<meta property=\"og:description\" content=\"When you enter in the park of the Castle you will have a crush! A fairy tale image is offered to your eyes! In the heart of the village of Mont-l&#039;Ev\u00eaque,\" \/>\n<meta property=\"og:url\" content=\"https:\/\/destination.parc-oise-paysdefrance.fr\/en\/history-heritage\/castles-chateaux\/mont-leveque-castle\/\" \/>\n<meta property=\"og:site_name\" content=\"Destination Parc Oise Pays de France\" \/>\n<meta property=\"article:publisher\" content=\"https:\/\/www.facebook.com\/PNR.OPDF\/?ref=br_rs\" \/>\n<meta property=\"article:modified_time\" content=\"2020-11-05T08:56:22+00:00\" \/>\n<meta property=\"og:image\" content=\"https:\/\/destination.parc-oise-paysdefrance.fr\/en\/wp-content\/uploads\/sites\/2\/2020\/06\/chateau-Eveque-1.jpg\" \/>\n\t<meta property=\"og:image:width\" content=\"1200\" \/>\n\t<meta property=\"og:image:height\" content=\"1600\" \/>\n<meta name=\"twitter:card\" content=\"summary_large_image\" \/>\n<meta name=\"twitter:label1\" content=\"Written by\">\n\t<meta name=\"twitter:data1\" content=\"brigitte\">\n\t<meta name=\"twitter:label2\" content=\"Est. reading time\">\n\t<meta name=\"twitter:data2\" content=\"2 minutes\">\n<script type=\"application\/ld+json\" class=\"yoast-schema-graph\">{\"@context\":\"https:\/\/schema.org\",\"@graph\":[{\"@type\":\"WebSite\",\"@id\":\"https:\/\/destination.parc-oise-paysdefrance.fr\/en\/#website\",\"url\":\"https:\/\/destination.parc-oise-paysdefrance.fr\/en\/\",\"name\":\"Destination Parc Oise Pays de France\",\"description\":\"A territory of nature\/culture to discover. Castles, parks and gardens, hiking trails, ideas for outings ...\",\"potentialAction\":[{\"@type\":\"SearchAction\",\"target\":\"https:\/\/destination.parc-oise-paysdefrance.fr\/en\/?s={search_term_string}\",\"query-input\":\"required name=search_term_string\"}],\"inLanguage\":\"en-GB\"},{\"@type\":\"ImageObject\",\"@id\":\"https:\/\/destination.parc-oise-paysdefrance.fr\/en\/history-heritage\/castles-chateaux\/mont-leveque-castle\/#primaryimage\",\"inLanguage\":\"en-GB\",\"url\":\"https:\/\/destination.parc-oise-paysdefrance.fr\/en\/wp-content\/uploads\/sites\/2\/2020\/06\/chateau-Eveque-1.jpg\",\"width\":1200,\"height\":1600},{\"@type\":\"WebPage\",\"@id\":\"https:\/\/destination.parc-oise-paysdefrance.fr\/en\/history-heritage\/castles-chateaux\/mont-leveque-castle\/#webpage\",\"url\":\"https:\/\/destination.parc-oise-paysdefrance.fr\/en\/history-heritage\/castles-chateaux\/mont-leveque-castle\/\",\"name\":\"Mont-l\\u2019Ev\\u00eaque castle - Destination Parc Oise Pays de France\",\"isPartOf\":{\"@id\":\"https:\/\/destination.parc-oise-paysdefrance.fr\/en\/#website\"},\"primaryImageOfPage\":{\"@id\":\"https:\/\/destination.parc-oise-paysdefrance.fr\/en\/history-heritage\/castles-chateaux\/mont-leveque-castle\/#primaryimage\"},\"datePublished\":\"2020-06-09T12:19:45+00:00\",\"dateModified\":\"2020-11-05T08:56:22+00:00\",\"description\":\"When you enter in the park of the Castle you will have a crush! A fairy tale image is offered to your eyes! In the heart of the village of Mont-l'Ev\\u00eaque,\",\"breadcrumb\":{\"@id\":\"https:\/\/destination.parc-oise-paysdefrance.fr\/en\/history-heritage\/castles-chateaux\/mont-leveque-castle\/#breadcrumb\"},\"inLanguage\":\"en-GB\",\"potentialAction\":[{\"@type\":\"ReadAction\",\"target\":[\"https:\/\/destination.parc-oise-paysdefrance.fr\/en\/history-heritage\/castles-chateaux\/mont-leveque-castle\/\"]}]},{\"@type\":\"BreadcrumbList\",\"@id\":\"https:\/\/destination.parc-oise-paysdefrance.fr\/en\/history-heritage\/castles-chateaux\/mont-leveque-castle\/#breadcrumb\",\"itemListElement\":[{\"@type\":\"ListItem\",\"position\":1,\"item\":{\"@type\":\"WebPage\",\"@id\":\"https:\/\/destination.parc-oise-paysdefrance.fr\/en\/\",\"url\":\"https:\/\/destination.parc-oise-paysdefrance.fr\/en\/\",\"name\":\"Home\"}},{\"@type\":\"ListItem\",\"position\":2,\"item\":{\"@type\":\"WebPage\",\"@id\":\"https:\/\/destination.parc-oise-paysdefrance.fr\/en\/history-heritage\/\",\"url\":\"https:\/\/destination.parc-oise-paysdefrance.fr\/en\/history-heritage\/\",\"name\":\"History &#038; Heritage\"}},{\"@type\":\"ListItem\",\"position\":3,\"item\":{\"@type\":\"WebPage\",\"@id\":\"https:\/\/destination.parc-oise-paysdefrance.fr\/en\/history-heritage\/castles-chateaux\/\",\"url\":\"https:\/\/destination.parc-oise-paysdefrance.fr\/en\/history-heritage\/castles-chateaux\/\",\"name\":\"Castles &#038; Ch\\u00e2teaux\"}},{\"@type\":\"ListItem\",\"position\":4,\"item\":{\"@type\":\"WebPage\",\"@id\":\"https:\/\/destination.parc-oise-paysdefrance.fr\/en\/history-heritage\/castles-chateaux\/mont-leveque-castle\/\",\"url\":\"https:\/\/destination.parc-oise-paysdefrance.fr\/en\/history-heritage\/castles-chateaux\/mont-leveque-castle\/\",\"name\":\"Mont-l\\u2019Ev\\u00eaque castle\"}}]}]}<\/script>\n<!-- \/ Yoast SEO plugin. -->","_links":{"self":[{"href":"https:\/\/destination.parc-oise-paysdefrance.fr\/en\/wp-json\/wp\/v2\/pages\/141"}],"collection":[{"href":"https:\/\/destination.parc-oise-paysdefrance.fr\/en\/wp-json\/wp\/v2\/pages"}],"about":[{"href":"https:\/\/destination.parc-oise-paysdefrance.fr\/en\/wp-json\/wp\/v2\/types\/page"}],"author":[{"embeddable":true,"href":"https:\/\/destination.parc-oise-paysdefrance.fr\/en\/wp-json\/wp\/v2\/users\/2"}],"replies":[{"embeddable":true,"href":"https:\/\/destination.parc-oise-paysdefrance.fr\/en\/wp-json\/wp\/v2\/comments?post=141"}],"version-history":[{"count":15,"href":"https:\/\/destination.parc-oise-paysdefrance.fr\/en\/wp-json\/wp\/v2\/pages\/141\/revisions"}],"predecessor-version":[{"id":2378,"href":"https:\/\/destination.parc-oise-paysdefrance.fr\/en\/wp-json\/wp\/v2\/pages\/141\/revisions\/2378"}],"up":[{"embeddable":true,"href":"https:\/\/destination.parc-oise-paysdefrance.fr\/en\/wp-json\/wp\/v2\/pages\/77"}],"wp:featuredmedia":[{"embeddable":true,"href":"https:\/\/destination.parc-oise-paysdefrance.fr\/en\/wp-json\/wp\/v2\/media\/802"}],"wp:attachment":[{"href":"https:\/\/destination.parc-oise-paysdefrance.fr\/en\/wp-json\/wp\/v2\/media?parent=141"}],"curies":[{"name":"wp","href":"https:\/\/api.w.org\/{rel}","templated":true}]}}