{"id":145,"date":"2020-06-10T14:19:48","date_gmt":"2020-06-10T12:19:48","guid":{"rendered":"https:\/\/destination.parc-oise-paysdefrance.fr\/uk\/musee-conde\/"},"modified":"2020-12-15T10:53:26","modified_gmt":"2020-12-15T09:53:26","slug":"conde-museum","status":"publish","type":"page","link":"https:\/\/destination.parc-oise-paysdefrance.fr\/en\/history-heritage\/museums\/conde-museum\/","title":{"rendered":"Cond\u00e9 Museum"},"content":{"rendered":"\n<p class=\"is-style-excerpt\">You are invited to the duc d&#8217;Aumale. Sheltered in the heart of the Ch\u00e2teau de Chantilly, the Mus\u00e9e Cond\u00e9 is the second largest collection in France, after the Louvre, for old paintings from the 15th to the 19th century. Indeed, no other French museum presents three Raphael, three Fra Angelico, several Clouet, four Watteau, five Nicolas Poussin, five Ingres, three Delacroix, etc, all of great quality.<\/p>\n\n\n\n<figure class=\"wp-block-gallery columns-3 is-cropped\"><ul class=\"blocks-gallery-grid\"><li class=\"blocks-gallery-item\"><figure><img loading=\"lazy\" width=\"800\" height=\"600\" data-src=\"https:\/\/destination.parc-oise-paysdefrance.fr\/uk\/wp-content\/uploads\/sites\/2\/2020\/06\/mus\u00e9e-chantilly-2-800x600.jpg\" alt=\"\" data-id=\"845\" data-full-url=\"https:\/\/destination.parc-oise-paysdefrance.fr\/uk\/wp-content\/uploads\/sites\/2\/2020\/06\/mus\u00e9e-chantilly-2.jpg\" data-link=\"https:\/\/destination.parc-oise-paysdefrance.fr\/uk\/histoire-patrimoine\/les-musees\/musee-conde\/musee-chantilly-2\/\" class=\"wp-image-845\" data-srcset=\"https:\/\/destination.parc-oise-paysdefrance.fr\/en\/wp-content\/uploads\/sites\/2\/2020\/06\/mus\u00e9e-chantilly-2-800x600.jpg 800w, https:\/\/destination.parc-oise-paysdefrance.fr\/en\/wp-content\/uploads\/sites\/2\/2020\/06\/mus\u00e9e-chantilly-2-200x150.jpg 200w, https:\/\/destination.parc-oise-paysdefrance.fr\/en\/wp-content\/uploads\/sites\/2\/2020\/06\/mus\u00e9e-chantilly-2-650x488.jpg 650w, https:\/\/destination.parc-oise-paysdefrance.fr\/en\/wp-content\/uploads\/sites\/2\/2020\/06\/mus\u00e9e-chantilly-2-280x210.jpg 280w, https:\/\/destination.parc-oise-paysdefrance.fr\/en\/wp-content\/uploads\/sites\/2\/2020\/06\/mus\u00e9e-chantilly-2-900x675.jpg 900w, https:\/\/destination.parc-oise-paysdefrance.fr\/en\/wp-content\/uploads\/sites\/2\/2020\/06\/mus\u00e9e-chantilly-2.jpg 1200w\" sizes=\"(max-width: 800px) 100vw, 800px\" \/><\/figure><\/li><li class=\"blocks-gallery-item\"><figure><img loading=\"lazy\" width=\"450\" height=\"600\" data-src=\"https:\/\/destination.parc-oise-paysdefrance.fr\/uk\/wp-content\/uploads\/sites\/2\/2020\/06\/mus\u00e9e-chantilly-3-450x600.jpg\" alt=\"\" data-id=\"844\" data-full-url=\"https:\/\/destination.parc-oise-paysdefrance.fr\/uk\/wp-content\/uploads\/sites\/2\/2020\/06\/mus\u00e9e-chantilly-3.jpg\" data-link=\"https:\/\/destination.parc-oise-paysdefrance.fr\/uk\/histoire-patrimoine\/les-musees\/musee-conde\/musee-chantilly-3\/\" class=\"wp-image-844\" data-srcset=\"https:\/\/destination.parc-oise-paysdefrance.fr\/en\/wp-content\/uploads\/sites\/2\/2020\/06\/mus\u00e9e-chantilly-3-450x600.jpg 450w, https:\/\/destination.parc-oise-paysdefrance.fr\/en\/wp-content\/uploads\/sites\/2\/2020\/06\/mus\u00e9e-chantilly-3-200x267.jpg 200w, https:\/\/destination.parc-oise-paysdefrance.fr\/en\/wp-content\/uploads\/sites\/2\/2020\/06\/mus\u00e9e-chantilly-3-650x867.jpg 650w, https:\/\/destination.parc-oise-paysdefrance.fr\/en\/wp-content\/uploads\/sites\/2\/2020\/06\/mus\u00e9e-chantilly-3-280x373.jpg 280w, https:\/\/destination.parc-oise-paysdefrance.fr\/en\/wp-content\/uploads\/sites\/2\/2020\/06\/mus\u00e9e-chantilly-3-675x900.jpg 675w, https:\/\/destination.parc-oise-paysdefrance.fr\/en\/wp-content\/uploads\/sites\/2\/2020\/06\/mus\u00e9e-chantilly-3.jpg 900w\" sizes=\"(max-width: 450px) 100vw, 450px\" \/><\/figure><\/li><li class=\"blocks-gallery-item\"><figure><img loading=\"lazy\" width=\"450\" height=\"600\" data-src=\"https:\/\/destination.parc-oise-paysdefrance.fr\/uk\/wp-content\/uploads\/sites\/2\/2020\/06\/mus\u00e9e-chantilly-5-450x600.jpg\" alt=\"\" data-id=\"841\" data-full-url=\"https:\/\/destination.parc-oise-paysdefrance.fr\/uk\/wp-content\/uploads\/sites\/2\/2020\/06\/mus\u00e9e-chantilly-5.jpg\" data-link=\"https:\/\/destination.parc-oise-paysdefrance.fr\/uk\/histoire-patrimoine\/les-musees\/musee-conde\/musee-chantilly-5\/\" class=\"wp-image-841\" data-srcset=\"https:\/\/destination.parc-oise-paysdefrance.fr\/en\/wp-content\/uploads\/sites\/2\/2020\/06\/mus\u00e9e-chantilly-5-450x600.jpg 450w, https:\/\/destination.parc-oise-paysdefrance.fr\/en\/wp-content\/uploads\/sites\/2\/2020\/06\/mus\u00e9e-chantilly-5-200x267.jpg 200w, https:\/\/destination.parc-oise-paysdefrance.fr\/en\/wp-content\/uploads\/sites\/2\/2020\/06\/mus\u00e9e-chantilly-5-650x867.jpg 650w, https:\/\/destination.parc-oise-paysdefrance.fr\/en\/wp-content\/uploads\/sites\/2\/2020\/06\/mus\u00e9e-chantilly-5-280x373.jpg 280w, https:\/\/destination.parc-oise-paysdefrance.fr\/en\/wp-content\/uploads\/sites\/2\/2020\/06\/mus\u00e9e-chantilly-5-675x900.jpg 675w, https:\/\/destination.parc-oise-paysdefrance.fr\/en\/wp-content\/uploads\/sites\/2\/2020\/06\/mus\u00e9e-chantilly-5.jpg 900w\" sizes=\"(max-width: 450px) 100vw, 450px\" \/><\/figure><\/li><\/ul><\/figure>\n\n\n\n<h3>The fact of one man<\/h3>\n\n\n\n<p>Henri d&#8217;Orl\u00e9ans, Duke of Aumale, son of King Louis-Philippe and heir to a large part of the fortune of the Princes of Cond\u00e9, is passionate about art.<\/p>\n\n\n\n<div class=\"wp-block-image\"><figure class=\"aligncenter size-large is-resized\"><img loading=\"lazy\" data-src=\"https:\/\/destination.parc-oise-paysdefrance.fr\/uk\/wp-content\/uploads\/sites\/2\/2020\/06\/60141004-duc-Henri-d-Aumale-429x600.jpg\" alt=\"\" class=\"wp-image-840\" width=\"200\" height=\"280\" data-srcset=\"https:\/\/destination.parc-oise-paysdefrance.fr\/en\/wp-content\/uploads\/sites\/2\/2020\/06\/60141004-duc-Henri-d-Aumale-429x600.jpg 429w, https:\/\/destination.parc-oise-paysdefrance.fr\/en\/wp-content\/uploads\/sites\/2\/2020\/06\/60141004-duc-Henri-d-Aumale-200x280.jpg 200w, https:\/\/destination.parc-oise-paysdefrance.fr\/en\/wp-content\/uploads\/sites\/2\/2020\/06\/60141004-duc-Henri-d-Aumale-280x392.jpg 280w, https:\/\/destination.parc-oise-paysdefrance.fr\/en\/wp-content\/uploads\/sites\/2\/2020\/06\/60141004-duc-Henri-d-Aumale.jpg 640w\" sizes=\"(max-width: 200px) 100vw, 200px\" \/><\/figure><\/div>\n\n\n\n<p>To reconstitute the heritage of his family that disappeared or was sold during the ups and downs of history, he acquired a fabulous collection. He also inherited the collection from his uncle and father-in-law, the Prince of Naples and Sicily.<\/p>\n\n\n\n<p>Back in <a href=\"https:\/\/destination.parc-oise-paysdefrance.fr\/en\/history-heritage\/castles-chateaux\/chateau-de-chantilly\/\" target=\"_blank\" rel=\"noreferrer noopener\">Chantilly<\/a> after the exile, in 1875, he had a castle built next to the Petit Ch\u00e2teau to replace the one destroyed during the Revolution. From the outset, in addition to the apartments and reception rooms, he planned galleries to house and present his accumulated collections. He also set up a library with 1,500 manuscripts, 200 of which are illuminated, including the most famous of them &#8220;The Very Rich Hours of the Duke of Berry&#8221;.<\/p>\n\n\n\n<p><\/p>\n\n\n\n<h3><strong>An inalienable museum<\/strong><\/h3>\n\n\n\n<p>In his will of June 3, 1884, the Duc d&#8217;Aumale, without direct heir, bequeathed his collections, along with the rest of the Domaine de Chantilly, to the Institut de France.<br>In accordance with the wishes of the Duc d&#8217;Aumale, the presentation of the works has remained unchanged since the 19th century, offering a unique opportunity to travel back in time and discover a museography typical of that period. The whole of this fabulous treasure is only visible in Chantilly because the legacy of the Duc d&#8217;Aumale forbids any loan of the works\u2026<\/p>\n\n\n\n<p><\/p>\n\n\n\n<h3><strong>Everything can be visited, we are at the Duc d&#8217;Aumale&#8217;s house.<\/strong><\/h3>\n\n\n\n<p>Today, practically the entire castle can be visited: the large galleries, the library, the small flats inhabited by the Duke of Aumale, the large flats located in the Petit Ch\u00e2teau with the most famous rooms of the castle, the <strong>singeries<\/strong> with walls covered with a set of painted decorations animated by monkeys imitating the actions of man and caricaturing the greats of this world.<\/p>\n\n\n\n<figure class=\"wp-block-image size-large\"><img loading=\"lazy\" width=\"900\" height=\"600\" data-src=\"https:\/\/destination.parc-oise-paysdefrance.fr\/uk\/wp-content\/uploads\/sites\/2\/2020\/06\/appartements-priv\u00e9s-du-duc-et-de-la-duchesse-dAumale-900x600.jpg\" alt=\"\" class=\"wp-image-847\" data-srcset=\"https:\/\/destination.parc-oise-paysdefrance.fr\/en\/wp-content\/uploads\/sites\/2\/2020\/06\/appartements-priv\u00e9s-du-duc-et-de-la-duchesse-dAumale-900x600.jpg 900w, https:\/\/destination.parc-oise-paysdefrance.fr\/en\/wp-content\/uploads\/sites\/2\/2020\/06\/appartements-priv\u00e9s-du-duc-et-de-la-duchesse-dAumale-200x133.jpg 200w, https:\/\/destination.parc-oise-paysdefrance.fr\/en\/wp-content\/uploads\/sites\/2\/2020\/06\/appartements-priv\u00e9s-du-duc-et-de-la-duchesse-dAumale-650x433.jpg 650w, https:\/\/destination.parc-oise-paysdefrance.fr\/en\/wp-content\/uploads\/sites\/2\/2020\/06\/appartements-priv\u00e9s-du-duc-et-de-la-duchesse-dAumale-280x187.jpg 280w, https:\/\/destination.parc-oise-paysdefrance.fr\/en\/wp-content\/uploads\/sites\/2\/2020\/06\/appartements-priv\u00e9s-du-duc-et-de-la-duchesse-dAumale.jpg 1200w\" sizes=\"(max-width: 900px) 100vw, 900px\" \/><\/figure>\n\n\n\n\n<div class=\"wp-block-highlight clear\">\n            <h2 class=\"wp-block-highlight-item wp-block-highlight-title\"><strong>Practical information<\/strong><\/h2>\n    \n    <p class=\"wp-block-highlight-item wp-block-highlight-excerpt\">Domaine de Chantilly<br>60500 Chantilly<br>T\u00e9l.\u00a0: 03 44 27 31 80<br><a href=\"http:\/\/www.domainedechantilly.com\/\"><u>www.domainedechantilly.com\/<\/u><\/a><\/p>\n<\/div>\n\n\n<h4><strong><strong>To complete your visit<\/strong><\/strong><\/h4>\n\n\n\n<p>Click on<a href=\"https:\/\/rando.pnr-idf.fr\/vtc\/de-petites-routes-en-chemins-decouvrons-la-vallee-de-la-nonette-v1\/\" target=\"_blank\" rel=\"noreferrer noopener\"> this link <\/a>to discover an idea for a bike ride, or <a href=\"https:\/\/destination.parc-oise-paysdefrance.fr\/uk\/sorganiser\/lapplication-rando\/\" target=\"_blank\" rel=\"noreferrer noopener\">download the app<\/a> <em>\u2018<\/em>rando Parc Oise\u2019 to be geolocated.<\/p>\n","protected":false},"excerpt":{"rendered":"<p>You are invited to the duc d&#8217;Aumale. Sheltered in the heart of the Ch\u00e2teau de Chantilly, the Mus\u00e9e Cond\u00e9 is the second largest collection in France, after the Louvre, for old paintings from the 15th to the 19th century. Indeed, no other French museum presents three Raphael, three Fra Angelico, several Clouet, four Watteau, five [&hellip;]<\/p>\n","protected":false},"author":2,"featured_media":847,"parent":79,"menu_order":10,"comment_status":"closed","ping_status":"closed","template":"","meta":{"_relevanssi_hide_post":"","_relevanssi_pin_for_all":"","_relevanssi_pin_keywords":"","_relevanssi_unpin_keywords":"","_relevanssi_related_keywords":"","_relevanssi_related_include_ids":"","_relevanssi_related_exclude_ids":"","_relevanssi_related_no_append":"","_relevanssi_related_not_related":"","_relevanssi_related_posts":"","_relevanssi_noindex_reason":""},"yoast_head":"<!-- This site is optimized with the Yoast SEO plugin v15.3 - https:\/\/yoast.com\/wordpress\/plugins\/seo\/ -->\n<meta name=\"description\" content=\"You are invited to the duc d&#039;Aumale. Sheltered in the heart of the Ch\u00e2teau de Chantilly, the Mus\u00e9e Cond\u00e9 is the second largest collection in France, after\" \/>\n<meta name=\"robots\" content=\"index, follow, max-snippet:-1, max-image-preview:large, max-video-preview:-1\" \/>\n<link rel=\"canonical\" href=\"https:\/\/destination.parc-oise-paysdefrance.fr\/en\/history-heritage\/museums\/conde-museum\/\" \/>\n<meta property=\"og:locale\" content=\"en_GB\" \/>\n<meta property=\"og:type\" content=\"article\" \/>\n<meta property=\"og:title\" content=\"Cond\u00e9 Museum - Destination Parc Oise Pays de France\" \/>\n<meta property=\"og:description\" content=\"You are invited to the duc d&#039;Aumale. Sheltered in the heart of the Ch\u00e2teau de Chantilly, the Mus\u00e9e Cond\u00e9 is the second largest collection in France, after\" \/>\n<meta property=\"og:url\" content=\"https:\/\/destination.parc-oise-paysdefrance.fr\/en\/history-heritage\/museums\/conde-museum\/\" \/>\n<meta property=\"og:site_name\" content=\"Destination Parc Oise Pays de France\" \/>\n<meta property=\"article:publisher\" content=\"https:\/\/www.facebook.com\/PNR.OPDF\/?ref=br_rs\" \/>\n<meta property=\"article:modified_time\" content=\"2020-12-15T09:53:26+00:00\" \/>\n<meta property=\"og:image\" content=\"https:\/\/destination.parc-oise-paysdefrance.fr\/en\/wp-content\/uploads\/sites\/2\/2020\/06\/appartements-priv\u00e9s-du-duc-et-de-la-duchesse-dAumale.jpg\" \/>\n\t<meta property=\"og:image:width\" content=\"1200\" \/>\n\t<meta property=\"og:image:height\" content=\"800\" \/>\n<meta name=\"twitter:card\" content=\"summary_large_image\" \/>\n<meta name=\"twitter:label1\" content=\"Written by\">\n\t<meta name=\"twitter:data1\" content=\"brigitte\">\n\t<meta name=\"twitter:label2\" content=\"Est. reading time\">\n\t<meta name=\"twitter:data2\" content=\"2 minutes\">\n<script type=\"application\/ld+json\" class=\"yoast-schema-graph\">{\"@context\":\"https:\/\/schema.org\",\"@graph\":[{\"@type\":\"WebSite\",\"@id\":\"https:\/\/destination.parc-oise-paysdefrance.fr\/en\/#website\",\"url\":\"https:\/\/destination.parc-oise-paysdefrance.fr\/en\/\",\"name\":\"Destination Parc Oise Pays de France\",\"description\":\"A territory of nature\/culture to discover. Castles, parks and gardens, hiking trails, ideas for outings ...\",\"potentialAction\":[{\"@type\":\"SearchAction\",\"target\":\"https:\/\/destination.parc-oise-paysdefrance.fr\/en\/?s={search_term_string}\",\"query-input\":\"required name=search_term_string\"}],\"inLanguage\":\"en-GB\"},{\"@type\":\"ImageObject\",\"@id\":\"https:\/\/destination.parc-oise-paysdefrance.fr\/en\/history-heritage\/museums\/conde-museum\/#primaryimage\",\"inLanguage\":\"en-GB\",\"url\":\"https:\/\/destination.parc-oise-paysdefrance.fr\/en\/wp-content\/uploads\/sites\/2\/2020\/06\/appartements-priv\\u00e9s-du-duc-et-de-la-duchesse-dAumale.jpg\",\"width\":1200,\"height\":800},{\"@type\":\"WebPage\",\"@id\":\"https:\/\/destination.parc-oise-paysdefrance.fr\/en\/history-heritage\/museums\/conde-museum\/#webpage\",\"url\":\"https:\/\/destination.parc-oise-paysdefrance.fr\/en\/history-heritage\/museums\/conde-museum\/\",\"name\":\"Cond\\u00e9 Museum - Destination Parc Oise Pays de France\",\"isPartOf\":{\"@id\":\"https:\/\/destination.parc-oise-paysdefrance.fr\/en\/#website\"},\"primaryImageOfPage\":{\"@id\":\"https:\/\/destination.parc-oise-paysdefrance.fr\/en\/history-heritage\/museums\/conde-museum\/#primaryimage\"},\"datePublished\":\"2020-06-10T12:19:48+00:00\",\"dateModified\":\"2020-12-15T09:53:26+00:00\",\"description\":\"You are invited to the duc d'Aumale. Sheltered in the heart of the Ch\\u00e2teau de Chantilly, the Mus\\u00e9e Cond\\u00e9 is the second largest collection in France, after\",\"breadcrumb\":{\"@id\":\"https:\/\/destination.parc-oise-paysdefrance.fr\/en\/history-heritage\/museums\/conde-museum\/#breadcrumb\"},\"inLanguage\":\"en-GB\",\"potentialAction\":[{\"@type\":\"ReadAction\",\"target\":[\"https:\/\/destination.parc-oise-paysdefrance.fr\/en\/history-heritage\/museums\/conde-museum\/\"]}]},{\"@type\":\"BreadcrumbList\",\"@id\":\"https:\/\/destination.parc-oise-paysdefrance.fr\/en\/history-heritage\/museums\/conde-museum\/#breadcrumb\",\"itemListElement\":[{\"@type\":\"ListItem\",\"position\":1,\"item\":{\"@type\":\"WebPage\",\"@id\":\"https:\/\/destination.parc-oise-paysdefrance.fr\/en\/\",\"url\":\"https:\/\/destination.parc-oise-paysdefrance.fr\/en\/\",\"name\":\"Home\"}},{\"@type\":\"ListItem\",\"position\":2,\"item\":{\"@type\":\"WebPage\",\"@id\":\"https:\/\/destination.parc-oise-paysdefrance.fr\/en\/history-heritage\/\",\"url\":\"https:\/\/destination.parc-oise-paysdefrance.fr\/en\/history-heritage\/\",\"name\":\"History &#038; Heritage\"}},{\"@type\":\"ListItem\",\"position\":3,\"item\":{\"@type\":\"WebPage\",\"@id\":\"https:\/\/destination.parc-oise-paysdefrance.fr\/en\/history-heritage\/museums\/\",\"url\":\"https:\/\/destination.parc-oise-paysdefrance.fr\/en\/history-heritage\/museums\/\",\"name\":\"Museums\"}},{\"@type\":\"ListItem\",\"position\":4,\"item\":{\"@type\":\"WebPage\",\"@id\":\"https:\/\/destination.parc-oise-paysdefrance.fr\/en\/history-heritage\/museums\/conde-museum\/\",\"url\":\"https:\/\/destination.parc-oise-paysdefrance.fr\/en\/history-heritage\/museums\/conde-museum\/\",\"name\":\"Cond\\u00e9 Museum\"}}]}]}<\/script>\n<!-- \/ Yoast SEO plugin. -->","_links":{"self":[{"href":"https:\/\/destination.parc-oise-paysdefrance.fr\/en\/wp-json\/wp\/v2\/pages\/145"}],"collection":[{"href":"https:\/\/destination.parc-oise-paysdefrance.fr\/en\/wp-json\/wp\/v2\/pages"}],"about":[{"href":"https:\/\/destination.parc-oise-paysdefrance.fr\/en\/wp-json\/wp\/v2\/types\/page"}],"author":[{"embeddable":true,"href":"https:\/\/destination.parc-oise-paysdefrance.fr\/en\/wp-json\/wp\/v2\/users\/2"}],"replies":[{"embeddable":true,"href":"https:\/\/destination.parc-oise-paysdefrance.fr\/en\/wp-json\/wp\/v2\/comments?post=145"}],"version-history":[{"count":12,"href":"https:\/\/destination.parc-oise-paysdefrance.fr\/en\/wp-json\/wp\/v2\/pages\/145\/revisions"}],"predecessor-version":[{"id":2450,"href":"https:\/\/destination.parc-oise-paysdefrance.fr\/en\/wp-json\/wp\/v2\/pages\/145\/revisions\/2450"}],"up":[{"embeddable":true,"href":"https:\/\/destination.parc-oise-paysdefrance.fr\/en\/wp-json\/wp\/v2\/pages\/79"}],"wp:featuredmedia":[{"embeddable":true,"href":"https:\/\/destination.parc-oise-paysdefrance.fr\/en\/wp-json\/wp\/v2\/media\/847"}],"wp:attachment":[{"href":"https:\/\/destination.parc-oise-paysdefrance.fr\/en\/wp-json\/wp\/v2\/media?parent=145"}],"curies":[{"name":"wp","href":"https:\/\/api.w.org\/{rel}","templated":true}]}}