{"id":147,"date":"2020-06-10T14:19:50","date_gmt":"2020-06-10T12:19:50","guid":{"rendered":"https:\/\/destination.parc-oise-paysdefrance.fr\/uk\/musee-dart-et-darcheologie\/"},"modified":"2020-11-03T12:47:47","modified_gmt":"2020-11-03T11:47:47","slug":"art-and-archaeology-museum","status":"publish","type":"page","link":"https:\/\/destination.parc-oise-paysdefrance.fr\/en\/history-heritage\/museums\/art-and-archaeology-museum\/","title":{"rendered":"Art and Archaeology Museum"},"content":{"rendered":"\n<p class=\"is-style-excerpt\">Housed in the former episcopal palace, the Senlis Museum of Art and Archaeology invites you to travel back in time, from Gallo-Roman remains to archaeological collections, from Gothic sculptures to medieval liturgical objects and from 17th century paintings to naive works from the 20th century, including the colorful canvases of S\u00e9raphine de Senlis.<\/p>\n\n\n\n<h3><strong>A place as interesting as the collections<\/strong><\/h3>\n\n\n\n<p>The museum is housed in the former bishop&#8217;s palace in the historic heart of the city, right next to the cathedral. Its foundations are nothing less than the Gallo-Roman wall. It was officially inaugurated in 1989 and completely rebuilt from 2006 to 2011.<\/p>\n\n\n\n<figure class=\"wp-block-image size-large\"><img loading=\"lazy\" width=\"800\" height=\"600\" data-src=\"https:\/\/destination.parc-oise-paysdefrance.fr\/uk\/wp-content\/uploads\/sites\/2\/2020\/06\/palais-episcopal-musee-800x600.jpg\" alt=\"\" class=\"wp-image-857\" data-srcset=\"https:\/\/destination.parc-oise-paysdefrance.fr\/en\/wp-content\/uploads\/sites\/2\/2020\/06\/palais-episcopal-musee-800x600.jpg 800w, https:\/\/destination.parc-oise-paysdefrance.fr\/en\/wp-content\/uploads\/sites\/2\/2020\/06\/palais-episcopal-musee-200x150.jpg 200w, https:\/\/destination.parc-oise-paysdefrance.fr\/en\/wp-content\/uploads\/sites\/2\/2020\/06\/palais-episcopal-musee-650x488.jpg 650w, https:\/\/destination.parc-oise-paysdefrance.fr\/en\/wp-content\/uploads\/sites\/2\/2020\/06\/palais-episcopal-musee-280x210.jpg 280w, https:\/\/destination.parc-oise-paysdefrance.fr\/en\/wp-content\/uploads\/sites\/2\/2020\/06\/palais-episcopal-musee-900x675.jpg 900w, https:\/\/destination.parc-oise-paysdefrance.fr\/en\/wp-content\/uploads\/sites\/2\/2020\/06\/palais-episcopal-musee.jpg 1200w\" sizes=\"(max-width: 800px) 100vw, 800px\" \/><\/figure>\n\n\n\n<p>Part of the basement, consisting of the Gallo-Roman wall, contains the remains of an ancient villa. Next to it, a vaulted cellar shelters a very interesting collection of ex-voto found in the excavations of the Gallo-Roman temple in the Halatte forest.<\/p>\n\n\n\n<div class=\"wp-block-image\"><figure class=\"aligncenter size-large is-resized\"><img loading=\"lazy\" data-src=\"https:\/\/destination.parc-oise-paysdefrance.fr\/uk\/wp-content\/uploads\/sites\/2\/2020\/06\/P26-ex-voto-444x600.jpg\" alt=\"\" class=\"wp-image-858\" width=\"354\" height=\"478\" data-srcset=\"https:\/\/destination.parc-oise-paysdefrance.fr\/en\/wp-content\/uploads\/sites\/2\/2020\/06\/P26-ex-voto-444x600.jpg 444w, https:\/\/destination.parc-oise-paysdefrance.fr\/en\/wp-content\/uploads\/sites\/2\/2020\/06\/P26-ex-voto-200x270.jpg 200w, https:\/\/destination.parc-oise-paysdefrance.fr\/en\/wp-content\/uploads\/sites\/2\/2020\/06\/P26-ex-voto-280x378.jpg 280w, https:\/\/destination.parc-oise-paysdefrance.fr\/en\/wp-content\/uploads\/sites\/2\/2020\/06\/P26-ex-voto.jpg 640w\" sizes=\"(max-width: 354px) 100vw, 354px\" \/><\/figure><\/div>\n\n\n\n<p>The medieval collections are deployed on the ground floor. The majestic 14th century vaulted hall contains rare Gothic sculptures.<br>On the first floor is a rich collection of works from the 17th to the 20th century, with two important focal points, Thomas Couture and S\u00e9raphine Louis, known as S\u00e9raphine de Senlis.<br>Chancellor Gu\u00e9rin&#8217;s chapel is dedicated to the works of Thomas Couture (1815-1879). The painter, a native of Senlis, set up his studio there on his return to the town in 1859.<br>In the large room, old paintings (Champaigne, Giordano) mostly come from Senlis Cathedral.<\/p>\n\n\n\n<figure class=\"wp-block-gallery columns-2 is-cropped\"><ul class=\"blocks-gallery-grid\"><li class=\"blocks-gallery-item\"><figure><img loading=\"lazy\" width=\"400\" height=\"600\" data-src=\"https:\/\/destination.parc-oise-paysdefrance.fr\/uk\/wp-content\/uploads\/sites\/2\/2020\/06\/mus\u00e9e-senlis-3-400x600.jpg\" alt=\"\" data-id=\"853\" data-link=\"https:\/\/destination.parc-oise-paysdefrance.fr\/uk\/histoire-patrimoine\/les-musees\/musee-dart-et-darcheologie\/musee-senlis-3\/\" class=\"wp-image-853\" data-srcset=\"https:\/\/destination.parc-oise-paysdefrance.fr\/en\/wp-content\/uploads\/sites\/2\/2020\/06\/mus\u00e9e-senlis-3-400x600.jpg 400w, https:\/\/destination.parc-oise-paysdefrance.fr\/en\/wp-content\/uploads\/sites\/2\/2020\/06\/mus\u00e9e-senlis-3-200x300.jpg 200w, https:\/\/destination.parc-oise-paysdefrance.fr\/en\/wp-content\/uploads\/sites\/2\/2020\/06\/mus\u00e9e-senlis-3-650x975.jpg 650w, https:\/\/destination.parc-oise-paysdefrance.fr\/en\/wp-content\/uploads\/sites\/2\/2020\/06\/mus\u00e9e-senlis-3-280x420.jpg 280w, https:\/\/destination.parc-oise-paysdefrance.fr\/en\/wp-content\/uploads\/sites\/2\/2020\/06\/mus\u00e9e-senlis-3-600x900.jpg 600w, https:\/\/destination.parc-oise-paysdefrance.fr\/en\/wp-content\/uploads\/sites\/2\/2020\/06\/mus\u00e9e-senlis-3.jpg 800w\" sizes=\"(max-width: 400px) 100vw, 400px\" \/><\/figure><\/li><li class=\"blocks-gallery-item\"><figure><img loading=\"lazy\" width=\"900\" height=\"600\" data-src=\"https:\/\/destination.parc-oise-paysdefrance.fr\/uk\/wp-content\/uploads\/sites\/2\/2020\/06\/mus\u00e9e-senlis-900x600.jpg\" alt=\"\" data-id=\"855\" data-full-url=\"https:\/\/destination.parc-oise-paysdefrance.fr\/uk\/wp-content\/uploads\/sites\/2\/2020\/06\/mus\u00e9e-senlis.jpg\" data-link=\"https:\/\/destination.parc-oise-paysdefrance.fr\/uk\/histoire-patrimoine\/les-musees\/musee-dart-et-darcheologie\/musee-senlis\/\" class=\"wp-image-855\" data-srcset=\"https:\/\/destination.parc-oise-paysdefrance.fr\/en\/wp-content\/uploads\/sites\/2\/2020\/06\/mus\u00e9e-senlis-900x600.jpg 900w, https:\/\/destination.parc-oise-paysdefrance.fr\/en\/wp-content\/uploads\/sites\/2\/2020\/06\/mus\u00e9e-senlis-200x133.jpg 200w, https:\/\/destination.parc-oise-paysdefrance.fr\/en\/wp-content\/uploads\/sites\/2\/2020\/06\/mus\u00e9e-senlis-650x433.jpg 650w, https:\/\/destination.parc-oise-paysdefrance.fr\/en\/wp-content\/uploads\/sites\/2\/2020\/06\/mus\u00e9e-senlis-280x187.jpg 280w, https:\/\/destination.parc-oise-paysdefrance.fr\/en\/wp-content\/uploads\/sites\/2\/2020\/06\/mus\u00e9e-senlis.jpg 1200w\" sizes=\"(max-width: 900px) 100vw, 900px\" \/><\/figure><\/li><\/ul><\/figure>\n\n\n\n\n<div class=\"wp-block-highlight clear\">\n            <h2 class=\"wp-block-highlight-item wp-block-highlight-title\"><strong>Practical information<\/strong><\/h2>\n    \n    <p class=\"wp-block-highlight-item wp-block-highlight-excerpt\">Mus\u00e9e d\u2019Art et d\u2019Arch\u00e9ologie<br>Place Notre Dame &#8211; 60300 Senlis<br>T\u00e9l : 03 44\u00a024 86 72\u00a0<br><a href=\"http:\/\/musees.ville-senlis.fr\/Une-ville-trois-musees\/Musee-d-Art-et-d-Archeologie\" target=\"_blank\" rel=\"noreferrer noopener\">http:\/\/musees.ville-senlis.fr\/Une-ville-trois-musees\/Musee-d-Art-et-d-Archeologie<\/a><\/p>\n<\/div>\n\n\n<p><strong>To complete your visit :<\/strong><\/p>\n\n\n\n<p>Click on<a href=\"https:\/\/rando.pnr-idf.fr\/vtc\/de-petites-routes-en-chemins-decouvrons-la-vallee-de-la-nonette-v1\/\" target=\"_blank\" rel=\"noreferrer noopener\"> this link <\/a>to discover an idea for a bike ride, or <a href=\"https:\/\/destination.parc-oise-paysdefrance.fr\/uk\/sorganiser\/lapplication-rando\/\" target=\"_blank\" rel=\"noreferrer noopener\">download the app<\/a> <em>\u2018<\/em>rando Parc Oise\u2019 to be geolocated.<\/p>\n","protected":false},"excerpt":{"rendered":"<p>Housed in the former episcopal palace, the Senlis Museum of Art and Archaeology invites you to travel back in time, from Gallo-Roman remains to archaeological collections, from Gothic sculptures to medieval liturgical objects and from 17th century paintings to naive works from the 20th century, including the colorful canvases of S\u00e9raphine de Senlis. A place [&hellip;]<\/p>\n","protected":false},"author":2,"featured_media":852,"parent":79,"menu_order":20,"comment_status":"closed","ping_status":"closed","template":"","meta":{"_relevanssi_hide_post":"","_relevanssi_pin_for_all":"","_relevanssi_pin_keywords":"","_relevanssi_unpin_keywords":"","_relevanssi_related_keywords":"","_relevanssi_related_include_ids":"","_relevanssi_related_exclude_ids":"","_relevanssi_related_no_append":"","_relevanssi_related_not_related":"","_relevanssi_related_posts":"","_relevanssi_noindex_reason":""},"yoast_head":"<!-- This site is optimized with the Yoast SEO plugin v15.3 - https:\/\/yoast.com\/wordpress\/plugins\/seo\/ -->\n<meta name=\"description\" content=\"Housed in the former episcopal palace, the Senlis Museum of Art and Archaeology invites you to travel back in time, from Gallo-Roman remains to\" \/>\n<meta name=\"robots\" content=\"index, follow, max-snippet:-1, max-image-preview:large, max-video-preview:-1\" \/>\n<link rel=\"canonical\" href=\"https:\/\/destination.parc-oise-paysdefrance.fr\/en\/history-heritage\/museums\/art-and-archaeology-museum\/\" \/>\n<meta property=\"og:locale\" content=\"en_GB\" \/>\n<meta property=\"og:type\" content=\"article\" \/>\n<meta property=\"og:title\" content=\"Art and Archaeology Museum - Destination Parc Oise Pays de France\" \/>\n<meta property=\"og:description\" content=\"Housed in the former episcopal palace, the Senlis Museum of Art and Archaeology invites you to travel back in time, from Gallo-Roman remains to\" \/>\n<meta property=\"og:url\" content=\"https:\/\/destination.parc-oise-paysdefrance.fr\/en\/history-heritage\/museums\/art-and-archaeology-museum\/\" \/>\n<meta property=\"og:site_name\" content=\"Destination Parc Oise Pays de France\" \/>\n<meta property=\"article:publisher\" content=\"https:\/\/www.facebook.com\/PNR.OPDF\/?ref=br_rs\" \/>\n<meta property=\"article:modified_time\" content=\"2020-11-03T11:47:47+00:00\" \/>\n<meta property=\"og:image\" content=\"https:\/\/destination.parc-oise-paysdefrance.fr\/en\/wp-content\/uploads\/sites\/2\/2020\/06\/Mus\u00e9e-dart-et-darcheologie-Senlis-c-D.-Grouard-PNR-OPF.jpg\" \/>\n\t<meta property=\"og:image:width\" content=\"800\" \/>\n\t<meta property=\"og:image:height\" content=\"1200\" \/>\n<meta name=\"twitter:card\" content=\"summary_large_image\" \/>\n<meta name=\"twitter:label1\" content=\"Written by\">\n\t<meta name=\"twitter:data1\" content=\"brigitte\">\n\t<meta name=\"twitter:label2\" content=\"Est. reading time\">\n\t<meta name=\"twitter:data2\" content=\"1 minute\">\n<script type=\"application\/ld+json\" class=\"yoast-schema-graph\">{\"@context\":\"https:\/\/schema.org\",\"@graph\":[{\"@type\":\"WebSite\",\"@id\":\"https:\/\/destination.parc-oise-paysdefrance.fr\/en\/#website\",\"url\":\"https:\/\/destination.parc-oise-paysdefrance.fr\/en\/\",\"name\":\"Destination Parc Oise Pays de France\",\"description\":\"A territory of nature\/culture to discover. Castles, parks and gardens, hiking trails, ideas for outings ...\",\"potentialAction\":[{\"@type\":\"SearchAction\",\"target\":\"https:\/\/destination.parc-oise-paysdefrance.fr\/en\/?s={search_term_string}\",\"query-input\":\"required name=search_term_string\"}],\"inLanguage\":\"en-GB\"},{\"@type\":\"ImageObject\",\"@id\":\"https:\/\/destination.parc-oise-paysdefrance.fr\/en\/history-heritage\/museums\/art-and-archaeology-museum\/#primaryimage\",\"inLanguage\":\"en-GB\",\"url\":\"https:\/\/destination.parc-oise-paysdefrance.fr\/en\/wp-content\/uploads\/sites\/2\/2020\/06\/Mus\\u00e9e-dart-et-darcheologie-Senlis-c-D.-Grouard-PNR-OPF.jpg\",\"width\":800,\"height\":1200},{\"@type\":\"WebPage\",\"@id\":\"https:\/\/destination.parc-oise-paysdefrance.fr\/en\/history-heritage\/museums\/art-and-archaeology-museum\/#webpage\",\"url\":\"https:\/\/destination.parc-oise-paysdefrance.fr\/en\/history-heritage\/museums\/art-and-archaeology-museum\/\",\"name\":\"Art and Archaeology Museum - Destination Parc Oise Pays de France\",\"isPartOf\":{\"@id\":\"https:\/\/destination.parc-oise-paysdefrance.fr\/en\/#website\"},\"primaryImageOfPage\":{\"@id\":\"https:\/\/destination.parc-oise-paysdefrance.fr\/en\/history-heritage\/museums\/art-and-archaeology-museum\/#primaryimage\"},\"datePublished\":\"2020-06-10T12:19:50+00:00\",\"dateModified\":\"2020-11-03T11:47:47+00:00\",\"description\":\"Housed in the former episcopal palace, the Senlis Museum of Art and Archaeology invites you to travel back in time, from Gallo-Roman remains to\",\"breadcrumb\":{\"@id\":\"https:\/\/destination.parc-oise-paysdefrance.fr\/en\/history-heritage\/museums\/art-and-archaeology-museum\/#breadcrumb\"},\"inLanguage\":\"en-GB\",\"potentialAction\":[{\"@type\":\"ReadAction\",\"target\":[\"https:\/\/destination.parc-oise-paysdefrance.fr\/en\/history-heritage\/museums\/art-and-archaeology-museum\/\"]}]},{\"@type\":\"BreadcrumbList\",\"@id\":\"https:\/\/destination.parc-oise-paysdefrance.fr\/en\/history-heritage\/museums\/art-and-archaeology-museum\/#breadcrumb\",\"itemListElement\":[{\"@type\":\"ListItem\",\"position\":1,\"item\":{\"@type\":\"WebPage\",\"@id\":\"https:\/\/destination.parc-oise-paysdefrance.fr\/en\/\",\"url\":\"https:\/\/destination.parc-oise-paysdefrance.fr\/en\/\",\"name\":\"Home\"}},{\"@type\":\"ListItem\",\"position\":2,\"item\":{\"@type\":\"WebPage\",\"@id\":\"https:\/\/destination.parc-oise-paysdefrance.fr\/en\/history-heritage\/\",\"url\":\"https:\/\/destination.parc-oise-paysdefrance.fr\/en\/history-heritage\/\",\"name\":\"History &#038; Heritage\"}},{\"@type\":\"ListItem\",\"position\":3,\"item\":{\"@type\":\"WebPage\",\"@id\":\"https:\/\/destination.parc-oise-paysdefrance.fr\/en\/history-heritage\/museums\/\",\"url\":\"https:\/\/destination.parc-oise-paysdefrance.fr\/en\/history-heritage\/museums\/\",\"name\":\"Museums\"}},{\"@type\":\"ListItem\",\"position\":4,\"item\":{\"@type\":\"WebPage\",\"@id\":\"https:\/\/destination.parc-oise-paysdefrance.fr\/en\/history-heritage\/museums\/art-and-archaeology-museum\/\",\"url\":\"https:\/\/destination.parc-oise-paysdefrance.fr\/en\/history-heritage\/museums\/art-and-archaeology-museum\/\",\"name\":\"Art and Archaeology Museum\"}}]}]}<\/script>\n<!-- \/ Yoast SEO plugin. -->","_links":{"self":[{"href":"https:\/\/destination.parc-oise-paysdefrance.fr\/en\/wp-json\/wp\/v2\/pages\/147"}],"collection":[{"href":"https:\/\/destination.parc-oise-paysdefrance.fr\/en\/wp-json\/wp\/v2\/pages"}],"about":[{"href":"https:\/\/destination.parc-oise-paysdefrance.fr\/en\/wp-json\/wp\/v2\/types\/page"}],"author":[{"embeddable":true,"href":"https:\/\/destination.parc-oise-paysdefrance.fr\/en\/wp-json\/wp\/v2\/users\/2"}],"replies":[{"embeddable":true,"href":"https:\/\/destination.parc-oise-paysdefrance.fr\/en\/wp-json\/wp\/v2\/comments?post=147"}],"version-history":[{"count":15,"href":"https:\/\/destination.parc-oise-paysdefrance.fr\/en\/wp-json\/wp\/v2\/pages\/147\/revisions"}],"predecessor-version":[{"id":2252,"href":"https:\/\/destination.parc-oise-paysdefrance.fr\/en\/wp-json\/wp\/v2\/pages\/147\/revisions\/2252"}],"up":[{"embeddable":true,"href":"https:\/\/destination.parc-oise-paysdefrance.fr\/en\/wp-json\/wp\/v2\/pages\/79"}],"wp:featuredmedia":[{"embeddable":true,"href":"https:\/\/destination.parc-oise-paysdefrance.fr\/en\/wp-json\/wp\/v2\/media\/852"}],"wp:attachment":[{"href":"https:\/\/destination.parc-oise-paysdefrance.fr\/en\/wp-json\/wp\/v2\/media?parent=147"}],"curies":[{"name":"wp","href":"https:\/\/api.w.org\/{rel}","templated":true}]}}