{"id":149,"date":"2020-06-10T14:19:51","date_gmt":"2020-06-10T12:19:51","guid":{"rendered":"https:\/\/destination.parc-oise-paysdefrance.fr\/uk\/musee-jacquemart-andre\/"},"modified":"2020-11-03T12:47:43","modified_gmt":"2020-11-03T11:47:43","slug":"jacquemart-andre-museum","status":"publish","type":"page","link":"https:\/\/destination.parc-oise-paysdefrance.fr\/en\/history-heritage\/museums\/jacquemart-andre-museum\/","title":{"rendered":"Jacquemart-Andr\u00e9 Museum"},"content":{"rendered":"\n<p>Here you are at Madame Jacquemart-Andr\u00e9&#8217;s house in the Chaalis Abbey. An experienced collector, she has gathered here some of her exceptional acquisitions. The works of Giotto, Boucher, Van Loo and Desportes seem to watch over furniture and objets d&#8217;art dating from Antiquity to the 20th century.<br>The museum also houses a collection dedicated to Jean-Jacques Rousseau.<\/p>\n\n\n\n<p><\/p>\n\n\n\n<div class=\"wp-block-image\"><figure class=\"aligncenter size-large is-resized\"><img loading=\"lazy\" data-src=\"https:\/\/destination.parc-oise-paysdefrance.fr\/uk\/wp-content\/uploads\/sites\/2\/2020\/06\/mus\u00e9e-Jacquemart-Andr\u00e9-5-800x600.jpg\" alt=\"\" class=\"wp-image-878\" width=\"591\" height=\"443\" data-srcset=\"https:\/\/destination.parc-oise-paysdefrance.fr\/en\/wp-content\/uploads\/sites\/2\/2020\/06\/mus\u00e9e-Jacquemart-Andr\u00e9-5-800x600.jpg 800w, https:\/\/destination.parc-oise-paysdefrance.fr\/en\/wp-content\/uploads\/sites\/2\/2020\/06\/mus\u00e9e-Jacquemart-Andr\u00e9-5-200x150.jpg 200w, https:\/\/destination.parc-oise-paysdefrance.fr\/en\/wp-content\/uploads\/sites\/2\/2020\/06\/mus\u00e9e-Jacquemart-Andr\u00e9-5-650x488.jpg 650w, https:\/\/destination.parc-oise-paysdefrance.fr\/en\/wp-content\/uploads\/sites\/2\/2020\/06\/mus\u00e9e-Jacquemart-Andr\u00e9-5-280x210.jpg 280w, https:\/\/destination.parc-oise-paysdefrance.fr\/en\/wp-content\/uploads\/sites\/2\/2020\/06\/mus\u00e9e-Jacquemart-Andr\u00e9-5-900x675.jpg 900w, https:\/\/destination.parc-oise-paysdefrance.fr\/en\/wp-content\/uploads\/sites\/2\/2020\/06\/mus\u00e9e-Jacquemart-Andr\u00e9-5.jpg 1200w\" sizes=\"(max-width: 591px) 100vw, 591px\" \/><\/figure><\/div>\n\n\n\n<h2><strong>A modern woman<\/strong><\/h2>\n\n\n\n<p>N\u00e9lie Jacquemart was born into a middle-class family. She becomes a student of the &#8220;Atelier des femmes&#8221;, one of the first academies of painting for women. After receiving several medals in official salons, she specializes in portraits and creates the portrait of \u00c9douard Andr\u00e9, a wealthy banker.<\/p>\n\n\n\n<figure class=\"wp-block-image size-large is-resized\"><img loading=\"lazy\" data-src=\"https:\/\/destination.parc-oise-paysdefrance.fr\/uk\/wp-content\/uploads\/sites\/2\/2020\/06\/NELIE_1-374x600.jpg\" alt=\"\" class=\"wp-image-864\" width=\"204\" height=\"328\" data-srcset=\"https:\/\/destination.parc-oise-paysdefrance.fr\/en\/wp-content\/uploads\/sites\/2\/2020\/06\/NELIE_1-374x600.jpg 374w, https:\/\/destination.parc-oise-paysdefrance.fr\/en\/wp-content\/uploads\/sites\/2\/2020\/06\/NELIE_1-200x321.jpg 200w, https:\/\/destination.parc-oise-paysdefrance.fr\/en\/wp-content\/uploads\/sites\/2\/2020\/06\/NELIE_1-650x1042.jpg 650w, https:\/\/destination.parc-oise-paysdefrance.fr\/en\/wp-content\/uploads\/sites\/2\/2020\/06\/NELIE_1-280x449.jpg 280w, https:\/\/destination.parc-oise-paysdefrance.fr\/en\/wp-content\/uploads\/sites\/2\/2020\/06\/NELIE_1-561x900.jpg 561w, https:\/\/destination.parc-oise-paysdefrance.fr\/en\/wp-content\/uploads\/sites\/2\/2020\/06\/NELIE_1.jpg 680w\" sizes=\"(max-width: 204px) 100vw, 204px\" \/><\/figure>\n\n\n\n<p>At the age of 40, she married \u00c9douard Andr\u00e9. She changes her way of life, giving up painting to organize receptions and social concerts.<br>And above all, for the couple, collecting works of art is a passion. They travel all over Italy, but also Egypt, Constantinople\u2026 Very interested, in particular by the Italian Renaissance, N\u00e9lie and \u00c9douard buy from art dealers 207 sculptures, 97 paintings.<\/p>\n\n\n\n<p><\/p>\n\n\n\n<figure class=\"wp-block-gallery columns-3 is-cropped\"><ul class=\"blocks-gallery-grid\"><li class=\"blocks-gallery-item\"><figure><img loading=\"lazy\" width=\"900\" height=\"600\" data-src=\"https:\/\/destination.parc-oise-paysdefrance.fr\/uk\/wp-content\/uploads\/sites\/2\/2020\/06\/mus\u00e9e-Jacquemart-Andr\u00e9-3-1-900x600.jpg\" alt=\"\" data-id=\"874\" data-full-url=\"https:\/\/destination.parc-oise-paysdefrance.fr\/uk\/wp-content\/uploads\/sites\/2\/2020\/06\/mus\u00e9e-Jacquemart-Andr\u00e9-3-1.jpg\" data-link=\"https:\/\/destination.parc-oise-paysdefrance.fr\/uk\/histoire-patrimoine\/les-musees\/musee-jacquemart-andre\/musee-jacquemart-andre-3-1\/\" class=\"wp-image-874\" data-srcset=\"https:\/\/destination.parc-oise-paysdefrance.fr\/en\/wp-content\/uploads\/sites\/2\/2020\/06\/mus\u00e9e-Jacquemart-Andr\u00e9-3-1-900x600.jpg 900w, https:\/\/destination.parc-oise-paysdefrance.fr\/en\/wp-content\/uploads\/sites\/2\/2020\/06\/mus\u00e9e-Jacquemart-Andr\u00e9-3-1-200x133.jpg 200w, https:\/\/destination.parc-oise-paysdefrance.fr\/en\/wp-content\/uploads\/sites\/2\/2020\/06\/mus\u00e9e-Jacquemart-Andr\u00e9-3-1-650x433.jpg 650w, https:\/\/destination.parc-oise-paysdefrance.fr\/en\/wp-content\/uploads\/sites\/2\/2020\/06\/mus\u00e9e-Jacquemart-Andr\u00e9-3-1-280x187.jpg 280w, https:\/\/destination.parc-oise-paysdefrance.fr\/en\/wp-content\/uploads\/sites\/2\/2020\/06\/mus\u00e9e-Jacquemart-Andr\u00e9-3-1.jpg 1200w\" sizes=\"(max-width: 900px) 100vw, 900px\" \/><\/figure><\/li><li class=\"blocks-gallery-item\"><figure><img loading=\"lazy\" width=\"900\" height=\"600\" data-src=\"https:\/\/destination.parc-oise-paysdefrance.fr\/uk\/wp-content\/uploads\/sites\/2\/2020\/06\/mus\u00e9e-Jacquemart-Andr\u00e9-900x600.jpg\" alt=\"\" data-id=\"866\" data-full-url=\"https:\/\/destination.parc-oise-paysdefrance.fr\/uk\/wp-content\/uploads\/sites\/2\/2020\/06\/mus\u00e9e-Jacquemart-Andr\u00e9.jpg\" data-link=\"https:\/\/destination.parc-oise-paysdefrance.fr\/uk\/histoire-patrimoine\/les-musees\/musee-jacquemart-andre\/musee-jacquemart-andre-2\/\" class=\"wp-image-866\" data-srcset=\"https:\/\/destination.parc-oise-paysdefrance.fr\/en\/wp-content\/uploads\/sites\/2\/2020\/06\/mus\u00e9e-Jacquemart-Andr\u00e9-900x600.jpg 900w, https:\/\/destination.parc-oise-paysdefrance.fr\/en\/wp-content\/uploads\/sites\/2\/2020\/06\/mus\u00e9e-Jacquemart-Andr\u00e9-200x133.jpg 200w, https:\/\/destination.parc-oise-paysdefrance.fr\/en\/wp-content\/uploads\/sites\/2\/2020\/06\/mus\u00e9e-Jacquemart-Andr\u00e9-650x433.jpg 650w, https:\/\/destination.parc-oise-paysdefrance.fr\/en\/wp-content\/uploads\/sites\/2\/2020\/06\/mus\u00e9e-Jacquemart-Andr\u00e9-280x187.jpg 280w, https:\/\/destination.parc-oise-paysdefrance.fr\/en\/wp-content\/uploads\/sites\/2\/2020\/06\/mus\u00e9e-Jacquemart-Andr\u00e9.jpg 1200w\" sizes=\"(max-width: 900px) 100vw, 900px\" \/><\/figure><\/li><li class=\"blocks-gallery-item\"><figure><img loading=\"lazy\" width=\"900\" height=\"600\" data-src=\"https:\/\/destination.parc-oise-paysdefrance.fr\/uk\/wp-content\/uploads\/sites\/2\/2020\/06\/mus\u00e9e-Jacquemart-Andr\u00e9-2-900x600.jpg\" alt=\"\" data-id=\"869\" data-full-url=\"https:\/\/destination.parc-oise-paysdefrance.fr\/uk\/wp-content\/uploads\/sites\/2\/2020\/06\/mus\u00e9e-Jacquemart-Andr\u00e9-2.jpg\" data-link=\"https:\/\/destination.parc-oise-paysdefrance.fr\/uk\/histoire-patrimoine\/les-musees\/musee-jacquemart-andre\/musee-jacquemart-andre-2-2\/\" class=\"wp-image-869\" data-srcset=\"https:\/\/destination.parc-oise-paysdefrance.fr\/en\/wp-content\/uploads\/sites\/2\/2020\/06\/mus\u00e9e-Jacquemart-Andr\u00e9-2-900x600.jpg 900w, https:\/\/destination.parc-oise-paysdefrance.fr\/en\/wp-content\/uploads\/sites\/2\/2020\/06\/mus\u00e9e-Jacquemart-Andr\u00e9-2-200x133.jpg 200w, https:\/\/destination.parc-oise-paysdefrance.fr\/en\/wp-content\/uploads\/sites\/2\/2020\/06\/mus\u00e9e-Jacquemart-Andr\u00e9-2-650x433.jpg 650w, https:\/\/destination.parc-oise-paysdefrance.fr\/en\/wp-content\/uploads\/sites\/2\/2020\/06\/mus\u00e9e-Jacquemart-Andr\u00e9-2-280x187.jpg 280w, https:\/\/destination.parc-oise-paysdefrance.fr\/en\/wp-content\/uploads\/sites\/2\/2020\/06\/mus\u00e9e-Jacquemart-Andr\u00e9-2.jpg 1200w\" sizes=\"(max-width: 900px) 100vw, 900px\" \/><\/figure><\/li><\/ul><\/figure>\n\n\n\n<p>In 1912, N\u00e9lie Jacquemart-Andr\u00e9 bequeathed all her possessions to the Institut de France. One year later, the two Jacquemart-Andr\u00e9 museums, in Paris and Chaalis, opened to the public who visited places inhabited by antique sculptures, tapestries, paintings by Giotto\u2026 Her private apartment, in Chaalis, testifies to her life as a woman of taste.<br><\/p>\n\n\n\n<p>In 1923, this museum of exception is enriched by the collection Jean-Jacques Rousseau, gathered by the Marquis de Girardin after having given asylum to the famous philosopher in nearby Ermenonville.<\/p>\n\n\n\n\n<div class=\"wp-block-highlight clear\">\n            <h2 class=\"wp-block-highlight-item wp-block-highlight-title\"><strong>Practical information<\/strong><\/h2>\n    \n    <p class=\"wp-block-highlight-item wp-block-highlight-excerpt\">Mus\u00e9e Jacquemart-Andr\u00e9<br>Abbaye Royale de Chaalis<br>60300 Fontaine-Chaalis<br>T\u00e9l : 03 44 54 04 02<br><a href=\"http:\/\/www.chaalis.fr\/\"><u>ww.chaalis.fr\/<\/u><\/a><\/p>\n<\/div>\n\n\n<h2>To complete your visit:<\/h2>\n\n\n\n<p>Discover a walk by clicking on <a rel=\"noreferrer noopener\" href=\"https:\/\/rando.pnr-idf.fr\/pedestre\/en-compagnie-de-la-reine-hortense\/\" target=\"_blank\">this link<\/a>, or <a href=\"https:\/\/destination.parc-oise-paysdefrance.fr\/uk\/sorganiser\/lapplication-rando\/\" target=\"_blank\" rel=\"noreferrer noopener\">download the app<\/a> \u2018rando Parc Oise\u2019 to be geolocated.<\/p>\n\n\n\n<p><\/p>\n","protected":false},"excerpt":{"rendered":"<p>Here you are at Madame Jacquemart-Andr\u00e9&#8217;s house in the Chaalis Abbey. An experienced collector, she has gathered here some of her exceptional acquisitions. The works of Giotto, Boucher, Van Loo and Desportes seem to watch over furniture and objets d&#8217;art dating from Antiquity to the 20th century.The museum also houses a collection dedicated to Jean-Jacques [&hellip;]<\/p>\n","protected":false},"author":2,"featured_media":869,"parent":79,"menu_order":30,"comment_status":"closed","ping_status":"closed","template":"","meta":{"_relevanssi_hide_post":"","_relevanssi_pin_for_all":"","_relevanssi_pin_keywords":"","_relevanssi_unpin_keywords":"","_relevanssi_related_keywords":"","_relevanssi_related_include_ids":"","_relevanssi_related_exclude_ids":"","_relevanssi_related_no_append":"","_relevanssi_related_not_related":"","_relevanssi_related_posts":"","_relevanssi_noindex_reason":""},"yoast_head":"<!-- This site is optimized with the Yoast SEO plugin v15.3 - https:\/\/yoast.com\/wordpress\/plugins\/seo\/ -->\n<meta name=\"description\" content=\"Here you are at Madame Jacquemart-Andr\u00e9&#039;s house in the Chaalis Abbey. An experienced collector, she has gathered here some of her exceptional\" \/>\n<meta name=\"robots\" content=\"index, follow, max-snippet:-1, max-image-preview:large, max-video-preview:-1\" \/>\n<link rel=\"canonical\" href=\"https:\/\/destination.parc-oise-paysdefrance.fr\/en\/history-heritage\/museums\/jacquemart-andre-museum\/\" \/>\n<meta property=\"og:locale\" content=\"en_GB\" \/>\n<meta property=\"og:type\" content=\"article\" \/>\n<meta property=\"og:title\" content=\"Jacquemart-Andr\u00e9 Museum - Destination Parc Oise Pays de France\" \/>\n<meta property=\"og:description\" content=\"Here you are at Madame Jacquemart-Andr\u00e9&#039;s house in the Chaalis Abbey. An experienced collector, she has gathered here some of her exceptional\" \/>\n<meta property=\"og:url\" content=\"https:\/\/destination.parc-oise-paysdefrance.fr\/en\/history-heritage\/museums\/jacquemart-andre-museum\/\" \/>\n<meta property=\"og:site_name\" content=\"Destination Parc Oise Pays de France\" \/>\n<meta property=\"article:publisher\" content=\"https:\/\/www.facebook.com\/PNR.OPDF\/?ref=br_rs\" \/>\n<meta property=\"article:modified_time\" content=\"2020-11-03T11:47:43+00:00\" \/>\n<meta property=\"og:image\" content=\"https:\/\/destination.parc-oise-paysdefrance.fr\/en\/wp-content\/uploads\/sites\/2\/2020\/06\/mus\u00e9e-Jacquemart-Andr\u00e9-2.jpg\" \/>\n\t<meta property=\"og:image:width\" content=\"1200\" \/>\n\t<meta property=\"og:image:height\" content=\"800\" \/>\n<meta name=\"twitter:card\" content=\"summary_large_image\" \/>\n<meta name=\"twitter:label1\" content=\"Written by\">\n\t<meta name=\"twitter:data1\" content=\"brigitte\">\n\t<meta name=\"twitter:label2\" content=\"Est. reading time\">\n\t<meta name=\"twitter:data2\" content=\"1 minute\">\n<script type=\"application\/ld+json\" class=\"yoast-schema-graph\">{\"@context\":\"https:\/\/schema.org\",\"@graph\":[{\"@type\":\"WebSite\",\"@id\":\"https:\/\/destination.parc-oise-paysdefrance.fr\/en\/#website\",\"url\":\"https:\/\/destination.parc-oise-paysdefrance.fr\/en\/\",\"name\":\"Destination Parc Oise Pays de France\",\"description\":\"A territory of nature\/culture to discover. Castles, parks and gardens, hiking trails, ideas for outings ...\",\"potentialAction\":[{\"@type\":\"SearchAction\",\"target\":\"https:\/\/destination.parc-oise-paysdefrance.fr\/en\/?s={search_term_string}\",\"query-input\":\"required name=search_term_string\"}],\"inLanguage\":\"en-GB\"},{\"@type\":\"ImageObject\",\"@id\":\"https:\/\/destination.parc-oise-paysdefrance.fr\/en\/history-heritage\/museums\/jacquemart-andre-museum\/#primaryimage\",\"inLanguage\":\"en-GB\",\"url\":\"https:\/\/destination.parc-oise-paysdefrance.fr\/en\/wp-content\/uploads\/sites\/2\/2020\/06\/mus\\u00e9e-Jacquemart-Andr\\u00e9-2.jpg\",\"width\":1200,\"height\":800},{\"@type\":\"WebPage\",\"@id\":\"https:\/\/destination.parc-oise-paysdefrance.fr\/en\/history-heritage\/museums\/jacquemart-andre-museum\/#webpage\",\"url\":\"https:\/\/destination.parc-oise-paysdefrance.fr\/en\/history-heritage\/museums\/jacquemart-andre-museum\/\",\"name\":\"Jacquemart-Andr\\u00e9 Museum - Destination Parc Oise Pays de France\",\"isPartOf\":{\"@id\":\"https:\/\/destination.parc-oise-paysdefrance.fr\/en\/#website\"},\"primaryImageOfPage\":{\"@id\":\"https:\/\/destination.parc-oise-paysdefrance.fr\/en\/history-heritage\/museums\/jacquemart-andre-museum\/#primaryimage\"},\"datePublished\":\"2020-06-10T12:19:51+00:00\",\"dateModified\":\"2020-11-03T11:47:43+00:00\",\"description\":\"Here you are at Madame Jacquemart-Andr\\u00e9's house in the Chaalis Abbey. An experienced collector, she has gathered here some of her exceptional\",\"breadcrumb\":{\"@id\":\"https:\/\/destination.parc-oise-paysdefrance.fr\/en\/history-heritage\/museums\/jacquemart-andre-museum\/#breadcrumb\"},\"inLanguage\":\"en-GB\",\"potentialAction\":[{\"@type\":\"ReadAction\",\"target\":[\"https:\/\/destination.parc-oise-paysdefrance.fr\/en\/history-heritage\/museums\/jacquemart-andre-museum\/\"]}]},{\"@type\":\"BreadcrumbList\",\"@id\":\"https:\/\/destination.parc-oise-paysdefrance.fr\/en\/history-heritage\/museums\/jacquemart-andre-museum\/#breadcrumb\",\"itemListElement\":[{\"@type\":\"ListItem\",\"position\":1,\"item\":{\"@type\":\"WebPage\",\"@id\":\"https:\/\/destination.parc-oise-paysdefrance.fr\/en\/\",\"url\":\"https:\/\/destination.parc-oise-paysdefrance.fr\/en\/\",\"name\":\"Home\"}},{\"@type\":\"ListItem\",\"position\":2,\"item\":{\"@type\":\"WebPage\",\"@id\":\"https:\/\/destination.parc-oise-paysdefrance.fr\/en\/history-heritage\/\",\"url\":\"https:\/\/destination.parc-oise-paysdefrance.fr\/en\/history-heritage\/\",\"name\":\"History &#038; Heritage\"}},{\"@type\":\"ListItem\",\"position\":3,\"item\":{\"@type\":\"WebPage\",\"@id\":\"https:\/\/destination.parc-oise-paysdefrance.fr\/en\/history-heritage\/museums\/\",\"url\":\"https:\/\/destination.parc-oise-paysdefrance.fr\/en\/history-heritage\/museums\/\",\"name\":\"Museums\"}},{\"@type\":\"ListItem\",\"position\":4,\"item\":{\"@type\":\"WebPage\",\"@id\":\"https:\/\/destination.parc-oise-paysdefrance.fr\/en\/history-heritage\/museums\/jacquemart-andre-museum\/\",\"url\":\"https:\/\/destination.parc-oise-paysdefrance.fr\/en\/history-heritage\/museums\/jacquemart-andre-museum\/\",\"name\":\"Jacquemart-Andr\\u00e9 Museum\"}}]}]}<\/script>\n<!-- \/ Yoast SEO plugin. -->","_links":{"self":[{"href":"https:\/\/destination.parc-oise-paysdefrance.fr\/en\/wp-json\/wp\/v2\/pages\/149"}],"collection":[{"href":"https:\/\/destination.parc-oise-paysdefrance.fr\/en\/wp-json\/wp\/v2\/pages"}],"about":[{"href":"https:\/\/destination.parc-oise-paysdefrance.fr\/en\/wp-json\/wp\/v2\/types\/page"}],"author":[{"embeddable":true,"href":"https:\/\/destination.parc-oise-paysdefrance.fr\/en\/wp-json\/wp\/v2\/users\/2"}],"replies":[{"embeddable":true,"href":"https:\/\/destination.parc-oise-paysdefrance.fr\/en\/wp-json\/wp\/v2\/comments?post=149"}],"version-history":[{"count":13,"href":"https:\/\/destination.parc-oise-paysdefrance.fr\/en\/wp-json\/wp\/v2\/pages\/149\/revisions"}],"predecessor-version":[{"id":2222,"href":"https:\/\/destination.parc-oise-paysdefrance.fr\/en\/wp-json\/wp\/v2\/pages\/149\/revisions\/2222"}],"up":[{"embeddable":true,"href":"https:\/\/destination.parc-oise-paysdefrance.fr\/en\/wp-json\/wp\/v2\/pages\/79"}],"wp:featuredmedia":[{"embeddable":true,"href":"https:\/\/destination.parc-oise-paysdefrance.fr\/en\/wp-json\/wp\/v2\/media\/869"}],"wp:attachment":[{"href":"https:\/\/destination.parc-oise-paysdefrance.fr\/en\/wp-json\/wp\/v2\/media?parent=149"}],"curies":[{"name":"wp","href":"https:\/\/api.w.org\/{rel}","templated":true}]}}