{"id":1499,"date":"2020-07-02T14:02:27","date_gmt":"2020-07-02T12:02:27","guid":{"rendered":"https:\/\/destination.parc-oise-paysdefrance.fr\/uk\/?page_id=1499"},"modified":"2020-11-03T12:50:37","modified_gmt":"2020-11-03T11:50:37","slug":"pierre-monconseil-trail","status":"publish","type":"page","link":"https:\/\/destination.parc-oise-paysdefrance.fr\/en\/walking-cycling-riding\/nature-trails\/pierre-monconseil-trail\/","title":{"rendered":"Pierre Monconseil Trail"},"content":{"rendered":"\n<p class=\"is-style-excerpt\">For an understanding of forest life and management, follow this educational trail created by a private owner. You will learn everything about the Bois de Mori\u00e8re, from its geology to the Ch\u00e2teau de Valli\u00e8res.&nbsp;&nbsp;<\/p>\n\n\n\n<p class=\"is-style-blockquote\"><em>1.5 km educational trail. On the D607, halfway between Thiers-sur-Th\u00e9ve and Mortefontaine, turn right onto the Chemin de la Tournelle.&nbsp;<\/em><\/p>\n\n\n\n<figure class=\"wp-block-gallery columns-3 is-cropped\"><ul class=\"blocks-gallery-grid\"><li class=\"blocks-gallery-item\"><figure><img loading=\"lazy\" width=\"450\" height=\"600\" data-src=\"https:\/\/destination.parc-oise-paysdefrance.fr\/uk\/wp-content\/uploads\/sites\/2\/2020\/07\/Sentier-Pierre-Monconseil_Mortefontaine-4-450x600.jpg\" alt=\"\" data-id=\"1504\" data-full-url=\"https:\/\/destination.parc-oise-paysdefrance.fr\/uk\/wp-content\/uploads\/sites\/2\/2020\/07\/Sentier-Pierre-Monconseil_Mortefontaine-4.jpg\" data-link=\"https:\/\/destination.parc-oise-paysdefrance.fr\/uk\/?attachment_id=1504\" class=\"wp-image-1504\" data-srcset=\"https:\/\/destination.parc-oise-paysdefrance.fr\/en\/wp-content\/uploads\/sites\/2\/2020\/07\/Sentier-Pierre-Monconseil_Mortefontaine-4-450x600.jpg 450w, https:\/\/destination.parc-oise-paysdefrance.fr\/en\/wp-content\/uploads\/sites\/2\/2020\/07\/Sentier-Pierre-Monconseil_Mortefontaine-4-200x267.jpg 200w, https:\/\/destination.parc-oise-paysdefrance.fr\/en\/wp-content\/uploads\/sites\/2\/2020\/07\/Sentier-Pierre-Monconseil_Mortefontaine-4-650x867.jpg 650w, https:\/\/destination.parc-oise-paysdefrance.fr\/en\/wp-content\/uploads\/sites\/2\/2020\/07\/Sentier-Pierre-Monconseil_Mortefontaine-4-280x373.jpg 280w, https:\/\/destination.parc-oise-paysdefrance.fr\/en\/wp-content\/uploads\/sites\/2\/2020\/07\/Sentier-Pierre-Monconseil_Mortefontaine-4.jpg 900w\" sizes=\"(max-width: 450px) 100vw, 450px\" \/><\/figure><\/li><li class=\"blocks-gallery-item\"><figure><img loading=\"lazy\" width=\"450\" height=\"600\" data-src=\"https:\/\/destination.parc-oise-paysdefrance.fr\/uk\/wp-content\/uploads\/sites\/2\/2020\/07\/Sentier-Pierre-Monconseil_Mortefontaine-3-450x600.jpg\" alt=\"\" data-id=\"1505\" data-full-url=\"https:\/\/destination.parc-oise-paysdefrance.fr\/uk\/wp-content\/uploads\/sites\/2\/2020\/07\/Sentier-Pierre-Monconseil_Mortefontaine-3.jpg\" data-link=\"https:\/\/destination.parc-oise-paysdefrance.fr\/uk\/?attachment_id=1505\" class=\"wp-image-1505\" data-srcset=\"https:\/\/destination.parc-oise-paysdefrance.fr\/en\/wp-content\/uploads\/sites\/2\/2020\/07\/Sentier-Pierre-Monconseil_Mortefontaine-3-450x600.jpg 450w, https:\/\/destination.parc-oise-paysdefrance.fr\/en\/wp-content\/uploads\/sites\/2\/2020\/07\/Sentier-Pierre-Monconseil_Mortefontaine-3-200x267.jpg 200w, https:\/\/destination.parc-oise-paysdefrance.fr\/en\/wp-content\/uploads\/sites\/2\/2020\/07\/Sentier-Pierre-Monconseil_Mortefontaine-3-650x867.jpg 650w, https:\/\/destination.parc-oise-paysdefrance.fr\/en\/wp-content\/uploads\/sites\/2\/2020\/07\/Sentier-Pierre-Monconseil_Mortefontaine-3-280x373.jpg 280w, https:\/\/destination.parc-oise-paysdefrance.fr\/en\/wp-content\/uploads\/sites\/2\/2020\/07\/Sentier-Pierre-Monconseil_Mortefontaine-3.jpg 900w\" sizes=\"(max-width: 450px) 100vw, 450px\" \/><\/figure><\/li><li class=\"blocks-gallery-item\"><figure><img loading=\"lazy\" width=\"450\" height=\"600\" data-src=\"https:\/\/destination.parc-oise-paysdefrance.fr\/uk\/wp-content\/uploads\/sites\/2\/2020\/07\/Sentier-Pierre-Monconseil_Mortefontaine-2-450x600.jpg\" alt=\"\" data-id=\"1506\" data-full-url=\"https:\/\/destination.parc-oise-paysdefrance.fr\/uk\/wp-content\/uploads\/sites\/2\/2020\/07\/Sentier-Pierre-Monconseil_Mortefontaine-2.jpg\" data-link=\"https:\/\/destination.parc-oise-paysdefrance.fr\/uk\/?attachment_id=1506\" class=\"wp-image-1506\" data-srcset=\"https:\/\/destination.parc-oise-paysdefrance.fr\/en\/wp-content\/uploads\/sites\/2\/2020\/07\/Sentier-Pierre-Monconseil_Mortefontaine-2-450x600.jpg 450w, https:\/\/destination.parc-oise-paysdefrance.fr\/en\/wp-content\/uploads\/sites\/2\/2020\/07\/Sentier-Pierre-Monconseil_Mortefontaine-2-200x267.jpg 200w, https:\/\/destination.parc-oise-paysdefrance.fr\/en\/wp-content\/uploads\/sites\/2\/2020\/07\/Sentier-Pierre-Monconseil_Mortefontaine-2-650x867.jpg 650w, https:\/\/destination.parc-oise-paysdefrance.fr\/en\/wp-content\/uploads\/sites\/2\/2020\/07\/Sentier-Pierre-Monconseil_Mortefontaine-2-280x373.jpg 280w, https:\/\/destination.parc-oise-paysdefrance.fr\/en\/wp-content\/uploads\/sites\/2\/2020\/07\/Sentier-Pierre-Monconseil_Mortefontaine-2.jpg 900w\" sizes=\"(max-width: 450px) 100vw, 450px\" \/><\/figure><\/li><\/ul><\/figure>\n\n\n\n<figure class=\"wp-block-image size-large\"><img loading=\"lazy\" width=\"800\" height=\"600\" data-src=\"https:\/\/destination.parc-oise-paysdefrance.fr\/uk\/wp-content\/uploads\/sites\/2\/2020\/07\/Sentier-Pierre-Monconseil_Mortefontaine-5-800x600.jpg\" alt=\"\" class=\"wp-image-1507\" data-srcset=\"https:\/\/destination.parc-oise-paysdefrance.fr\/en\/wp-content\/uploads\/sites\/2\/2020\/07\/Sentier-Pierre-Monconseil_Mortefontaine-5-800x600.jpg 800w, https:\/\/destination.parc-oise-paysdefrance.fr\/en\/wp-content\/uploads\/sites\/2\/2020\/07\/Sentier-Pierre-Monconseil_Mortefontaine-5-200x150.jpg 200w, https:\/\/destination.parc-oise-paysdefrance.fr\/en\/wp-content\/uploads\/sites\/2\/2020\/07\/Sentier-Pierre-Monconseil_Mortefontaine-5-650x488.jpg 650w, https:\/\/destination.parc-oise-paysdefrance.fr\/en\/wp-content\/uploads\/sites\/2\/2020\/07\/Sentier-Pierre-Monconseil_Mortefontaine-5-280x210.jpg 280w, https:\/\/destination.parc-oise-paysdefrance.fr\/en\/wp-content\/uploads\/sites\/2\/2020\/07\/Sentier-Pierre-Monconseil_Mortefontaine-5.jpg 1200w\" sizes=\"(max-width: 800px) 100vw, 800px\" \/><\/figure>\n\n\n\n\n<div class=\"wp-block-highlight clear\">\n            <h2 class=\"wp-block-highlight-item wp-block-highlight-title\">Click here to\u00a0<a href=\"https:\/\/destination.parc-oise-paysdefrance.fr\/uk\/sorganiser\/lapplication-rando\/\" target=\"_blank\" rel=\"noreferrer noopener\">download the app<\/a>\u00a0\u2018rando Parc Oise\u2019 to be geolocated.<\/h2>\n    \n    <p class=\"wp-block-highlight-item wp-block-highlight-excerpt\">Or discover this walk by clicking on<a href=\"https:\/\/rando.pnr-idf.fr\/pedestre\/sentier-de-la-pierre-monconseil\/\" target=\"_blank\" rel=\"noreferrer noopener\"> this\u00a0link<\/a><\/p>\n<\/div>","protected":false},"excerpt":{"rendered":"<p>For an understanding of forest life and management, follow this educational trail created by a private owner. You will learn everything about the Bois de Mori\u00e8re, from its geology to the Ch\u00e2teau de Valli\u00e8res.&nbsp;&nbsp; 1.5 km educational trail. On the D607, halfway between Thiers-sur-Th\u00e9ve and Mortefontaine, turn right onto the Chemin de la Tournelle.&nbsp;<\/p>\n","protected":false},"author":2,"featured_media":1500,"parent":73,"menu_order":0,"comment_status":"closed","ping_status":"closed","template":"","meta":{"_relevanssi_hide_post":"","_relevanssi_pin_for_all":"","_relevanssi_pin_keywords":"","_relevanssi_unpin_keywords":"","_relevanssi_related_keywords":"","_relevanssi_related_include_ids":"","_relevanssi_related_exclude_ids":"","_relevanssi_related_no_append":"","_relevanssi_related_not_related":"","_relevanssi_related_posts":"","_relevanssi_noindex_reason":""},"yoast_head":"<!-- This site is optimized with the Yoast SEO plugin v15.3 - https:\/\/yoast.com\/wordpress\/plugins\/seo\/ -->\n<meta name=\"description\" content=\"For an understanding of forest life and management, follow this educational trail created by a private owner. You will learn everything about the Bois de\" \/>\n<meta name=\"robots\" content=\"index, follow, max-snippet:-1, max-image-preview:large, max-video-preview:-1\" \/>\n<link rel=\"canonical\" href=\"https:\/\/destination.parc-oise-paysdefrance.fr\/en\/walking-cycling-riding\/nature-trails\/pierre-monconseil-trail\/\" \/>\n<meta property=\"og:locale\" content=\"en_GB\" \/>\n<meta property=\"og:type\" content=\"article\" \/>\n<meta property=\"og:title\" content=\"Pierre Monconseil Trail - Destination Parc Oise Pays de France\" \/>\n<meta property=\"og:description\" content=\"For an understanding of forest life and management, follow this educational trail created by a private owner. You will learn everything about the Bois de\" \/>\n<meta property=\"og:url\" content=\"https:\/\/destination.parc-oise-paysdefrance.fr\/en\/walking-cycling-riding\/nature-trails\/pierre-monconseil-trail\/\" \/>\n<meta property=\"og:site_name\" content=\"Destination Parc Oise Pays de France\" \/>\n<meta property=\"article:publisher\" content=\"https:\/\/www.facebook.com\/PNR.OPDF\/?ref=br_rs\" \/>\n<meta property=\"article:modified_time\" content=\"2020-11-03T11:50:37+00:00\" \/>\n<meta property=\"og:image\" content=\"https:\/\/destination.parc-oise-paysdefrance.fr\/en\/wp-content\/uploads\/sites\/2\/2020\/07\/Sentier-Pierre-Monconseil_Mortefontaine.jpg\" \/>\n\t<meta property=\"og:image:width\" content=\"1200\" \/>\n\t<meta property=\"og:image:height\" content=\"900\" \/>\n<meta name=\"twitter:card\" content=\"summary_large_image\" \/>\n<meta name=\"twitter:label1\" content=\"Written by\">\n\t<meta name=\"twitter:data1\" content=\"brigitte\">\n\t<meta name=\"twitter:label2\" content=\"Est. reading time\">\n\t<meta name=\"twitter:data2\" content=\"0 minutes\">\n<script type=\"application\/ld+json\" class=\"yoast-schema-graph\">{\"@context\":\"https:\/\/schema.org\",\"@graph\":[{\"@type\":\"WebSite\",\"@id\":\"https:\/\/destination.parc-oise-paysdefrance.fr\/en\/#website\",\"url\":\"https:\/\/destination.parc-oise-paysdefrance.fr\/en\/\",\"name\":\"Destination Parc Oise Pays de France\",\"description\":\"A territory of nature\/culture to discover. Castles, parks and gardens, hiking trails, ideas for outings ...\",\"potentialAction\":[{\"@type\":\"SearchAction\",\"target\":\"https:\/\/destination.parc-oise-paysdefrance.fr\/en\/?s={search_term_string}\",\"query-input\":\"required name=search_term_string\"}],\"inLanguage\":\"en-GB\"},{\"@type\":\"ImageObject\",\"@id\":\"https:\/\/destination.parc-oise-paysdefrance.fr\/en\/walking-cycling-riding\/nature-trails\/pierre-monconseil-trail\/#primaryimage\",\"inLanguage\":\"en-GB\",\"url\":\"https:\/\/destination.parc-oise-paysdefrance.fr\/en\/wp-content\/uploads\/sites\/2\/2020\/07\/Sentier-Pierre-Monconseil_Mortefontaine.jpg\",\"width\":1200,\"height\":900},{\"@type\":\"WebPage\",\"@id\":\"https:\/\/destination.parc-oise-paysdefrance.fr\/en\/walking-cycling-riding\/nature-trails\/pierre-monconseil-trail\/#webpage\",\"url\":\"https:\/\/destination.parc-oise-paysdefrance.fr\/en\/walking-cycling-riding\/nature-trails\/pierre-monconseil-trail\/\",\"name\":\"Pierre Monconseil Trail - Destination Parc Oise Pays de France\",\"isPartOf\":{\"@id\":\"https:\/\/destination.parc-oise-paysdefrance.fr\/en\/#website\"},\"primaryImageOfPage\":{\"@id\":\"https:\/\/destination.parc-oise-paysdefrance.fr\/en\/walking-cycling-riding\/nature-trails\/pierre-monconseil-trail\/#primaryimage\"},\"datePublished\":\"2020-07-02T12:02:27+00:00\",\"dateModified\":\"2020-11-03T11:50:37+00:00\",\"description\":\"For an understanding of forest life and management, follow this educational trail created by a private owner. You will learn everything about the Bois de\",\"breadcrumb\":{\"@id\":\"https:\/\/destination.parc-oise-paysdefrance.fr\/en\/walking-cycling-riding\/nature-trails\/pierre-monconseil-trail\/#breadcrumb\"},\"inLanguage\":\"en-GB\",\"potentialAction\":[{\"@type\":\"ReadAction\",\"target\":[\"https:\/\/destination.parc-oise-paysdefrance.fr\/en\/walking-cycling-riding\/nature-trails\/pierre-monconseil-trail\/\"]}]},{\"@type\":\"BreadcrumbList\",\"@id\":\"https:\/\/destination.parc-oise-paysdefrance.fr\/en\/walking-cycling-riding\/nature-trails\/pierre-monconseil-trail\/#breadcrumb\",\"itemListElement\":[{\"@type\":\"ListItem\",\"position\":1,\"item\":{\"@type\":\"WebPage\",\"@id\":\"https:\/\/destination.parc-oise-paysdefrance.fr\/en\/\",\"url\":\"https:\/\/destination.parc-oise-paysdefrance.fr\/en\/\",\"name\":\"Home\"}},{\"@type\":\"ListItem\",\"position\":2,\"item\":{\"@type\":\"WebPage\",\"@id\":\"https:\/\/destination.parc-oise-paysdefrance.fr\/en\/walking-cycling-riding\/\",\"url\":\"https:\/\/destination.parc-oise-paysdefrance.fr\/en\/walking-cycling-riding\/\",\"name\":\"Walking, Cycling &#038; Riding\"}},{\"@type\":\"ListItem\",\"position\":3,\"item\":{\"@type\":\"WebPage\",\"@id\":\"https:\/\/destination.parc-oise-paysdefrance.fr\/en\/walking-cycling-riding\/nature-trails\/\",\"url\":\"https:\/\/destination.parc-oise-paysdefrance.fr\/en\/walking-cycling-riding\/nature-trails\/\",\"name\":\"Nature Trails\"}},{\"@type\":\"ListItem\",\"position\":4,\"item\":{\"@type\":\"WebPage\",\"@id\":\"https:\/\/destination.parc-oise-paysdefrance.fr\/en\/walking-cycling-riding\/nature-trails\/pierre-monconseil-trail\/\",\"url\":\"https:\/\/destination.parc-oise-paysdefrance.fr\/en\/walking-cycling-riding\/nature-trails\/pierre-monconseil-trail\/\",\"name\":\"Pierre Monconseil Trail\"}}]}]}<\/script>\n<!-- \/ Yoast SEO plugin. -->","_links":{"self":[{"href":"https:\/\/destination.parc-oise-paysdefrance.fr\/en\/wp-json\/wp\/v2\/pages\/1499"}],"collection":[{"href":"https:\/\/destination.parc-oise-paysdefrance.fr\/en\/wp-json\/wp\/v2\/pages"}],"about":[{"href":"https:\/\/destination.parc-oise-paysdefrance.fr\/en\/wp-json\/wp\/v2\/types\/page"}],"author":[{"embeddable":true,"href":"https:\/\/destination.parc-oise-paysdefrance.fr\/en\/wp-json\/wp\/v2\/users\/2"}],"replies":[{"embeddable":true,"href":"https:\/\/destination.parc-oise-paysdefrance.fr\/en\/wp-json\/wp\/v2\/comments?post=1499"}],"version-history":[{"count":12,"href":"https:\/\/destination.parc-oise-paysdefrance.fr\/en\/wp-json\/wp\/v2\/pages\/1499\/revisions"}],"predecessor-version":[{"id":2270,"href":"https:\/\/destination.parc-oise-paysdefrance.fr\/en\/wp-json\/wp\/v2\/pages\/1499\/revisions\/2270"}],"up":[{"embeddable":true,"href":"https:\/\/destination.parc-oise-paysdefrance.fr\/en\/wp-json\/wp\/v2\/pages\/73"}],"wp:featuredmedia":[{"embeddable":true,"href":"https:\/\/destination.parc-oise-paysdefrance.fr\/en\/wp-json\/wp\/v2\/media\/1500"}],"wp:attachment":[{"href":"https:\/\/destination.parc-oise-paysdefrance.fr\/en\/wp-json\/wp\/v2\/media?parent=1499"}],"curies":[{"name":"wp","href":"https:\/\/api.w.org\/{rel}","templated":true}]}}