{"id":157,"date":"2020-06-10T14:19:00","date_gmt":"2020-06-10T12:19:00","guid":{"rendered":"https:\/\/destination.parc-oise-paysdefrance.fr\/uk\/musees-thematiques\/"},"modified":"2020-11-03T12:47:25","modified_gmt":"2020-11-03T11:47:25","slug":"theme-museums","status":"publish","type":"page","link":"https:\/\/destination.parc-oise-paysdefrance.fr\/en\/history-heritage\/museums\/theme-museums\/","title":{"rendered":"Theme Museums"},"content":{"rendered":"\n<p class=\"is-style-excerpt\">In these &#8220;small&#8221; museums, you will make some very original discoveries! The stories told there are all linked to human activities that have marked their times\u2026<\/p>\n\n\n\n<div\n    class=\"wp-block-slider js-block-slider\">\n    \n    <div class=\"alignwide\">\n        \n        <div class=\"wp-block-slider-list\"\n             data-trigger=\"wpiris-slick\"\n             data-slick='{\"variableWidth\": true, \"dots\": false, \"arrows\": true, \"slidesToShow\": 1, \"slidesToScroll\": 1, \"infinite\": false}'\n        >\n            \n                            \n                <a class=\"wp-block-slider-item\" data-fancybox=\"fancybox\" href=\"https:\/\/destination.parc-oise-paysdefrance.fr\/en\/wp-content\/uploads\/sites\/2\/2020\/06\/PNROPF_2019_Verneuil_Mus\u00e9e_Histoire_des_Murs_006_Web_\u00a9_cyril_badet.jpg\">\n                    <img data-src=\"https:\/\/destination.parc-oise-paysdefrance.fr\/en\/wp-content\/uploads\/sites\/2\/2020\/06\/PNROPF_2019_Verneuil_Mus\u00e9e_Histoire_des_Murs_006_Web_\u00a9_cyril_badet-899x600.jpg\" alt=\"PNR Oise Pays d France, Verneuil, Mus\u00e9e, Histoire des murs, septembre 2019\">\n                <\/a>\n            \n                            \n                <a class=\"wp-block-slider-item\" data-fancybox=\"fancybox\" href=\"https:\/\/destination.parc-oise-paysdefrance.fr\/en\/wp-content\/uploads\/sites\/2\/2020\/06\/PNROPF_2019_Viarmes_Mus\u00e9e_Histoire_012_Web_\u00a9_cyril_badet.jpg\">\n                    <img data-src=\"https:\/\/destination.parc-oise-paysdefrance.fr\/en\/wp-content\/uploads\/sites\/2\/2020\/06\/PNROPF_2019_Viarmes_Mus\u00e9e_Histoire_012_Web_\u00a9_cyril_badet-899x600.jpg\" alt=\"PNR Oise Pays d France, Viarmes, Mus\u00e9e, octobre 2019\">\n                <\/a>\n            \n                            \n                <a class=\"wp-block-slider-item\" data-fancybox=\"fancybox\" href=\"https:\/\/destination.parc-oise-paysdefrance.fr\/en\/wp-content\/uploads\/sites\/2\/2020\/06\/PNROPF_2019_Chantilly_Musee_Dentelle_004_Web_\u00a9_cyril_badet.jpg\">\n                    <img data-src=\"https:\/\/destination.parc-oise-paysdefrance.fr\/en\/wp-content\/uploads\/sites\/2\/2020\/06\/PNROPF_2019_Chantilly_Musee_Dentelle_004_Web_\u00a9_cyril_badet-899x600.jpg\" alt=\"PNR Oise Pays d France, Chantilly, Mus\u00e9e de la dentelle, septembre 2019\">\n                <\/a>\n            \n                            \n                <a class=\"wp-block-slider-item\" data-fancybox=\"fancybox\" href=\"https:\/\/destination.parc-oise-paysdefrance.fr\/en\/wp-content\/uploads\/sites\/2\/2020\/06\/Musee-de-la-venerie.jpg\">\n                    <img data-src=\"https:\/\/destination.parc-oise-paysdefrance.fr\/en\/wp-content\/uploads\/sites\/2\/2020\/06\/Musee-de-la-venerie-450x600.jpg\" alt=\"DCF 1.0\">\n                <\/a>\n            \n                            \n                <a class=\"wp-block-slider-item\" data-fancybox=\"fancybox\" href=\"https:\/\/destination.parc-oise-paysdefrance.fr\/en\/wp-content\/uploads\/sites\/2\/2020\/06\/PNROPF_2019_Saint_Martin_Mus\u00e9e_Chappe_011_Web_\u00a9_cyril_badet-001.jpg\">\n                    <img data-src=\"https:\/\/destination.parc-oise-paysdefrance.fr\/en\/wp-content\/uploads\/sites\/2\/2020\/06\/PNROPF_2019_Saint_Martin_Mus\u00e9e_Chappe_011_Web_\u00a9_cyril_badet-001.jpg\" alt=\"Tour du guet de Claude chappe de Saint Martin du Tertre, Rue Serret\">\n                <\/a>\n            \n                            \n                <a class=\"wp-block-slider-item\" data-fancybox=\"fancybox\" href=\"https:\/\/destination.parc-oise-paysdefrance.fr\/en\/wp-content\/uploads\/sites\/2\/2020\/06\/mus\u00e9e-cartoucherie.jpg\">\n                    <img data-src=\"https:\/\/destination.parc-oise-paysdefrance.fr\/en\/wp-content\/uploads\/sites\/2\/2020\/06\/mus\u00e9e-cartoucherie-800x600.jpg\" alt=\"KONICA MINOLTA DIGITAL CAMERA\">\n                <\/a>\n            \n                    \n        <\/div>\n    \n    <\/div>\n\n<\/div>\n\n\n\n<h2><strong>Dentelle of Chantilly<\/strong> museum<\/h2>\n\n\n\n<p>A place to explore at your own pace the 2 floors dedicated to this rare craft, starting with the different types of lace, then moving on to the specificities of Chantilly lace and its industry, to finish with the haute-couture corner. The incredible techniques and production methods are explained and many pieces, rare and precious, shawls, dresses, fans, flounces, capes,\u2026 are presented.<\/p>\n\n\n\n<p>34, rue d\u2019Aumale &#8211; 60500 Chantilly<br>T\u00e9l 03 44 67 37 37<br><a href=\"http:\/\/www.chantilly-dentelle.com\/\">www.chantilly-<\/a><a rel=\"noreferrer noopener\" href=\"http:\/\/www.chantilly-dentelle.com\/\" target=\"_blank\">dentelle.com<\/a><\/p>\n\n\n\n<h2><strong>Mus\u00e9e de la M\u00e9moire des Murs<\/strong><\/h2>\n\n\n\n<p>Created by Serge Ramond, an avid collector of graffiti, the mus\u00e9e de la M\u00e9moire des murs (Memory of Walls Museum) houses over 3,000 mouldings of inscriptions and reliefs that evoke the daily lives of their authors. <br>These engraved or sculpted testimonies are like a 10,000-year &#8220;journey&#8221; from Prehistory to the present day.<\/p>\n\n\n\n<p>60550 Verneuil-en-Halatte<br>T\u00e9l 03 44 24 54 81<br><a rel=\"noreferrer noopener\" href=\"http:\/\/www.memoiredesmurs.com\/\" target=\"_blank\">www.memoiredesmurs.com<\/a><strong><br><\/strong><\/p>\n\n\n\n<h2><strong>Mus\u00e9e de la v\u00e9nerie<\/strong><\/h2>\n\n\n\n<p>You want to know more about this ancestral activity? Come and visit this very singular museum (but not suitable for sensitive people).<\/p>\n\n\n\n<p>Installed in the beautiful buildings of the Priory Saint-Maurice de Senlis, the Mus\u00e9e de la V\u00e9nerie is an original establishment in Europe. Created at the beginning of the 20th century by the painter Charles Jean-Hallo, it houses an important collection relating to the art of hunting. In the atmosphere of a private residence, paintings such as those by Fran\u00e7ois Desportes, painter of the royal hunts of Louis XIV, art objects such as the hunting outfits of the Princes of Cond\u00e9, the Duke of Aumale and Empress Eug\u00e9nie, blend with the attributes of the hunter to evoke the art and history of hunting.<\/p>\n\n\n\n<p>Place du Parvis Notre Dame<br>60300 Senlis<br>T\u00e9l 03 44&nbsp;29 49 93&nbsp;<br><a href=\"http:\/\/musees.ville-senlis.fr\/Une-ville-trois-musees\/Musee-de-la-Venerie\" target=\"_blank\" rel=\"noreferrer noopener\">Site internet<\/a><\/p>\n\n\n\n<h2><strong>Mus\u00e9e d\u2019histoire locale de la ville de Viarmes<\/strong><\/h2>\n\n\n\n<p>Daily life in Viarmes in the past. Testimony of the life of the inhabitants of Viarmes, this small museum presents reconstructions of a school class, a children&#8217;s room, a kitchen, a caf\u00e9, a hairdresser, \u2026 around the 1900s\u2026<\/p>\n\n\n\n<p>Mairie de Viarmes<br>Place Pierre Salvi, 01 34 09 26 30<br>95270 Viarmes <\/p>\n\n\n\n<h2><strong>Mus\u00e9e des Spahis<\/strong><\/h2>\n\n\n\n<p>Senlis has hosted the Spahis regiment for thirty years. These North African cavalrymen held a special place in the French army from 1830 to 1964. Uniforms, banners, harnesses but also personal souvenirs and illustrations retrace more than a century of the history of this indigenous corps.<\/p>\n\n\n\n<p>Place du Parvis Notre Dame<br>60300 Senlis<br>T\u00e9l 03 44 24 86 72<br><a href=\"http:\/\/musees.ville-senlis.fr\/Une-ville-trois-musees\/Musee-des-Spahis\" target=\"_blank\" rel=\"noreferrer noopener\">Site internet<\/a><\/p>\n\n\n\n<h2><strong>Mus\u00e9e de la Cartoucherie<\/strong><\/h2>\n\n\n\n<p>The Cartoucherie factory is, even for those who have never worked there, a very strong point of the identity of Survilliers.<br>A few old workers and managers have been mobilized to preserve an accessible testimony on the know-how, the machines, the social model of this place representative of the industrial history\u2026<br>Located near the factory, this very original place can be visited in the company of former workers who will tell you how to make cartridges, how to survive the fulminate without fulminating and how to design the appropriate machines for these activities.<\/p>\n\n\n\n<p><strong>En pratique<\/strong><br>Grande Rue &#8211; 95470 Survilliers<br>by appointment at 01 34 68 54\u00a073<br><a rel=\"noreferrer noopener\" href=\"http:\/\/www.survilliers.fr\/autres-loisirs-culturels\/musee\" target=\"_blank\">Site internet<\/a><\/p>\n\n\n\n<figure class=\"wp-block-image size-large is-resized\"><img loading=\"lazy\" data-src=\"https:\/\/destination.parc-oise-paysdefrance.fr\/uk\/wp-content\/uploads\/sites\/2\/2020\/06\/PNROPF_2019_Saint_Martin_Mus\u00e9e_Chappe_011_Web_\u00a9_cyril_badet-001.jpg\" alt=\"\" class=\"wp-image-1285\" width=\"302\" height=\"303\" data-srcset=\"https:\/\/destination.parc-oise-paysdefrance.fr\/en\/wp-content\/uploads\/sites\/2\/2020\/06\/PNROPF_2019_Saint_Martin_Mus\u00e9e_Chappe_011_Web_\u00a9_cyril_badet-001.jpg 587w, https:\/\/destination.parc-oise-paysdefrance.fr\/en\/wp-content\/uploads\/sites\/2\/2020\/06\/PNROPF_2019_Saint_Martin_Mus\u00e9e_Chappe_011_Web_\u00a9_cyril_badet-001-300x300.jpg 300w, https:\/\/destination.parc-oise-paysdefrance.fr\/en\/wp-content\/uploads\/sites\/2\/2020\/06\/PNROPF_2019_Saint_Martin_Mus\u00e9e_Chappe_011_Web_\u00a9_cyril_badet-001-200x200.jpg 200w, https:\/\/destination.parc-oise-paysdefrance.fr\/en\/wp-content\/uploads\/sites\/2\/2020\/06\/PNROPF_2019_Saint_Martin_Mus\u00e9e_Chappe_011_Web_\u00a9_cyril_badet-001-280x280.jpg 280w\" sizes=\"(max-width: 302px) 100vw, 302px\" \/><figcaption>Tour du guet <\/figcaption><\/figure>\n\n\n\n<h2><strong>La tour du guet<\/strong><\/h2>\n\n\n\n<p>A place to gain height! Saint-Martin-du-Tertre, the highest village of \u00cele de France at 200 meters above sea level is nicknamed the &#8220;Balcon d&#8217;\u00cele-de-France&#8221;. Its 23 m high Watch Tower, built in 1840 in the troubadour style, offers a must-see view of the region. There is also a museum nestled in this atypical setting where you will know everything about Chappe&#8217;s telegraph. In 1793, Claude Chappe and his brothers invented a communication system based on optical signals emitted from the top of one tower to another. At the top of these towers were articulated wooden arms capable of sending &#8220;coded&#8221; messages, in order to be able to communicate quickly in these troubled times of revolution and war .<\/p>\n\n\n\n<p><strong>Saint Martin-Histoire Patrimoine Territoire<\/strong><br>Tour du guet<br>Rue serret<br>95270 Saint-Martin-du-Tertre<br>01 30 35 95 33 &#8211; 06 81 22 18 68<\/p>\n\n\n\n\n<div class=\"wp-block-highlight clear\">\n            <h2 class=\"wp-block-highlight-item wp-block-highlight-title\"><strong><strong>To complete your visits:<\/strong><\/strong><\/h2>\n    \n    <p class=\"wp-block-highlight-item wp-block-highlight-excerpt\">Click here to <a href=\"https:\/\/destination.parc-oise-paysdefrance.fr\/uk\/sorganiser\/lapplication-rando\/\" target=\"_blank\" rel=\"noreferrer noopener\">download the app<\/a> \u2018rando Parc Oise\u2019 to be geolocated.<\/p>\n<\/div>","protected":false},"excerpt":{"rendered":"<p>In these &#8220;small&#8221; museums, you will make some very original discoveries! The stories told there are all linked to human activities that have marked their times\u2026 Dentelle of Chantilly museum A place to explore at your own pace the 2 floors dedicated to this rare craft, starting with the different types of lace, then moving [&hellip;]<\/p>\n","protected":false},"author":2,"featured_media":1289,"parent":79,"menu_order":70,"comment_status":"closed","ping_status":"closed","template":"","meta":{"_relevanssi_hide_post":"","_relevanssi_pin_for_all":"","_relevanssi_pin_keywords":"","_relevanssi_unpin_keywords":"","_relevanssi_related_keywords":"","_relevanssi_related_include_ids":"","_relevanssi_related_exclude_ids":"","_relevanssi_related_no_append":"","_relevanssi_related_not_related":"","_relevanssi_related_posts":"","_relevanssi_noindex_reason":""},"yoast_head":"<!-- This site is optimized with the Yoast SEO plugin v15.3 - https:\/\/yoast.com\/wordpress\/plugins\/seo\/ -->\n<meta name=\"description\" content=\"In these &quot;small&quot; museums, you will make some very original discoveries! The stories told there are all linked to human activities that have marked their\" \/>\n<meta name=\"robots\" content=\"index, follow, max-snippet:-1, max-image-preview:large, max-video-preview:-1\" \/>\n<link rel=\"canonical\" href=\"https:\/\/destination.parc-oise-paysdefrance.fr\/en\/history-heritage\/museums\/theme-museums\/\" \/>\n<meta property=\"og:locale\" content=\"en_GB\" \/>\n<meta property=\"og:type\" content=\"article\" \/>\n<meta property=\"og:title\" content=\"Theme Museums - Destination Parc Oise Pays de France\" \/>\n<meta property=\"og:description\" content=\"In these &quot;small&quot; museums, you will make some very original discoveries! The stories told there are all linked to human activities that have marked their\" \/>\n<meta property=\"og:url\" content=\"https:\/\/destination.parc-oise-paysdefrance.fr\/en\/history-heritage\/museums\/theme-museums\/\" \/>\n<meta property=\"og:site_name\" content=\"Destination Parc Oise Pays de France\" \/>\n<meta property=\"article:publisher\" content=\"https:\/\/www.facebook.com\/PNR.OPDF\/?ref=br_rs\" \/>\n<meta property=\"article:modified_time\" content=\"2020-11-03T11:47:25+00:00\" \/>\n<meta property=\"og:image\" content=\"https:\/\/destination.parc-oise-paysdefrance.fr\/en\/wp-content\/uploads\/sites\/2\/2020\/06\/PNROPF_2019_Verneuil_Mus\u00e9e_Histoire_des_Murs_006_Web_\u00a9_cyril_badet.jpg\" \/>\n\t<meta property=\"og:image:width\" content=\"1199\" \/>\n\t<meta property=\"og:image:height\" content=\"800\" \/>\n<meta name=\"twitter:card\" content=\"summary_large_image\" \/>\n<meta name=\"twitter:label1\" content=\"Written by\">\n\t<meta name=\"twitter:data1\" content=\"brigitte\">\n\t<meta name=\"twitter:label2\" content=\"Est. reading time\">\n\t<meta name=\"twitter:data2\" content=\"3 minutes\">\n<script type=\"application\/ld+json\" class=\"yoast-schema-graph\">{\"@context\":\"https:\/\/schema.org\",\"@graph\":[{\"@type\":\"WebSite\",\"@id\":\"https:\/\/destination.parc-oise-paysdefrance.fr\/en\/#website\",\"url\":\"https:\/\/destination.parc-oise-paysdefrance.fr\/en\/\",\"name\":\"Destination Parc Oise Pays de France\",\"description\":\"A territory of nature\/culture to discover. Castles, parks and gardens, hiking trails, ideas for outings ...\",\"potentialAction\":[{\"@type\":\"SearchAction\",\"target\":\"https:\/\/destination.parc-oise-paysdefrance.fr\/en\/?s={search_term_string}\",\"query-input\":\"required name=search_term_string\"}],\"inLanguage\":\"en-GB\"},{\"@type\":\"ImageObject\",\"@id\":\"https:\/\/destination.parc-oise-paysdefrance.fr\/en\/history-heritage\/museums\/theme-museums\/#primaryimage\",\"inLanguage\":\"en-GB\",\"url\":\"https:\/\/destination.parc-oise-paysdefrance.fr\/en\/wp-content\/uploads\/sites\/2\/2020\/06\/PNROPF_2019_Verneuil_Mus\\u00e9e_Histoire_des_Murs_006_Web_\\u00a9_cyril_badet.jpg\",\"width\":1199,\"height\":800,\"caption\":\"PNR Oise Pays d France, Verneuil, Mus\\u00e9e, Histoire des murs, septembre 2019\"},{\"@type\":\"WebPage\",\"@id\":\"https:\/\/destination.parc-oise-paysdefrance.fr\/en\/history-heritage\/museums\/theme-museums\/#webpage\",\"url\":\"https:\/\/destination.parc-oise-paysdefrance.fr\/en\/history-heritage\/museums\/theme-museums\/\",\"name\":\"Theme Museums - Destination Parc Oise Pays de France\",\"isPartOf\":{\"@id\":\"https:\/\/destination.parc-oise-paysdefrance.fr\/en\/#website\"},\"primaryImageOfPage\":{\"@id\":\"https:\/\/destination.parc-oise-paysdefrance.fr\/en\/history-heritage\/museums\/theme-museums\/#primaryimage\"},\"datePublished\":\"2020-06-10T12:19:00+00:00\",\"dateModified\":\"2020-11-03T11:47:25+00:00\",\"description\":\"In these \\\"small\\\" museums, you will make some very original discoveries! The stories told there are all linked to human activities that have marked their\",\"breadcrumb\":{\"@id\":\"https:\/\/destination.parc-oise-paysdefrance.fr\/en\/history-heritage\/museums\/theme-museums\/#breadcrumb\"},\"inLanguage\":\"en-GB\",\"potentialAction\":[{\"@type\":\"ReadAction\",\"target\":[\"https:\/\/destination.parc-oise-paysdefrance.fr\/en\/history-heritage\/museums\/theme-museums\/\"]}]},{\"@type\":\"BreadcrumbList\",\"@id\":\"https:\/\/destination.parc-oise-paysdefrance.fr\/en\/history-heritage\/museums\/theme-museums\/#breadcrumb\",\"itemListElement\":[{\"@type\":\"ListItem\",\"position\":1,\"item\":{\"@type\":\"WebPage\",\"@id\":\"https:\/\/destination.parc-oise-paysdefrance.fr\/en\/\",\"url\":\"https:\/\/destination.parc-oise-paysdefrance.fr\/en\/\",\"name\":\"Home\"}},{\"@type\":\"ListItem\",\"position\":2,\"item\":{\"@type\":\"WebPage\",\"@id\":\"https:\/\/destination.parc-oise-paysdefrance.fr\/en\/history-heritage\/\",\"url\":\"https:\/\/destination.parc-oise-paysdefrance.fr\/en\/history-heritage\/\",\"name\":\"History &#038; Heritage\"}},{\"@type\":\"ListItem\",\"position\":3,\"item\":{\"@type\":\"WebPage\",\"@id\":\"https:\/\/destination.parc-oise-paysdefrance.fr\/en\/history-heritage\/museums\/\",\"url\":\"https:\/\/destination.parc-oise-paysdefrance.fr\/en\/history-heritage\/museums\/\",\"name\":\"Museums\"}},{\"@type\":\"ListItem\",\"position\":4,\"item\":{\"@type\":\"WebPage\",\"@id\":\"https:\/\/destination.parc-oise-paysdefrance.fr\/en\/history-heritage\/museums\/theme-museums\/\",\"url\":\"https:\/\/destination.parc-oise-paysdefrance.fr\/en\/history-heritage\/museums\/theme-museums\/\",\"name\":\"Theme Museums\"}}]}]}<\/script>\n<!-- \/ Yoast SEO plugin. -->","_links":{"self":[{"href":"https:\/\/destination.parc-oise-paysdefrance.fr\/en\/wp-json\/wp\/v2\/pages\/157"}],"collection":[{"href":"https:\/\/destination.parc-oise-paysdefrance.fr\/en\/wp-json\/wp\/v2\/pages"}],"about":[{"href":"https:\/\/destination.parc-oise-paysdefrance.fr\/en\/wp-json\/wp\/v2\/types\/page"}],"author":[{"embeddable":true,"href":"https:\/\/destination.parc-oise-paysdefrance.fr\/en\/wp-json\/wp\/v2\/users\/2"}],"replies":[{"embeddable":true,"href":"https:\/\/destination.parc-oise-paysdefrance.fr\/en\/wp-json\/wp\/v2\/comments?post=157"}],"version-history":[{"count":26,"href":"https:\/\/destination.parc-oise-paysdefrance.fr\/en\/wp-json\/wp\/v2\/pages\/157\/revisions"}],"predecessor-version":[{"id":2306,"href":"https:\/\/destination.parc-oise-paysdefrance.fr\/en\/wp-json\/wp\/v2\/pages\/157\/revisions\/2306"}],"up":[{"embeddable":true,"href":"https:\/\/destination.parc-oise-paysdefrance.fr\/en\/wp-json\/wp\/v2\/pages\/79"}],"wp:featuredmedia":[{"embeddable":true,"href":"https:\/\/destination.parc-oise-paysdefrance.fr\/en\/wp-json\/wp\/v2\/media\/1289"}],"wp:attachment":[{"href":"https:\/\/destination.parc-oise-paysdefrance.fr\/en\/wp-json\/wp\/v2\/media?parent=157"}],"curies":[{"name":"wp","href":"https:\/\/api.w.org\/{rel}","templated":true}]}}