{"id":167,"date":"2020-04-16T14:20:06","date_gmt":"2020-04-16T12:20:06","guid":{"rendered":"https:\/\/destination.parc-oise-paysdefrance.fr\/uk\/les-eglises-de-villages\/"},"modified":"2021-01-08T17:12:55","modified_gmt":"2021-01-08T16:12:55","slug":"village-churches","status":"publish","type":"page","link":"https:\/\/destination.parc-oise-paysdefrance.fr\/en\/history-heritage\/religious-monuments\/village-churches\/","title":{"rendered":"Village churches"},"content":{"rendered":"\n<p class=\"is-style-excerpt\">During your treasure hunts, travel through the villages and admire these real jewels of the territory that illustrate the different currents of sacred architecture:<\/p>\n\n\n\n<ul><li>Roman: in Rhuis, Sarron (Pont-Sainte-Maxence) and in the hamlet of No\u00ebl-Saint-Martin in Villeneuve-sur-Verberie with capitals, modillions and beautiful stone decorations.<\/li><\/ul>\n\n\n\n<ul><li>Gothic: at Pr\u00e9cy-sur-Oise where there is the only rose window in the world with eleven branches.<\/li><\/ul>\n\n\n\n<ul><li>Flamboyant Gothic: in Raray with an imposing stone porch and two very interesting Flemish style panels, in Villier-Adam and Presles<\/li><\/ul>\n\n\n\n<ul><li>Renaissance in Belloy with a portal adorned with carved decoration of great quality.<\/li><\/ul>\n\n\n\n<ul><li>Baroque: in Montagny-Sainte- F\u00e9licit\u00e9 with a polychrome and gilded stone altarpiece in this church alone in the middle of the fields.<\/li><\/ul>\n\n\n\n<ul><li>Classic: in Ch\u00e2tenay-en-France with a small, sober and well-balanced church and in Chantilly with the impressive church of Notre-Dame de l&#8217;Assomption financed in 1687 by Prince Henri-Jules de Bourbon-Cond\u00e9. <\/li><\/ul>\n\n\n\n<ul><li>In Luzarches, where all styles of churches, from Romanesque to classical (16th-century porch), can be found.<\/li><\/ul>\n\n\n\n<div\n    class=\"wp-block-slider js-block-slider\">\n    \n    <div class=\"alignwide\">\n        \n        <div class=\"wp-block-slider-list\"\n             data-trigger=\"wpiris-slick\"\n             data-slick='{\"variableWidth\": true, \"dots\": false, \"arrows\": true, \"slidesToShow\": 1, \"slidesToScroll\": 1, \"infinite\": false}'\n        >\n            \n                            \n                <a class=\"wp-block-slider-item\" data-fancybox=\"fancybox\" href=\"https:\/\/destination.parc-oise-paysdefrance.fr\/en\/wp-content\/uploads\/sites\/2\/2020\/06\/Pont-ste-Maxence-6.jpg\">\n                    <img data-src=\"https:\/\/destination.parc-oise-paysdefrance.fr\/en\/wp-content\/uploads\/sites\/2\/2020\/06\/Pont-ste-Maxence-6-800x600.jpg\" alt=\"Sarron\">\n                <\/a>\n            \n                            \n                <a class=\"wp-block-slider-item\" data-fancybox=\"fancybox\" href=\"https:\/\/destination.parc-oise-paysdefrance.fr\/en\/wp-content\/uploads\/sites\/2\/2020\/06\/raray.jpg\">\n                    <img data-src=\"https:\/\/destination.parc-oise-paysdefrance.fr\/en\/wp-content\/uploads\/sites\/2\/2020\/06\/raray-400x600.jpg\" alt=\"Raray\">\n                <\/a>\n            \n                            \n                <a class=\"wp-block-slider-item\" data-fancybox=\"fancybox\" href=\"https:\/\/destination.parc-oise-paysdefrance.fr\/en\/wp-content\/uploads\/sites\/2\/2020\/06\/PNROPF_2019_Montagny_Eglise_Ste_F\u00e9licit\u00e9_002_Web_\u00a9_cyril_badet.jpg\">\n                    <img data-src=\"https:\/\/destination.parc-oise-paysdefrance.fr\/en\/wp-content\/uploads\/sites\/2\/2020\/06\/PNROPF_2019_Montagny_Eglise_Ste_F\u00e9licit\u00e9_002_Web_\u00a9_cyril_badet-1067x600.jpg\" alt=\"Eglise Sainte F\u00e9licit\u00e9 \u00e0 Montagny\">\n                <\/a>\n            \n                            \n                <a class=\"wp-block-slider-item\" data-fancybox=\"fancybox\" href=\"https:\/\/destination.parc-oise-paysdefrance.fr\/en\/wp-content\/uploads\/sites\/2\/2020\/07\/eglise-Chantilly.jpg\">\n                    <img data-src=\"https:\/\/destination.parc-oise-paysdefrance.fr\/en\/wp-content\/uploads\/sites\/2\/2020\/07\/eglise-Chantilly-555x600.jpg\" alt=\"Chantilly\">\n                <\/a>\n            \n                            \n                <a class=\"wp-block-slider-item\" data-fancybox=\"fancybox\" href=\"https:\/\/destination.parc-oise-paysdefrance.fr\/en\/wp-content\/uploads\/sites\/2\/2020\/06\/luzarche-8.jpg\">\n                    <img data-src=\"https:\/\/destination.parc-oise-paysdefrance.fr\/en\/wp-content\/uploads\/sites\/2\/2020\/06\/luzarche-8-800x600.jpg\" alt=\"Luzarches\">\n                <\/a>\n            \n                    \n        <\/div>\n    \n    <\/div>\n\n<\/div>\n\n\n\n<h4>Also to be discovered in the beautiful villages of<\/h4>\n\n\n\n<ul><li>Nanteuil-le-Haudouin, a fortified church,<\/li><li>Noisy, a rustic but double-vessel church<\/li><li>Beaumont-sur-Oise, a church perched at the top of a large staircase<\/li><\/ul>\n\n\n\n<div\n    class=\"wp-block-slider js-block-slider\">\n    \n    <div class=\"alignwide\">\n        \n        <div class=\"wp-block-slider-list\"\n             data-trigger=\"wpiris-slick\"\n             data-slick='{\"variableWidth\": true, \"dots\": false, \"arrows\": true, \"slidesToShow\": 1, \"slidesToScroll\": 1, \"infinite\": false}'\n        >\n            \n                            \n                <a class=\"wp-block-slider-item\" data-fancybox=\"fancybox\" href=\"https:\/\/destination.parc-oise-paysdefrance.fr\/en\/wp-content\/uploads\/sites\/2\/2020\/06\/PNROPF_2019_Nanteuil_le_Haudouin_005_Web_\u00a9_cyril_badet.jpg\">\n                    <img data-src=\"https:\/\/destination.parc-oise-paysdefrance.fr\/en\/wp-content\/uploads\/sites\/2\/2020\/06\/PNROPF_2019_Nanteuil_le_Haudouin_005_Web_\u00a9_cyril_badet-401x600.jpg\" alt=\"Nanteuil le Haudouin\">\n                <\/a>\n            \n                            \n                <a class=\"wp-block-slider-item\" data-fancybox=\"fancybox\" href=\"https:\/\/destination.parc-oise-paysdefrance.fr\/en\/wp-content\/uploads\/sites\/2\/2020\/06\/PNROPF_2019_Noisy_sur_Oise_022_Web_\u00a9_cyril_badet.jpg\">\n                    <img data-src=\"https:\/\/destination.parc-oise-paysdefrance.fr\/en\/wp-content\/uploads\/sites\/2\/2020\/06\/PNROPF_2019_Noisy_sur_Oise_022_Web_\u00a9_cyril_badet-899x600.jpg\" alt=\"Noisy-sur-Oise\">\n                <\/a>\n            \n                            \n                <a class=\"wp-block-slider-item\" data-fancybox=\"fancybox\" href=\"https:\/\/destination.parc-oise-paysdefrance.fr\/en\/wp-content\/uploads\/sites\/2\/2020\/06\/eglise-beaumont.jpg\">\n                    <img data-src=\"https:\/\/destination.parc-oise-paysdefrance.fr\/en\/wp-content\/uploads\/sites\/2\/2020\/06\/eglise-beaumont-450x600.jpg\" alt=\"Beaumont-sur-Oise\">\n                <\/a>\n            \n                    \n        <\/div>\n    \n    <\/div>\n\n<\/div>\n\n\n\n<figure class=\"wp-block-video\"><video controls src=\"https:\/\/destination.parc-oise-paysdefrance.fr\/uk\/wp-content\/uploads\/sites\/2\/2020\/07\/Noisy-version-courte-bd-1.mp4\"><\/video><figcaption>Noisy, a village between the river Oise and the forest of Carnelle<\/figcaption><\/figure>\n","protected":false},"excerpt":{"rendered":"<p>During your treasure hunts, travel through the villages and admire these real jewels of the territory that illustrate the different currents of sacred architecture: Roman: in Rhuis, Sarron (Pont-Sainte-Maxence) and in the hamlet of No\u00ebl-Saint-Martin in Villeneuve-sur-Verberie with capitals, modillions and beautiful stone decorations. Gothic: at Pr\u00e9cy-sur-Oise where there is the only rose window in [&hellip;]<\/p>\n","protected":false},"author":2,"featured_media":1242,"parent":81,"menu_order":50,"comment_status":"closed","ping_status":"closed","template":"","meta":{"_relevanssi_hide_post":"","_relevanssi_pin_for_all":"","_relevanssi_pin_keywords":"","_relevanssi_unpin_keywords":"","_relevanssi_related_keywords":"","_relevanssi_related_include_ids":"","_relevanssi_related_exclude_ids":"","_relevanssi_related_no_append":"","_relevanssi_related_not_related":"","_relevanssi_related_posts":"","_relevanssi_noindex_reason":""},"yoast_head":"<!-- This site is optimized with the Yoast SEO plugin v15.3 - https:\/\/yoast.com\/wordpress\/plugins\/seo\/ -->\n<meta name=\"description\" content=\"During your treasure hunts, travel through the villages and admire these real jewels of the territory that illustrate the different currents of sacred\" \/>\n<meta name=\"robots\" content=\"index, follow, max-snippet:-1, max-image-preview:large, max-video-preview:-1\" \/>\n<link rel=\"canonical\" href=\"https:\/\/destination.parc-oise-paysdefrance.fr\/en\/history-heritage\/religious-monuments\/village-churches\/\" \/>\n<meta property=\"og:locale\" content=\"en_GB\" \/>\n<meta property=\"og:type\" content=\"article\" \/>\n<meta property=\"og:title\" content=\"Village churches - Destination Parc Oise Pays de France\" \/>\n<meta property=\"og:description\" content=\"During your treasure hunts, travel through the villages and admire these real jewels of the territory that illustrate the different currents of sacred\" \/>\n<meta property=\"og:url\" content=\"https:\/\/destination.parc-oise-paysdefrance.fr\/en\/history-heritage\/religious-monuments\/village-churches\/\" \/>\n<meta property=\"og:site_name\" content=\"Destination Parc Oise Pays de France\" \/>\n<meta property=\"article:publisher\" content=\"https:\/\/www.facebook.com\/PNR.OPDF\/?ref=br_rs\" \/>\n<meta property=\"article:modified_time\" content=\"2021-01-08T16:12:55+00:00\" \/>\n<meta property=\"og:image\" content=\"https:\/\/destination.parc-oise-paysdefrance.fr\/en\/wp-content\/uploads\/sites\/2\/2020\/06\/\u00e9glise-Villers-Saint-Frambourg.jpg\" \/>\n\t<meta property=\"og:image:width\" content=\"1200\" \/>\n\t<meta property=\"og:image:height\" content=\"900\" \/>\n<meta name=\"twitter:card\" content=\"summary_large_image\" \/>\n<meta name=\"twitter:label1\" content=\"Written by\">\n\t<meta name=\"twitter:data1\" content=\"brigitte\">\n\t<meta name=\"twitter:label2\" content=\"Est. reading time\">\n\t<meta name=\"twitter:data2\" content=\"1 minute\">\n<script type=\"application\/ld+json\" class=\"yoast-schema-graph\">{\"@context\":\"https:\/\/schema.org\",\"@graph\":[{\"@type\":\"WebSite\",\"@id\":\"https:\/\/destination.parc-oise-paysdefrance.fr\/en\/#website\",\"url\":\"https:\/\/destination.parc-oise-paysdefrance.fr\/en\/\",\"name\":\"Destination Parc Oise Pays de France\",\"description\":\"A territory of nature\/culture to discover. Castles, parks and gardens, hiking trails, ideas for outings ...\",\"potentialAction\":[{\"@type\":\"SearchAction\",\"target\":\"https:\/\/destination.parc-oise-paysdefrance.fr\/en\/?s={search_term_string}\",\"query-input\":\"required name=search_term_string\"}],\"inLanguage\":\"en-GB\"},{\"@type\":\"ImageObject\",\"@id\":\"https:\/\/destination.parc-oise-paysdefrance.fr\/en\/history-heritage\/religious-monuments\/village-churches\/#primaryimage\",\"inLanguage\":\"en-GB\",\"url\":\"https:\/\/destination.parc-oise-paysdefrance.fr\/en\/wp-content\/uploads\/sites\/2\/2020\/06\/\\u00e9glise-Villers-Saint-Frambourg.jpg\",\"width\":1200,\"height\":900,\"caption\":\"KONICA MINOLTA DIGITAL CAMERA\"},{\"@type\":\"WebPage\",\"@id\":\"https:\/\/destination.parc-oise-paysdefrance.fr\/en\/history-heritage\/religious-monuments\/village-churches\/#webpage\",\"url\":\"https:\/\/destination.parc-oise-paysdefrance.fr\/en\/history-heritage\/religious-monuments\/village-churches\/\",\"name\":\"Village churches - Destination Parc Oise Pays de France\",\"isPartOf\":{\"@id\":\"https:\/\/destination.parc-oise-paysdefrance.fr\/en\/#website\"},\"primaryImageOfPage\":{\"@id\":\"https:\/\/destination.parc-oise-paysdefrance.fr\/en\/history-heritage\/religious-monuments\/village-churches\/#primaryimage\"},\"datePublished\":\"2020-04-16T12:20:06+00:00\",\"dateModified\":\"2021-01-08T16:12:55+00:00\",\"description\":\"During your treasure hunts, travel through the villages and admire these real jewels of the territory that illustrate the different currents of sacred\",\"breadcrumb\":{\"@id\":\"https:\/\/destination.parc-oise-paysdefrance.fr\/en\/history-heritage\/religious-monuments\/village-churches\/#breadcrumb\"},\"inLanguage\":\"en-GB\",\"potentialAction\":[{\"@type\":\"ReadAction\",\"target\":[\"https:\/\/destination.parc-oise-paysdefrance.fr\/en\/history-heritage\/religious-monuments\/village-churches\/\"]}]},{\"@type\":\"BreadcrumbList\",\"@id\":\"https:\/\/destination.parc-oise-paysdefrance.fr\/en\/history-heritage\/religious-monuments\/village-churches\/#breadcrumb\",\"itemListElement\":[{\"@type\":\"ListItem\",\"position\":1,\"item\":{\"@type\":\"WebPage\",\"@id\":\"https:\/\/destination.parc-oise-paysdefrance.fr\/en\/\",\"url\":\"https:\/\/destination.parc-oise-paysdefrance.fr\/en\/\",\"name\":\"Home\"}},{\"@type\":\"ListItem\",\"position\":2,\"item\":{\"@type\":\"WebPage\",\"@id\":\"https:\/\/destination.parc-oise-paysdefrance.fr\/en\/history-heritage\/\",\"url\":\"https:\/\/destination.parc-oise-paysdefrance.fr\/en\/history-heritage\/\",\"name\":\"History &#038; Heritage\"}},{\"@type\":\"ListItem\",\"position\":3,\"item\":{\"@type\":\"WebPage\",\"@id\":\"https:\/\/destination.parc-oise-paysdefrance.fr\/en\/history-heritage\/religious-monuments\/\",\"url\":\"https:\/\/destination.parc-oise-paysdefrance.fr\/en\/history-heritage\/religious-monuments\/\",\"name\":\"Religious Monuments\"}},{\"@type\":\"ListItem\",\"position\":4,\"item\":{\"@type\":\"WebPage\",\"@id\":\"https:\/\/destination.parc-oise-paysdefrance.fr\/en\/history-heritage\/religious-monuments\/village-churches\/\",\"url\":\"https:\/\/destination.parc-oise-paysdefrance.fr\/en\/history-heritage\/religious-monuments\/village-churches\/\",\"name\":\"Village churches\"}}]}]}<\/script>\n<!-- \/ Yoast SEO plugin. -->","_links":{"self":[{"href":"https:\/\/destination.parc-oise-paysdefrance.fr\/en\/wp-json\/wp\/v2\/pages\/167"}],"collection":[{"href":"https:\/\/destination.parc-oise-paysdefrance.fr\/en\/wp-json\/wp\/v2\/pages"}],"about":[{"href":"https:\/\/destination.parc-oise-paysdefrance.fr\/en\/wp-json\/wp\/v2\/types\/page"}],"author":[{"embeddable":true,"href":"https:\/\/destination.parc-oise-paysdefrance.fr\/en\/wp-json\/wp\/v2\/users\/2"}],"replies":[{"embeddable":true,"href":"https:\/\/destination.parc-oise-paysdefrance.fr\/en\/wp-json\/wp\/v2\/comments?post=167"}],"version-history":[{"count":19,"href":"https:\/\/destination.parc-oise-paysdefrance.fr\/en\/wp-json\/wp\/v2\/pages\/167\/revisions"}],"predecessor-version":[{"id":2457,"href":"https:\/\/destination.parc-oise-paysdefrance.fr\/en\/wp-json\/wp\/v2\/pages\/167\/revisions\/2457"}],"up":[{"embeddable":true,"href":"https:\/\/destination.parc-oise-paysdefrance.fr\/en\/wp-json\/wp\/v2\/pages\/81"}],"wp:featuredmedia":[{"embeddable":true,"href":"https:\/\/destination.parc-oise-paysdefrance.fr\/en\/wp-json\/wp\/v2\/media\/1242"}],"wp:attachment":[{"href":"https:\/\/destination.parc-oise-paysdefrance.fr\/en\/wp-json\/wp\/v2\/media?parent=167"}],"curies":[{"name":"wp","href":"https:\/\/api.w.org\/{rel}","templated":true}]}}