{"id":169,"date":"2020-06-10T14:20:08","date_gmt":"2020-06-10T12:20:08","guid":{"rendered":"https:\/\/destination.parc-oise-paysdefrance.fr\/uk\/parc-du-chateau-de-chantilly\/"},"modified":"2020-11-05T10:40:17","modified_gmt":"2020-11-05T09:40:17","slug":"chateau-de-chantilly-grounds","status":"publish","type":"page","link":"https:\/\/destination.parc-oise-paysdefrance.fr\/en\/history-heritage\/parks-gardens\/chateau-de-chantilly-grounds\/","title":{"rendered":"Ch\u00e2teau de Chantilly Grounds"},"content":{"rendered":"\n<p>Come and discover the best series of &#8220;garden fashions&#8221;. A park in four seasons, on 115 hectares: around the <a aria-label=\"undefined (opens in a new tab)\" href=\"https:\/\/destination.parc-oise-paysdefrance.fr\/uk\/history-heritage\/castles-chateaux\/chateau-de-chantilly\/\" target=\"_blank\" rel=\"noreferrer noopener\">castle<\/a>, the <strong>French garden of Le N\u00f4tre<\/strong> with its Grand Canal, grandiose perspectives\u2026, the <strong>Petit Parc<\/strong> from the early 18th century, the <strong>Anglo-Chinese garden<\/strong>, around the Hameau, at the end of the 18th century, and the <strong>English garden<\/strong> from the 19th century with its romantic follies, statues and fake ruins.<\/p>\n\n\n\n<p>This visit offers you a unique testimony of the relationship between man and nature for more than three centuries.<\/p>\n\n\n\n<h2><strong>The Great Garden of Le N\u00f4tre<\/strong><\/h2>\n\n\n\n<p>The large French-style parterre of the Ch\u00e2teau de Chantilly was designed at the end of the 17th century by <strong>Andr\u00e9 Le N\u00f4tre<\/strong>, gardener of Versailles, for Louis II de Bourbon, <strong>Prince de Cond\u00e9<\/strong>.<br>It offers the most admirable views of the visit with its vast <strong>water mirrors <\/strong>reflecting the sky, its numerous<strong> water jets<\/strong> and <strong>fountains<\/strong> as well as an exceptional set of<strong> statues<\/strong>.<\/p>\n\n\n\n<div\n    class=\"wp-block-slider js-block-slider\">\n    \n    <div class=\"alignwide\">\n        \n        <div class=\"wp-block-slider-list\"\n             data-trigger=\"wpiris-slick\"\n             data-slick='{\"variableWidth\": true, \"dots\": false, \"arrows\": true, \"slidesToShow\": 1, \"slidesToScroll\": 1, \"infinite\": false}'\n        >\n            \n                            \n                <a class=\"wp-block-slider-item\" data-fancybox=\"fancybox\" href=\"https:\/\/destination.parc-oise-paysdefrance.fr\/en\/wp-content\/uploads\/sites\/2\/2020\/06\/Statues-Parc-ch\u00e2teau-Chantilly-redim-3.jpg\">\n                    <img data-src=\"https:\/\/destination.parc-oise-paysdefrance.fr\/en\/wp-content\/uploads\/sites\/2\/2020\/06\/Statues-Parc-ch\u00e2teau-Chantilly-redim-3-800x600.jpg\" alt=\"\">\n                <\/a>\n            \n                            \n                <a class=\"wp-block-slider-item\" data-fancybox=\"fancybox\" href=\"https:\/\/destination.parc-oise-paysdefrance.fr\/en\/wp-content\/uploads\/sites\/2\/2020\/06\/Statues-Parc-ch\u00e2teau-Chantilly-redim-2.jpg\">\n                    <img data-src=\"https:\/\/destination.parc-oise-paysdefrance.fr\/en\/wp-content\/uploads\/sites\/2\/2020\/06\/Statues-Parc-ch\u00e2teau-Chantilly-redim-2-450x600.jpg\" alt=\"\">\n                <\/a>\n            \n                            \n                <a class=\"wp-block-slider-item\" data-fancybox=\"fancybox\" href=\"https:\/\/destination.parc-oise-paysdefrance.fr\/en\/wp-content\/uploads\/sites\/2\/2020\/06\/Statues-Parc-ch\u00e2teau-Chantilly-redim.jpg\">\n                    <img data-src=\"https:\/\/destination.parc-oise-paysdefrance.fr\/en\/wp-content\/uploads\/sites\/2\/2020\/06\/Statues-Parc-ch\u00e2teau-Chantilly-redim-900x600.jpg\" alt=\"\">\n                <\/a>\n            \n                            \n                <a class=\"wp-block-slider-item\" data-fancybox=\"fancybox\" href=\"https:\/\/destination.parc-oise-paysdefrance.fr\/en\/wp-content\/uploads\/sites\/2\/2020\/06\/Statues-Parc-ch\u00e2teau-Chantilly-redim-4.jpg\">\n                    <img data-src=\"https:\/\/destination.parc-oise-paysdefrance.fr\/en\/wp-content\/uploads\/sites\/2\/2020\/06\/Statues-Parc-ch\u00e2teau-Chantilly-redim-4-450x600.jpg\" alt=\"\">\n                <\/a>\n            \n                    \n        <\/div>\n    \n    <\/div>\n\n<\/div>\n\n\n\n<p>The French garden is characterized by a <strong>geometrical layout<\/strong>, often symmetrical, consisting of parterres, groves and basins, dotted with statues and animated by fairy-tale water features. It symbolizes the triumph of culture over wild nature, of order over disorder.<\/p>\n\n\n\n<h2><strong>The English Garden<\/strong><\/h2>\n\n\n\n<p>On the contrary, the English garden offers the <strong>first role to nature<\/strong>. Here, it was designed during the Restoration, in 1819, by the architect Victor Dubois for Prince Louis-Joseph de Bourbon-Cond\u00e9. This English garden draws its inspiration from the <strong>romanticism<\/strong> dear to Jean-Jacques Rousseau for whom the art of gardens should allow meditation and fulfillment in nature. <strong>Factories<\/strong> such as the Temple of Venus, the Island of Love, the Grotto and Swan Lake are there to take visitors back to the times of the ancient philosophers.<\/p>\n\n\n\n<figure class=\"wp-block-gallery columns-3 is-cropped\"><ul class=\"blocks-gallery-grid\"><li class=\"blocks-gallery-item\"><figure><img loading=\"lazy\" width=\"800\" height=\"600\" data-src=\"https:\/\/destination.parc-oise-paysdefrance.fr\/uk\/wp-content\/uploads\/sites\/2\/2020\/06\/chateau-parc-ile-d-Amour-800x600.jpg\" alt=\"\" data-id=\"924\" data-link=\"https:\/\/destination.parc-oise-paysdefrance.fr\/uk\/histoire-patrimoine\/les-parcs-et-jardins\/parc-du-chateau-de-chantilly\/chateau-parc-ile-d-amour\/\" class=\"wp-image-924\" data-srcset=\"https:\/\/destination.parc-oise-paysdefrance.fr\/en\/wp-content\/uploads\/sites\/2\/2020\/06\/chateau-parc-ile-d-Amour-800x600.jpg 800w, https:\/\/destination.parc-oise-paysdefrance.fr\/en\/wp-content\/uploads\/sites\/2\/2020\/06\/chateau-parc-ile-d-Amour-1536x1152.jpg 1536w, https:\/\/destination.parc-oise-paysdefrance.fr\/en\/wp-content\/uploads\/sites\/2\/2020\/06\/chateau-parc-ile-d-Amour-200x150.jpg 200w, https:\/\/destination.parc-oise-paysdefrance.fr\/en\/wp-content\/uploads\/sites\/2\/2020\/06\/chateau-parc-ile-d-Amour-650x488.jpg 650w, https:\/\/destination.parc-oise-paysdefrance.fr\/en\/wp-content\/uploads\/sites\/2\/2020\/06\/chateau-parc-ile-d-Amour-280x210.jpg 280w, https:\/\/destination.parc-oise-paysdefrance.fr\/en\/wp-content\/uploads\/sites\/2\/2020\/06\/chateau-parc-ile-d-Amour-900x675.jpg 900w, https:\/\/destination.parc-oise-paysdefrance.fr\/en\/wp-content\/uploads\/sites\/2\/2020\/06\/chateau-parc-ile-d-Amour.jpg 1920w\" sizes=\"(max-width: 800px) 100vw, 800px\" \/><\/figure><\/li><li class=\"blocks-gallery-item\"><figure><img loading=\"lazy\" width=\"800\" height=\"600\" data-src=\"https:\/\/destination.parc-oise-paysdefrance.fr\/uk\/wp-content\/uploads\/sites\/2\/2020\/06\/chateau-parc-hameau-anglais-1-800x600.jpg\" alt=\"\" data-id=\"925\" data-link=\"https:\/\/destination.parc-oise-paysdefrance.fr\/uk\/histoire-patrimoine\/les-parcs-et-jardins\/parc-du-chateau-de-chantilly\/chateau-parc-hameau-anglais-1\/\" class=\"wp-image-925\" data-srcset=\"https:\/\/destination.parc-oise-paysdefrance.fr\/en\/wp-content\/uploads\/sites\/2\/2020\/06\/chateau-parc-hameau-anglais-1-800x600.jpg 800w, https:\/\/destination.parc-oise-paysdefrance.fr\/en\/wp-content\/uploads\/sites\/2\/2020\/06\/chateau-parc-hameau-anglais-1-1536x1152.jpg 1536w, https:\/\/destination.parc-oise-paysdefrance.fr\/en\/wp-content\/uploads\/sites\/2\/2020\/06\/chateau-parc-hameau-anglais-1-200x150.jpg 200w, https:\/\/destination.parc-oise-paysdefrance.fr\/en\/wp-content\/uploads\/sites\/2\/2020\/06\/chateau-parc-hameau-anglais-1-650x488.jpg 650w, https:\/\/destination.parc-oise-paysdefrance.fr\/en\/wp-content\/uploads\/sites\/2\/2020\/06\/chateau-parc-hameau-anglais-1-280x210.jpg 280w, https:\/\/destination.parc-oise-paysdefrance.fr\/en\/wp-content\/uploads\/sites\/2\/2020\/06\/chateau-parc-hameau-anglais-1-900x675.jpg 900w, https:\/\/destination.parc-oise-paysdefrance.fr\/en\/wp-content\/uploads\/sites\/2\/2020\/06\/chateau-parc-hameau-anglais-1.jpg 1920w\" sizes=\"(max-width: 800px) 100vw, 800px\" \/><\/figure><\/li><li class=\"blocks-gallery-item\"><figure><img loading=\"lazy\" width=\"800\" height=\"600\" data-src=\"https:\/\/destination.parc-oise-paysdefrance.fr\/uk\/wp-content\/uploads\/sites\/2\/2020\/06\/chateau-parc-pont-des-Gds-hommes-800x600.jpg\" alt=\"\" data-id=\"926\" data-full-url=\"https:\/\/destination.parc-oise-paysdefrance.fr\/uk\/wp-content\/uploads\/sites\/2\/2020\/06\/chateau-parc-pont-des-Gds-hommes.jpg\" data-link=\"https:\/\/destination.parc-oise-paysdefrance.fr\/uk\/histoire-patrimoine\/les-parcs-et-jardins\/parc-du-chateau-de-chantilly\/chateau-parc-pont-des-gds-hommes\/\" class=\"wp-image-926\" data-srcset=\"https:\/\/destination.parc-oise-paysdefrance.fr\/en\/wp-content\/uploads\/sites\/2\/2020\/06\/chateau-parc-pont-des-Gds-hommes-800x600.jpg 800w, https:\/\/destination.parc-oise-paysdefrance.fr\/en\/wp-content\/uploads\/sites\/2\/2020\/06\/chateau-parc-pont-des-Gds-hommes-1536x1152.jpg 1536w, https:\/\/destination.parc-oise-paysdefrance.fr\/en\/wp-content\/uploads\/sites\/2\/2020\/06\/chateau-parc-pont-des-Gds-hommes-200x150.jpg 200w, https:\/\/destination.parc-oise-paysdefrance.fr\/en\/wp-content\/uploads\/sites\/2\/2020\/06\/chateau-parc-pont-des-Gds-hommes-650x488.jpg 650w, https:\/\/destination.parc-oise-paysdefrance.fr\/en\/wp-content\/uploads\/sites\/2\/2020\/06\/chateau-parc-pont-des-Gds-hommes-280x210.jpg 280w, https:\/\/destination.parc-oise-paysdefrance.fr\/en\/wp-content\/uploads\/sites\/2\/2020\/06\/chateau-parc-pont-des-Gds-hommes.jpg 2048w\" sizes=\"(max-width: 800px) 100vw, 800px\" \/><\/figure><\/li><\/ul><\/figure>\n\n\n\n<h2><strong>The Small Park<\/strong><\/h2>\n\n\n\n<p>In the small park, designed at the beginning of the 18th century as a place to relax, you will find Sylvie&#8217;s house (18th century) and its pond, as well as a giant goose game.<\/p>\n\n\n\n<h2><strong>The Anglo-Chinese garden<\/strong><\/h2>\n\n\n\n<p>Surrounding <strong>the Hamlet<\/strong>, the Anglo-Chinese garden (late 18th century) seems to come straight out of a child&#8217;s dream. It consists of small canals, a small labyrinth and the 5 houses of the Hamlet which inspired Marie-Antoinette&#8217;s garden at the Petit Trianon in Versailles.<\/p>\n\n\n\n\n<div class=\"wp-block-highlight clear\">\n            <h2 class=\"wp-block-highlight-item wp-block-highlight-title\"><strong>Practical information<\/strong><\/h2>\n    \n    <p class=\"wp-block-highlight-item wp-block-highlight-excerpt\">Parc du Ch\u00e2teau de Chantilly<br>60500 Chantilly<br>T\u00e9l : 03 44 27 31 80<em><br><a href=\"http:\/\/www.domainedechantilly.com\/\"><u>www.domainedechantilly.com\/<\/u><\/a><\/em><br><\/p>\n<\/div>\n\n\n<h4><strong><strong>To complete your visit<\/strong><\/strong><\/h4>\n\n\n\n<p>Click on<a href=\"https:\/\/rando.pnr-idf.fr\/vtc\/de-petites-routes-en-chemins-decouvrons-la-vallee-de-la-nonette-v1\/\" target=\"_blank\" rel=\"noreferrer noopener\"> this link <\/a>to discover an idea for a bike ride, or <a href=\"https:\/\/destination.parc-oise-paysdefrance.fr\/uk\/sorganiser\/lapplication-rando\/\" target=\"_blank\" rel=\"noreferrer noopener\">download the app<\/a> <em>\u2018<\/em>rando Parc Oise\u2019 to be geolocated.<\/p>\n\n\n\n<p><strong>For more information on fountains and water jets<\/strong>:<\/p>\n\n\n\n<figure class=\"wp-block-embed-youtube wp-block-embed is-type-video is-provider-youtube wp-embed-aspect-16-9 wp-has-aspect-ratio\"><div class=\"wp-block-embed__wrapper\">\n<iframe title=\"Les jardins de Chantilly\" width=\"500\" height=\"281\" data-src=\"https:\/\/www.youtube.com\/embed\/3ghWXoBiFSo?feature=oembed\" frameborder=\"0\" allow=\"accelerometer; autoplay; clipboard-write; encrypted-media; gyroscope; picture-in-picture\" allowfullscreen><\/iframe>\n<\/div><\/figure>\n\n\n\n<p><\/p>\n","protected":false},"excerpt":{"rendered":"<p>Come and discover the best series of &#8220;garden fashions&#8221;. A park in four seasons, on 115 hectares: around the castle, the French garden of Le N\u00f4tre with its Grand Canal, grandiose perspectives\u2026, the Petit Parc from the early 18th century, the Anglo-Chinese garden, around the Hameau, at the end of the 18th century, and the [&hellip;]<\/p>\n","protected":false},"author":2,"featured_media":917,"parent":83,"menu_order":10,"comment_status":"closed","ping_status":"closed","template":"","meta":{"_relevanssi_hide_post":"","_relevanssi_pin_for_all":"","_relevanssi_pin_keywords":"","_relevanssi_unpin_keywords":"","_relevanssi_related_keywords":"","_relevanssi_related_include_ids":"","_relevanssi_related_exclude_ids":"","_relevanssi_related_no_append":"","_relevanssi_related_not_related":"","_relevanssi_related_posts":"","_relevanssi_noindex_reason":""},"yoast_head":"<!-- This site is optimized with the Yoast SEO plugin v15.3 - https:\/\/yoast.com\/wordpress\/plugins\/seo\/ -->\n<meta name=\"description\" content=\"Come and discover the best series of &quot;garden fashions&quot;. A park in four seasons, on 115 hectares: around the castle, the French garden of Le N\u00f4tre with its\" \/>\n<meta name=\"robots\" content=\"index, follow, max-snippet:-1, max-image-preview:large, max-video-preview:-1\" \/>\n<link rel=\"canonical\" href=\"https:\/\/destination.parc-oise-paysdefrance.fr\/en\/history-heritage\/parks-gardens\/chateau-de-chantilly-grounds\/\" \/>\n<meta property=\"og:locale\" content=\"en_GB\" \/>\n<meta property=\"og:type\" content=\"article\" \/>\n<meta property=\"og:title\" content=\"Ch\u00e2teau de Chantilly Grounds - Destination Parc Oise Pays de France\" \/>\n<meta property=\"og:description\" content=\"Come and discover the best series of &quot;garden fashions&quot;. A park in four seasons, on 115 hectares: around the castle, the French garden of Le N\u00f4tre with its\" \/>\n<meta property=\"og:url\" content=\"https:\/\/destination.parc-oise-paysdefrance.fr\/en\/history-heritage\/parks-gardens\/chateau-de-chantilly-grounds\/\" \/>\n<meta property=\"og:site_name\" content=\"Destination Parc Oise Pays de France\" \/>\n<meta property=\"article:publisher\" content=\"https:\/\/www.facebook.com\/PNR.OPDF\/?ref=br_rs\" \/>\n<meta property=\"article:modified_time\" content=\"2020-11-05T09:40:17+00:00\" \/>\n<meta property=\"og:image\" content=\"https:\/\/destination.parc-oise-paysdefrance.fr\/en\/wp-content\/uploads\/sites\/2\/2020\/06\/Parc-chantilly.jpg\" \/>\n\t<meta property=\"og:image:width\" content=\"1200\" \/>\n\t<meta property=\"og:image:height\" content=\"800\" \/>\n<meta name=\"twitter:card\" content=\"summary_large_image\" \/>\n<meta name=\"twitter:label1\" content=\"Written by\">\n\t<meta name=\"twitter:data1\" content=\"brigitte\">\n\t<meta name=\"twitter:label2\" content=\"Est. reading time\">\n\t<meta name=\"twitter:data2\" content=\"2 minutes\">\n<script type=\"application\/ld+json\" class=\"yoast-schema-graph\">{\"@context\":\"https:\/\/schema.org\",\"@graph\":[{\"@type\":\"WebSite\",\"@id\":\"https:\/\/destination.parc-oise-paysdefrance.fr\/en\/#website\",\"url\":\"https:\/\/destination.parc-oise-paysdefrance.fr\/en\/\",\"name\":\"Destination Parc Oise Pays de France\",\"description\":\"A territory of nature\/culture to discover. Castles, parks and gardens, hiking trails, ideas for outings ...\",\"potentialAction\":[{\"@type\":\"SearchAction\",\"target\":\"https:\/\/destination.parc-oise-paysdefrance.fr\/en\/?s={search_term_string}\",\"query-input\":\"required name=search_term_string\"}],\"inLanguage\":\"en-GB\"},{\"@type\":\"ImageObject\",\"@id\":\"https:\/\/destination.parc-oise-paysdefrance.fr\/en\/history-heritage\/parks-gardens\/chateau-de-chantilly-grounds\/#primaryimage\",\"inLanguage\":\"en-GB\",\"url\":\"https:\/\/destination.parc-oise-paysdefrance.fr\/en\/wp-content\/uploads\/sites\/2\/2020\/06\/Parc-chantilly.jpg\",\"width\":1200,\"height\":800},{\"@type\":\"WebPage\",\"@id\":\"https:\/\/destination.parc-oise-paysdefrance.fr\/en\/history-heritage\/parks-gardens\/chateau-de-chantilly-grounds\/#webpage\",\"url\":\"https:\/\/destination.parc-oise-paysdefrance.fr\/en\/history-heritage\/parks-gardens\/chateau-de-chantilly-grounds\/\",\"name\":\"Ch\\u00e2teau de Chantilly Grounds - Destination Parc Oise Pays de France\",\"isPartOf\":{\"@id\":\"https:\/\/destination.parc-oise-paysdefrance.fr\/en\/#website\"},\"primaryImageOfPage\":{\"@id\":\"https:\/\/destination.parc-oise-paysdefrance.fr\/en\/history-heritage\/parks-gardens\/chateau-de-chantilly-grounds\/#primaryimage\"},\"datePublished\":\"2020-06-10T12:20:08+00:00\",\"dateModified\":\"2020-11-05T09:40:17+00:00\",\"description\":\"Come and discover the best series of \\\"garden fashions\\\". A park in four seasons, on 115 hectares: around the castle, the French garden of Le N\\u00f4tre with its\",\"breadcrumb\":{\"@id\":\"https:\/\/destination.parc-oise-paysdefrance.fr\/en\/history-heritage\/parks-gardens\/chateau-de-chantilly-grounds\/#breadcrumb\"},\"inLanguage\":\"en-GB\",\"potentialAction\":[{\"@type\":\"ReadAction\",\"target\":[\"https:\/\/destination.parc-oise-paysdefrance.fr\/en\/history-heritage\/parks-gardens\/chateau-de-chantilly-grounds\/\"]}]},{\"@type\":\"BreadcrumbList\",\"@id\":\"https:\/\/destination.parc-oise-paysdefrance.fr\/en\/history-heritage\/parks-gardens\/chateau-de-chantilly-grounds\/#breadcrumb\",\"itemListElement\":[{\"@type\":\"ListItem\",\"position\":1,\"item\":{\"@type\":\"WebPage\",\"@id\":\"https:\/\/destination.parc-oise-paysdefrance.fr\/en\/\",\"url\":\"https:\/\/destination.parc-oise-paysdefrance.fr\/en\/\",\"name\":\"Home\"}},{\"@type\":\"ListItem\",\"position\":2,\"item\":{\"@type\":\"WebPage\",\"@id\":\"https:\/\/destination.parc-oise-paysdefrance.fr\/en\/history-heritage\/\",\"url\":\"https:\/\/destination.parc-oise-paysdefrance.fr\/en\/history-heritage\/\",\"name\":\"History &#038; Heritage\"}},{\"@type\":\"ListItem\",\"position\":3,\"item\":{\"@type\":\"WebPage\",\"@id\":\"https:\/\/destination.parc-oise-paysdefrance.fr\/en\/history-heritage\/parks-gardens\/\",\"url\":\"https:\/\/destination.parc-oise-paysdefrance.fr\/en\/history-heritage\/parks-gardens\/\",\"name\":\"Parks &#038; Gardens\"}},{\"@type\":\"ListItem\",\"position\":4,\"item\":{\"@type\":\"WebPage\",\"@id\":\"https:\/\/destination.parc-oise-paysdefrance.fr\/en\/history-heritage\/parks-gardens\/chateau-de-chantilly-grounds\/\",\"url\":\"https:\/\/destination.parc-oise-paysdefrance.fr\/en\/history-heritage\/parks-gardens\/chateau-de-chantilly-grounds\/\",\"name\":\"Ch\\u00e2teau de Chantilly Grounds\"}}]}]}<\/script>\n<!-- \/ Yoast SEO plugin. -->","_links":{"self":[{"href":"https:\/\/destination.parc-oise-paysdefrance.fr\/en\/wp-json\/wp\/v2\/pages\/169"}],"collection":[{"href":"https:\/\/destination.parc-oise-paysdefrance.fr\/en\/wp-json\/wp\/v2\/pages"}],"about":[{"href":"https:\/\/destination.parc-oise-paysdefrance.fr\/en\/wp-json\/wp\/v2\/types\/page"}],"author":[{"embeddable":true,"href":"https:\/\/destination.parc-oise-paysdefrance.fr\/en\/wp-json\/wp\/v2\/users\/2"}],"replies":[{"embeddable":true,"href":"https:\/\/destination.parc-oise-paysdefrance.fr\/en\/wp-json\/wp\/v2\/comments?post=169"}],"version-history":[{"count":17,"href":"https:\/\/destination.parc-oise-paysdefrance.fr\/en\/wp-json\/wp\/v2\/pages\/169\/revisions"}],"predecessor-version":[{"id":2385,"href":"https:\/\/destination.parc-oise-paysdefrance.fr\/en\/wp-json\/wp\/v2\/pages\/169\/revisions\/2385"}],"up":[{"embeddable":true,"href":"https:\/\/destination.parc-oise-paysdefrance.fr\/en\/wp-json\/wp\/v2\/pages\/83"}],"wp:featuredmedia":[{"embeddable":true,"href":"https:\/\/destination.parc-oise-paysdefrance.fr\/en\/wp-json\/wp\/v2\/media\/917"}],"wp:attachment":[{"href":"https:\/\/destination.parc-oise-paysdefrance.fr\/en\/wp-json\/wp\/v2\/media?parent=169"}],"curies":[{"name":"wp","href":"https:\/\/api.w.org\/{rel}","templated":true}]}}