{"id":50,"date":"2020-04-15T17:25:25","date_gmt":"2020-04-15T15:25:25","guid":{"rendered":"https:\/\/destination.parc-oise-paysdefrance.fr\/uk\/mentions-legales\/"},"modified":"2020-11-13T11:19:07","modified_gmt":"2020-11-13T10:19:07","slug":"legal-notices","status":"publish","type":"page","link":"https:\/\/destination.parc-oise-paysdefrance.fr\/en\/legal-notices\/","title":{"rendered":"Legal Notices"},"content":{"rendered":"<h2>Website design<\/h2>\n<p><strong>IRIS Interactive, \u00ab Cr\u00e9ateur d\u2019empreintes digitales \u00bb<\/strong><br \/>\n3 Avenue d&#8217;Aiguilhe<br \/>\n43000 Le Puy en Velay<br \/>\nT\u00e9l. : 04 71 04 93 01<\/p>\n<p>Le Bivouac<br \/>\n59 Bd L\u00e9on Jouhaux CS 90706<br \/>\n63050 Clermont-Ferrand<br \/>\nT\u00e9l. : 04 43 86 02 68<\/p>\n<p>La Tour du Web<br \/>\n4 rue Pr Charles Appleton<br \/>\n69007 Lyon<br \/>\nT\u00e9l. : 09 52 94 91 29<\/p>\n<p><a href=\"https:\/\/www.iris-interactive.fr\" target=\"_blank\" rel=\"noopener noreferrer\">www.iris-interactive.fr<\/a><\/p>\n<h2>P<strong>ublisher information<\/strong><\/h2>\n<p><strong>Parc naturel r\u00e9gional Oise-Pays de France<br \/>\n<\/strong><strong>Ch\u00e2teau de la Borne Blanche<br \/>\n48, rue d&#8217;H\u00e9rivaux<br \/>\n60560 ORRY-LA-VILLE<br \/>\nTel. : 03 44 63 65 65\u00a0\u00a0\u00a0 06 46 00 91 43<br \/>\n<a href=\"https:\/\/www.parc-oise-paysdefrance.fr\/\">https:\/\/www.parc-oise-paysdefrance.fr\/<\/a><br \/>\n<\/strong><\/p>\n<h2>General conditions of use of the site and services offered<\/h2>\n<p>Use of the site <a href=\"https:\/\/destination.parc-oise-paysdefrance.fr\/\">https:\/\/destination.parc-oise-paysdefrance.fr\/<\/a> implies full acceptance of the general conditions of use described below. These conditions of use may be modified or supplemented at any time, users of the<a href=\"https:\/\/destination.parc-oise-paysdefrance.fr\/\"> https:\/\/destination.parc-oise-paysdefrance.fr\/<\/a> site are therefore invited to consult them on a regular basis.<\/p>\n<p>This site is normally accessible to users at all times. An interruption due to technical maintenance may however be decided by the Regional Nature Park of Oise-Pays de France, which will then endeavor to communicate to users beforehand the dates and times of the intervention.<\/p>\n<p>This site is updated regularly by the Webmaster. Likewise, the legal notices can be modified at any time: they are nevertheless binding on the user, who is invited to refer to them as often as possible in order to become acquainted with them.<\/p>\n<h2><strong>Scope of content<\/strong><\/h2>\n<p>Despite the care taken in the collection of information and the creation of the site using the most recent techniques, errors, omissions, inaccuracies, cuts or additions beyond our control may remain or be inserted on this site. can, for this reason, be held to guarantee, neither expressly nor implicitly, for all the contents of the site; the user of the site and of the information it contains acknowledges that he uses it at his own risk and peril and that the city and the Regional Nature Park of Oise-Pays de France cannot therefore be held liable for reason for any damage, direct or indirect, of any nature whatsoever resulting in all or part of the use of information on the site.<\/p>\n<p>Likewise, IRIS Interactive cannot be held liable for the nature or content of the sites referenced on the following pages and in particular those to which access is permitted by the use of the hypertext links appearing on the pages of this site. In accordance with the law n \u00b0 78-17 of January 6, 1978, you have a right of access and rectification to the data concerning you<\/p>\n<h2><strong>Copyright &#8211; Copyright \u00a9 &#8211; Links.<\/strong><\/h2>\n<p>With the exception of the iconography, reproduction of the pages of this site on paper is authorized, subject to the following conditions:<\/p>\n<p>Free distribution,<\/p>\n<p>Respect for the integrity of the documents reproduced (no modification or alteration of any kind)<\/p>\n<p>Explicit citation of the site <a href=\"https:\/\/destination.parc-oise-paysdefrance.fr\/\">https:\/\/destination.parc-oise-paysdefrance.fr\/<\/a> as the source and notice that reproduction rights are reserved and strictly limited.<\/p>\n<p><strong>Reproduction on electronic media .<\/strong><\/p>\n<p>Reproduction of all or part of this site on an electronic medium is authorized subject to the addition in a clear and legible manner of the source and the mention &#8220;Rights reserved&#8221;.<\/p>\n<p>The information used should only be used for personal, associative or professional purposes; any use for commercial or advertising purposes is excluded.<\/p>\n<h2 id=\"cookies\">Cookies<\/h2>\n<p>Browsing the <a href=\"https:\/\/destination.parc-oise-paysdefrance.fr\/\">https:\/\/destination.parc-oise-paysdefrance.fr\/<\/a> site\u00a0 may cause the installation of cookie (s) on the user&#8217;s computer. A cookie is a small file, which does not allow the identification of the user, but which records information relating to the navigation of a computer on a site. The data thus obtained are intended to facilitate subsequent navigation on the site, and are also intended to allow various measures of attendance.<\/p>\n<p>Refusing to install a cookie may make it impossible to access certain services. However, the user can configure his computer as follows to refuse the installation of cookies:<\/p>\n<p><strong>In Chrome:<\/strong> parameter tab \/ display advanced parameters<\/p>\n<p>To enable cookies, select Allow local data storage (recommended).<\/p>\n<p>To disable cookies, select Disallow all sites from storing data.<\/p>\n<p>Click OK to save.<\/p>\n<p><strong>In Internet Explorer:<\/strong> tool tab \/ internet options.<\/p>\n<p>Click on Privacy and choose Block all cookies.<\/p>\n<p>Confirm on OK.<\/p>\n<h3><span class=\"\">Applicable law and attribution of jurisdiction<\/span><\/h3>\n<p><span class=\"\">Any dispute in connection with the use of this site<\/span><span class=\"\">\u00a0is subject to French law.<\/span><br \/>\nIn the event of a dispute, the French courts will have sole jurisdiction.<\/p>\n<h3>Protection of personal data<\/h3>\n<p><strong><span class=\"\">Declaration to the CNIL<\/span><\/strong><br \/>\n<span class=\"\">In accordance with Law 78-17 of January 6, 1978 (amended by Law 2004-801 of August 6, 2004 relating to the protection of individuals with regard to the processing of personal data) relating to the data processing, files and freedoms, the site has been declared to the National Commission for Informatics and Liberties (\u00a0<\/span><a href=\"http:\/\/www.cnil.fr\/\" target=\"_blank\" rel=\"noreferrer noopener\"><span class=\"\">www.cnil.fr<\/span><\/a><span class=\"\">\u00a0).<\/span><\/p>\n<p><strong>Right of access<\/strong><br \/>\nIn application of this law, Internet users have a right of access, rectification, modification and deletion concerning data which concerns them personally.<\/p>\n<p>This right can be exercised by post or electronically: contact@parc-oise-paysdefrance.fr<\/p>\n<p>The personal information collected is in no way entrusted to third parties except for the possible proper performance of the service ordered by the Internet user.<\/p>\n<p><strong>Confidentiality<\/strong><br \/>\nYour personal data are confidential and will in no case be communicated to third parties except for the proper performance of the service.<\/p>\n","protected":false},"excerpt":{"rendered":"<p>Website design IRIS Interactive, \u00ab Cr\u00e9ateur d\u2019empreintes digitales \u00bb 3 Avenue d&#8217;Aiguilhe 43000 Le Puy en Velay T\u00e9l. : 04 71 04 93 01 Le Bivouac 59 Bd L\u00e9on Jouhaux CS 90706 63050 Clermont-Ferrand T\u00e9l. : 04 43 86 02 68 La Tour du Web 4 rue Pr Charles Appleton 69007 Lyon T\u00e9l. : 09 [&hellip;]<\/p>\n","protected":false},"author":1,"featured_media":0,"parent":0,"menu_order":980,"comment_status":"closed","ping_status":"closed","template":"","meta":{"_relevanssi_hide_post":"","_relevanssi_pin_for_all":"","_relevanssi_pin_keywords":"","_relevanssi_unpin_keywords":"","_relevanssi_related_keywords":"","_relevanssi_related_include_ids":"","_relevanssi_related_exclude_ids":"","_relevanssi_related_no_append":"","_relevanssi_related_not_related":"","_relevanssi_related_posts":"","_relevanssi_noindex_reason":""},"yoast_head":"<!-- This site is optimized with the Yoast SEO plugin v15.3 - https:\/\/yoast.com\/wordpress\/plugins\/seo\/ -->\n<meta name=\"description\" content=\"Website design IRIS Interactive, \u00ab Cr\u00e9ateur d\u2019empreintes digitales \u00bb 3 Avenue d&#039;Aiguilhe 43000 Le Puy en Velay T\u00e9l. : 04 71 04 93 01 Le Bivouac 59 Bd L\u00e9on\" \/>\n<meta name=\"robots\" content=\"index, follow, max-snippet:-1, max-image-preview:large, max-video-preview:-1\" \/>\n<link rel=\"canonical\" href=\"https:\/\/destination.parc-oise-paysdefrance.fr\/en\/legal-notices\/\" \/>\n<meta property=\"og:locale\" content=\"en_GB\" \/>\n<meta property=\"og:type\" content=\"article\" \/>\n<meta property=\"og:title\" content=\"Legal Notices - Destination Parc Oise Pays de France\" \/>\n<meta property=\"og:description\" content=\"Website design IRIS Interactive, \u00ab Cr\u00e9ateur d\u2019empreintes digitales \u00bb 3 Avenue d&#039;Aiguilhe 43000 Le Puy en Velay T\u00e9l. : 04 71 04 93 01 Le Bivouac 59 Bd L\u00e9on\" \/>\n<meta property=\"og:url\" content=\"https:\/\/destination.parc-oise-paysdefrance.fr\/en\/legal-notices\/\" \/>\n<meta property=\"og:site_name\" content=\"Destination Parc Oise Pays de France\" \/>\n<meta property=\"article:publisher\" content=\"https:\/\/www.facebook.com\/PNR.OPDF\/?ref=br_rs\" \/>\n<meta property=\"article:modified_time\" content=\"2020-11-13T10:19:07+00:00\" \/>\n<meta name=\"twitter:card\" content=\"summary_large_image\" \/>\n<meta name=\"twitter:label1\" content=\"Written by\">\n\t<meta name=\"twitter:data1\" content=\"irisinteractive\">\n\t<meta name=\"twitter:label2\" content=\"Est. reading time\">\n\t<meta name=\"twitter:data2\" content=\"3 minutes\">\n<script type=\"application\/ld+json\" class=\"yoast-schema-graph\">{\"@context\":\"https:\/\/schema.org\",\"@graph\":[{\"@type\":\"WebSite\",\"@id\":\"https:\/\/destination.parc-oise-paysdefrance.fr\/en\/#website\",\"url\":\"https:\/\/destination.parc-oise-paysdefrance.fr\/en\/\",\"name\":\"Destination Parc Oise Pays de France\",\"description\":\"A territory of nature\/culture to discover. Castles, parks and gardens, hiking trails, ideas for outings ...\",\"potentialAction\":[{\"@type\":\"SearchAction\",\"target\":\"https:\/\/destination.parc-oise-paysdefrance.fr\/en\/?s={search_term_string}\",\"query-input\":\"required name=search_term_string\"}],\"inLanguage\":\"en-GB\"},{\"@type\":\"WebPage\",\"@id\":\"https:\/\/destination.parc-oise-paysdefrance.fr\/en\/legal-notices\/#webpage\",\"url\":\"https:\/\/destination.parc-oise-paysdefrance.fr\/en\/legal-notices\/\",\"name\":\"Legal Notices - Destination Parc Oise Pays de France\",\"isPartOf\":{\"@id\":\"https:\/\/destination.parc-oise-paysdefrance.fr\/en\/#website\"},\"datePublished\":\"2020-04-15T15:25:25+00:00\",\"dateModified\":\"2020-11-13T10:19:07+00:00\",\"description\":\"Website design IRIS Interactive, \\u00ab Cr\\u00e9ateur d\\u2019empreintes digitales \\u00bb 3 Avenue d'Aiguilhe 43000 Le Puy en Velay T\\u00e9l. : 04 71 04 93 01 Le Bivouac 59 Bd L\\u00e9on\",\"breadcrumb\":{\"@id\":\"https:\/\/destination.parc-oise-paysdefrance.fr\/en\/legal-notices\/#breadcrumb\"},\"inLanguage\":\"en-GB\",\"potentialAction\":[{\"@type\":\"ReadAction\",\"target\":[\"https:\/\/destination.parc-oise-paysdefrance.fr\/en\/legal-notices\/\"]}]},{\"@type\":\"BreadcrumbList\",\"@id\":\"https:\/\/destination.parc-oise-paysdefrance.fr\/en\/legal-notices\/#breadcrumb\",\"itemListElement\":[{\"@type\":\"ListItem\",\"position\":1,\"item\":{\"@type\":\"WebPage\",\"@id\":\"https:\/\/destination.parc-oise-paysdefrance.fr\/en\/\",\"url\":\"https:\/\/destination.parc-oise-paysdefrance.fr\/en\/\",\"name\":\"Home\"}},{\"@type\":\"ListItem\",\"position\":2,\"item\":{\"@type\":\"WebPage\",\"@id\":\"https:\/\/destination.parc-oise-paysdefrance.fr\/en\/legal-notices\/\",\"url\":\"https:\/\/destination.parc-oise-paysdefrance.fr\/en\/legal-notices\/\",\"name\":\"Legal Notices\"}}]}]}<\/script>\n<!-- \/ Yoast SEO plugin. -->","_links":{"self":[{"href":"https:\/\/destination.parc-oise-paysdefrance.fr\/en\/wp-json\/wp\/v2\/pages\/50"}],"collection":[{"href":"https:\/\/destination.parc-oise-paysdefrance.fr\/en\/wp-json\/wp\/v2\/pages"}],"about":[{"href":"https:\/\/destination.parc-oise-paysdefrance.fr\/en\/wp-json\/wp\/v2\/types\/page"}],"author":[{"embeddable":true,"href":"https:\/\/destination.parc-oise-paysdefrance.fr\/en\/wp-json\/wp\/v2\/users\/1"}],"replies":[{"embeddable":true,"href":"https:\/\/destination.parc-oise-paysdefrance.fr\/en\/wp-json\/wp\/v2\/comments?post=50"}],"version-history":[{"count":2,"href":"https:\/\/destination.parc-oise-paysdefrance.fr\/en\/wp-json\/wp\/v2\/pages\/50\/revisions"}],"predecessor-version":[{"id":2332,"href":"https:\/\/destination.parc-oise-paysdefrance.fr\/en\/wp-json\/wp\/v2\/pages\/50\/revisions\/2332"}],"wp:attachment":[{"href":"https:\/\/destination.parc-oise-paysdefrance.fr\/en\/wp-json\/wp\/v2\/media?parent=50"}],"curies":[{"name":"wp","href":"https:\/\/api.w.org\/{rel}","templated":true}]}}