{"id":56,"date":"2020-04-15T17:25:32","date_gmt":"2020-04-15T15:25:32","guid":{"rendered":"https:\/\/destination.parc-oise-paysdefrance.fr\/uk\/confidentialites\/"},"modified":"2020-11-13T11:30:33","modified_gmt":"2020-11-13T10:30:33","slug":"privacy","status":"publish","type":"page","link":"https:\/\/destination.parc-oise-paysdefrance.fr\/en\/privacy\/","title":{"rendered":"Privacy"},"content":{"rendered":"\n<p class=\"is-style-excerpt\"><strong>Use of cookies on this website :<\/strong><br>The website uses cookies to collect statistical data on our audience in order to improve the quality and ergonomics of our website. The measurements are carried out in a completely anonymous way. Cookies are not kept beyond 13 months.<br><\/p>\n\n\n\n<p class=\"is-style-excerpt\"><strong>Definition of a cookie :<\/strong><br>A cookie is a small file that contains information about the navigation on the pages of a website (and keeps track of your current and previous visits). It is stored by your browser on your first visit to facilitate your subsequent use of this site. Cookies are not active files, and therefore cannot host viruses.<\/p>\n\n\n\n<p class=\"is-style-excerpt\"><strong>To disable the use of cookies through your browser:<\/strong><br>Your browser can be set to notify you of Cookies deposited in your terminal and ask you to accept them or not (on a case-by-case basis or in full). To find out how to do this, consult the sites according to your browser type.<br>In accordance with Articles 15 to 22 of Regulation 2016\/679 of the European Parliament and of the Council of 27 April 2016, you have the right to access, modify, rectify and delete data concerning you.<br>To exercise this right, please contact:<\/p>\n\n\n\n<p>Parc naturel r\u00e9gional Oise-pays de France<br>Ch\u00e2teau de la Borne Blanche<br>48 rue d&#8217;H\u00e9rivaux<br>BP 6<br>60560 Orry-la-Ville<br>T\u00e9l\u00e9phone: 33 (0)3 44 63 65 65<br>Fax: 33 (0)3 44 63 65 60<br><a href=\"mailto:contact@parc-oise-paysdefrance.fr\">contact@parc-oise-paysdefrance.fr<\/a><br>Opening hours:<br>Monday to Thursday: 8:30 a.m. &#8211; 12:30 p.m. and 1:30 p.m. &#8211; 6 p.m., Friday 8:30 a.m. &#8211; 12:30 p.m. and 1:30 p.m. &#8211; 5 p.m.&nbsp;<\/p>\n","protected":false},"excerpt":{"rendered":"<p>Use of cookies on this website :The website uses cookies to collect statistical data on our audience in order to improve the quality and ergonomics of our website. The measurements are carried out in a completely anonymous way. Cookies are not kept beyond 13 months. Definition of a cookie :A cookie is a small file [&hellip;]<\/p>\n","protected":false},"author":2,"featured_media":0,"parent":0,"menu_order":990,"comment_status":"closed","ping_status":"closed","template":"","meta":{"_relevanssi_hide_post":"","_relevanssi_pin_for_all":"","_relevanssi_pin_keywords":"","_relevanssi_unpin_keywords":"","_relevanssi_related_keywords":"","_relevanssi_related_include_ids":"","_relevanssi_related_exclude_ids":"","_relevanssi_related_no_append":"","_relevanssi_related_not_related":"","_relevanssi_related_posts":"","_relevanssi_noindex_reason":""},"yoast_head":"<!-- This site is optimized with the Yoast SEO plugin v15.3 - https:\/\/yoast.com\/wordpress\/plugins\/seo\/ -->\n<meta name=\"description\" content=\"Use of cookies on this website :The website uses cookies to collect statistical data on our audience in order to improve the quality and ergonomics of our\" \/>\n<meta name=\"robots\" content=\"index, follow, max-snippet:-1, max-image-preview:large, max-video-preview:-1\" \/>\n<link rel=\"canonical\" href=\"https:\/\/destination.parc-oise-paysdefrance.fr\/en\/privacy\/\" \/>\n<meta property=\"og:locale\" content=\"en_GB\" \/>\n<meta property=\"og:type\" content=\"article\" \/>\n<meta property=\"og:title\" content=\"Privacy - Destination Parc Oise Pays de France\" \/>\n<meta property=\"og:description\" content=\"Use of cookies on this website :The website uses cookies to collect statistical data on our audience in order to improve the quality and ergonomics of our\" \/>\n<meta property=\"og:url\" content=\"https:\/\/destination.parc-oise-paysdefrance.fr\/en\/privacy\/\" \/>\n<meta property=\"og:site_name\" content=\"Destination Parc Oise Pays de France\" \/>\n<meta property=\"article:publisher\" content=\"https:\/\/www.facebook.com\/PNR.OPDF\/?ref=br_rs\" \/>\n<meta property=\"article:modified_time\" content=\"2020-11-13T10:30:33+00:00\" \/>\n<meta name=\"twitter:card\" content=\"summary_large_image\" \/>\n<meta name=\"twitter:label1\" content=\"Written by\">\n\t<meta name=\"twitter:data1\" content=\"brigitte\">\n\t<meta name=\"twitter:label2\" content=\"Est. reading time\">\n\t<meta name=\"twitter:data2\" content=\"1 minute\">\n<script type=\"application\/ld+json\" class=\"yoast-schema-graph\">{\"@context\":\"https:\/\/schema.org\",\"@graph\":[{\"@type\":\"WebSite\",\"@id\":\"https:\/\/destination.parc-oise-paysdefrance.fr\/en\/#website\",\"url\":\"https:\/\/destination.parc-oise-paysdefrance.fr\/en\/\",\"name\":\"Destination Parc Oise Pays de France\",\"description\":\"A territory of nature\/culture to discover. Castles, parks and gardens, hiking trails, ideas for outings ...\",\"potentialAction\":[{\"@type\":\"SearchAction\",\"target\":\"https:\/\/destination.parc-oise-paysdefrance.fr\/en\/?s={search_term_string}\",\"query-input\":\"required name=search_term_string\"}],\"inLanguage\":\"en-GB\"},{\"@type\":\"WebPage\",\"@id\":\"https:\/\/destination.parc-oise-paysdefrance.fr\/en\/privacy\/#webpage\",\"url\":\"https:\/\/destination.parc-oise-paysdefrance.fr\/en\/privacy\/\",\"name\":\"Privacy - Destination Parc Oise Pays de France\",\"isPartOf\":{\"@id\":\"https:\/\/destination.parc-oise-paysdefrance.fr\/en\/#website\"},\"datePublished\":\"2020-04-15T15:25:32+00:00\",\"dateModified\":\"2020-11-13T10:30:33+00:00\",\"description\":\"Use of cookies on this website :The website uses cookies to collect statistical data on our audience in order to improve the quality and ergonomics of our\",\"breadcrumb\":{\"@id\":\"https:\/\/destination.parc-oise-paysdefrance.fr\/en\/privacy\/#breadcrumb\"},\"inLanguage\":\"en-GB\",\"potentialAction\":[{\"@type\":\"ReadAction\",\"target\":[\"https:\/\/destination.parc-oise-paysdefrance.fr\/en\/privacy\/\"]}]},{\"@type\":\"BreadcrumbList\",\"@id\":\"https:\/\/destination.parc-oise-paysdefrance.fr\/en\/privacy\/#breadcrumb\",\"itemListElement\":[{\"@type\":\"ListItem\",\"position\":1,\"item\":{\"@type\":\"WebPage\",\"@id\":\"https:\/\/destination.parc-oise-paysdefrance.fr\/en\/\",\"url\":\"https:\/\/destination.parc-oise-paysdefrance.fr\/en\/\",\"name\":\"Home\"}},{\"@type\":\"ListItem\",\"position\":2,\"item\":{\"@type\":\"WebPage\",\"@id\":\"https:\/\/destination.parc-oise-paysdefrance.fr\/en\/privacy\/\",\"url\":\"https:\/\/destination.parc-oise-paysdefrance.fr\/en\/privacy\/\",\"name\":\"Privacy\"}}]}]}<\/script>\n<!-- \/ Yoast SEO plugin. -->","_links":{"self":[{"href":"https:\/\/destination.parc-oise-paysdefrance.fr\/en\/wp-json\/wp\/v2\/pages\/56"}],"collection":[{"href":"https:\/\/destination.parc-oise-paysdefrance.fr\/en\/wp-json\/wp\/v2\/pages"}],"about":[{"href":"https:\/\/destination.parc-oise-paysdefrance.fr\/en\/wp-json\/wp\/v2\/types\/page"}],"author":[{"embeddable":true,"href":"https:\/\/destination.parc-oise-paysdefrance.fr\/en\/wp-json\/wp\/v2\/users\/2"}],"replies":[{"embeddable":true,"href":"https:\/\/destination.parc-oise-paysdefrance.fr\/en\/wp-json\/wp\/v2\/comments?post=56"}],"version-history":[{"count":2,"href":"https:\/\/destination.parc-oise-paysdefrance.fr\/en\/wp-json\/wp\/v2\/pages\/56\/revisions"}],"predecessor-version":[{"id":2333,"href":"https:\/\/destination.parc-oise-paysdefrance.fr\/en\/wp-json\/wp\/v2\/pages\/56\/revisions\/2333"}],"wp:attachment":[{"href":"https:\/\/destination.parc-oise-paysdefrance.fr\/en\/wp-json\/wp\/v2\/media?parent=56"}],"curies":[{"name":"wp","href":"https:\/\/api.w.org\/{rel}","templated":true}]}}